{"id":34152,"date":"2025-02-20T22:35:53","date_gmt":"2025-02-20T22:35:53","guid":{"rendered":"http:\/\/olemosaic.com\/producto\/funda-de-telefono-para-xiaomi-rmnote-12-tpu-gato-barcelona-negro\/"},"modified":"2025-07-25T19:23:55","modified_gmt":"2025-07-25T17:23:55","slug":"coque-de-telephone-pour-xiaomi-rmnote-12-tpu-chat-barcelone-noir","status":"publish","type":"product","link":"https:\/\/olemosaic.com\/fr\/produit\/coque-de-telephone-pour-xiaomi-rmnote-12-tpu-chat-barcelone-noir\/","title":{"rendered":"Coque de t\u00e9l\u00e9phone pour Xiaomi RMNote 12 (TPU). Chat. Barcelone. Noir"},"content":{"rendered":"<p>Coque pour Xiaomi RMNote 12 avec un design vibrant d&rsquo;un chat d\u00e9cor\u00e9 de mosa\u00efques et de papillons color\u00e9s, inspir\u00e9 par la cr\u00e9ativit\u00e9 barcelonaise. Cette coque, fabriqu\u00e9e en TPU flexible et r\u00e9sistant, combine fonctionnalit\u00e9 et style, assurant la protection de votre appareil tout en ajoutant une touche artistique unique. Le fond noir fait ressortir l&rsquo;illustration d&rsquo;un charmant chat, dont les formes triangulaires et les couleurs \u00e9clatantes \u00e9voquent le c\u00e9l\u00e8bre style de mosa\u00efque de la ville, soulignant son riche h\u00e9ritage culturel et artistique. La sc\u00e8ne est compl\u00e9t\u00e9e par des papillons aux couleurs vives qui semblent prendre vie, symbolisant la libert\u00e9 et la beaut\u00e9 de la nature, des caract\u00e9ristiques tr\u00e8s pr\u00e9sentes dans les espaces publics de Barcelone.<\/p>\n<p>Ce produit offre non seulement une excellente protection pour le t\u00e9l\u00e9phone, mais devient \u00e9galement un v\u00e9ritable souvenir de la ville embl\u00e9matique, parfait pour ceux qui recherchent un souvenir alliant praticit\u00e9 et design attrayant. Chez Ol\u00e9 Mosaic, nous nous sp\u00e9cialisons dans la distribution de souvenirs en gros, et cette coque de t\u00e9l\u00e9phone se pr\u00e9sente comme une option id\u00e9ale pour les boutiques de cadeaux touristiques, gr\u00e2ce \u00e0 son authenticit\u00e9 et sa connexion culturelle. Un excellent cadeau pour les touristes qui souhaitent emporter un morceau de Barcelone chez eux, mettant en avant la richesse artistique et l&rsquo;originalit\u00e9 de la ville.<\/p>\n","protected":false},"excerpt":{"rendered":"<p>Coque de t\u00e9l\u00e9phone pour Xiaomi Redmi Note 12, fabriqu\u00e9e en TPU, avec un design vibrant d&rsquo;un chat d\u00e9cor\u00e9 de mosa\u00efques et de papillons color\u00e9s. Mettant en avant la c\u00e9l\u00e8bre ville de Barcelone, cet accessoire pr\u00e9sente un fond noir qui fait ressortir l&rsquo;art aux couleurs \u00e9clatantes, cr\u00e9ant un effet visuel attrayant. L&rsquo;illustration capture l&rsquo;essence cr\u00e9ative de la ville, id\u00e9ale pour ceux qui recherchent une touche artistique et unique pour leurs appareils.<\/p>\n","protected":false},"featured_media":12706,"template":"","meta":{"_acf_changed":false},"product_brand":[],"product_cat":[674],"product_tag":[530],"class_list":{"0":"post-34152","1":"product","2":"type-product","3":"status-publish","4":"has-post-thumbnail","6":"product_cat-etuis-pour-telephones-portables","7":"product_tag-animaux","8":"pa_ciudad-barcelona","9":"pa_motivo-chats","10":"pa_pais-espana","12":"first","13":"instock","14":"shipping-taxable","15":"product-type-simple"},"acf":[],"_links":{"self":[{"href":"https:\/\/olemosaic.com\/fr\/wp-json\/wp\/v2\/product\/34152","targetHints":{"allow":["GET"]}}],"collection":[{"href":"https:\/\/olemosaic.com\/fr\/wp-json\/wp\/v2\/product"}],"about":[{"href":"https:\/\/olemosaic.com\/fr\/wp-json\/wp\/v2\/types\/product"}],"wp:featuredmedia":[{"embeddable":true,"href":"https:\/\/olemosaic.com\/fr\/wp-json\/wp\/v2\/media\/12706"}],"wp:attachment":[{"href":"https:\/\/olemosaic.com\/fr\/wp-json\/wp\/v2\/media?parent=34152"}],"wp:term":[{"taxonomy":"product_brand","embeddable":true,"href":"https:\/\/olemosaic.com\/fr\/wp-json\/wp\/v2\/product_brand?post=34152"},{"taxonomy":"product_cat","embeddable":true,"href":"https:\/\/olemosaic.com\/fr\/wp-json\/wp\/v2\/product_cat?post=34152"},{"taxonomy":"product_tag","embeddable":true,"href":"https:\/\/olemosaic.com\/fr\/wp-json\/wp\/v2\/product_tag?post=34152"}],"curies":[{"name":"wp","href":"https:\/\/api.w.org\/{rel}","templated":true}]}}