{"id":34146,"date":"2025-02-20T22:35:52","date_gmt":"2025-02-20T22:35:52","guid":{"rendered":"http:\/\/olemosaic.com\/producto\/funda-de-telefono-para-xiaomi-rmnote-12-tpu-salamandra-barcelona-negro\/"},"modified":"2025-07-25T19:42:32","modified_gmt":"2025-07-25T17:42:32","slug":"coque-de-telephone-pour-xiaomi-rmnote-12-tpu-salamandre-barcelone-noir","status":"publish","type":"product","link":"https:\/\/olemosaic.com\/fr\/produit\/coque-de-telephone-pour-xiaomi-rmnote-12-tpu-salamandre-barcelone-noir\/","title":{"rendered":"Coque de t\u00e9l\u00e9phone pour Xiaomi RMNote 12 (TPU). Salamandre. Barcelone. Noir"},"content":{"rendered":"<p>Coque pour t\u00e9l\u00e9phone Xiaomi RMNote 12 avec un design vibrant de salamandres, un souvenir parfait de Barcelone. Cet accessoire, fabriqu\u00e9 en TPU de haute qualit\u00e9, prot\u00e8ge votre appareil de mani\u00e8re fiable tout en ajoutant une touche artistique et culturelle. Sur un \u00e9l\u00e9gant fond noir, les salamandres, soigneusement illustr\u00e9es dans des couleurs vives comme le bleu, le rouge et le vert, s&rsquo;entrelacent avec des d\u00e9tails floraux \u00e9voquant l&rsquo;ic\u00f4ne de la mosa\u00efque moderniste de la ville. Le mot \u00ab\u00a0Barcelona\u00a0\u00bb est \u00e9l\u00e9gamment imprim\u00e9 dans la partie inf\u00e9rieure, renfor\u00e7ant son lien culturel et la rendant id\u00e9ale pour ceux qui souhaitent emporter un souvenir tangible de l&rsquo;esth\u00e9tique vibrante catalane.<\/p>\n<p>Le design de la coque ne se concentre pas seulement sur la fonctionnalit\u00e9 ; c&rsquo;est aussi une pi\u00e8ce d&rsquo;art qui refl\u00e8te la riche tradition artistique de Barcelone, inspir\u00e9e par l&rsquo;\u0153uvre d&rsquo;Antoni Gaud\u00ed, o\u00f9 la nature s&rsquo;int\u00e8gre \u00e0 l&rsquo;architecture de fa\u00e7on unique. Cet accessoire est une excellente option pour les touristes cherchant \u00e0 emporter un fragment de cette ville iconique. Chez Ol\u00e9 Mosaic, nous nous sp\u00e9cialisons dans la distribution de souvenirs en gros, et cette coque de t\u00e9l\u00e9phone se distingue non seulement par son originalit\u00e9, mais aussi par son authenticit\u00e9 en tant que souvenir typique de Barcelone, id\u00e9al pour les boutiques de cadeaux touristiques \u00e0 la recherche de produits cr\u00e9atifs et repr\u00e9sentatifs.<\/p>\n","protected":false},"excerpt":{"rendered":"<p>Coque de t\u00e9l\u00e9phone pour Xiaomi Redmi Note 12 fabriqu\u00e9e en TPU, avec un design vibrant de salamandres \u00e9voquant l&rsquo;esth\u00e9tique iconique de Barcelone. Cet accessoire noir pr\u00e9sente des salamandres aux couleurs vives et des d\u00e9tails floraux, rappelant la mosa\u00efque caract\u00e9ristique du modernisme catalan. Le mot \u00ab\u00a0Barcelona\u00a0\u00bb est \u00e9l\u00e9gamment imprim\u00e9, ajoutant une touche distinctive qui rehausse son attrait visuel et culturel, id\u00e9al pour ceux qui recherchent une combinaison de fonctionnalit\u00e9 et de style.<\/p>\n","protected":false},"featured_media":12705,"template":"","meta":{"_acf_changed":false},"product_brand":[],"product_cat":[674],"product_tag":[530],"class_list":{"0":"post-34146","1":"product","2":"type-product","3":"status-publish","4":"has-post-thumbnail","6":"product_cat-etuis-pour-telephones-portables","7":"product_tag-animaux","8":"pa_ciudad-barcelona","9":"pa_motivo-salamandres","10":"pa_pais-espana","12":"first","13":"instock","14":"shipping-taxable","15":"product-type-simple"},"acf":[],"_links":{"self":[{"href":"https:\/\/olemosaic.com\/fr\/wp-json\/wp\/v2\/product\/34146","targetHints":{"allow":["GET"]}}],"collection":[{"href":"https:\/\/olemosaic.com\/fr\/wp-json\/wp\/v2\/product"}],"about":[{"href":"https:\/\/olemosaic.com\/fr\/wp-json\/wp\/v2\/types\/product"}],"wp:featuredmedia":[{"embeddable":true,"href":"https:\/\/olemosaic.com\/fr\/wp-json\/wp\/v2\/media\/12705"}],"wp:attachment":[{"href":"https:\/\/olemosaic.com\/fr\/wp-json\/wp\/v2\/media?parent=34146"}],"wp:term":[{"taxonomy":"product_brand","embeddable":true,"href":"https:\/\/olemosaic.com\/fr\/wp-json\/wp\/v2\/product_brand?post=34146"},{"taxonomy":"product_cat","embeddable":true,"href":"https:\/\/olemosaic.com\/fr\/wp-json\/wp\/v2\/product_cat?post=34146"},{"taxonomy":"product_tag","embeddable":true,"href":"https:\/\/olemosaic.com\/fr\/wp-json\/wp\/v2\/product_tag?post=34146"}],"curies":[{"name":"wp","href":"https:\/\/api.w.org\/{rel}","templated":true}]}}