{"id":34145,"date":"2025-02-20T22:35:52","date_gmt":"2025-02-20T22:35:52","guid":{"rendered":"http:\/\/olemosaic.com\/producto\/funda-de-telefono-para-xiaomi-rmnote-12-tpu-mariposa-barcelona-blanco\/"},"modified":"2025-07-25T19:21:53","modified_gmt":"2025-07-25T17:21:53","slug":"coque-de-telephone-pour-xiaomi-rmnote-12-tpu-papillon-barcelone-blanc","status":"publish","type":"product","link":"https:\/\/olemosaic.com\/fr\/produit\/coque-de-telephone-pour-xiaomi-rmnote-12-tpu-papillon-barcelone-blanc\/","title":{"rendered":"Coque de t\u00e9l\u00e9phone pour Xiaomi RMNote 12 (TPU). Papillon. Barcelone. Blanc"},"content":{"rendered":"<p>Coque pour t\u00e9l\u00e9phone Xiaomi RMNote 12 avec un design vibrant de papillons, id\u00e9ale pour ceux qui veulent emporter un morceau de Barcelone dans leur quotidien. Cette coque blanche, fabriqu\u00e9e en TPU de haute qualit\u00e9, combat l&rsquo;usure quotidienne tout en ajoutant une touche artistique et color\u00e9e \u00e0 votre appareil mobile. Son design s&rsquo;inspire du c\u00e9l\u00e8bre trencad\u00eds de la ville, l&rsquo;un des sceaux distinctifs de l&rsquo;\u0153uvre de Gaud\u00ed, avec un fond rempli de couleurs \u00e9clatantes dans des tons bleus, rouges et jaunes. Les papillons, peints avec des nuances vives et des formes stylis\u00e9es, semblent prendre vie, symbolisant la joie et le printemps qui enveloppent la ville m\u00e9diterran\u00e9enne.<\/p>\n<p>Le nom \u00ab\u00a0Barcelona\u00a0\u00bb, mis en valeur par une \u00e9l\u00e9gante typographie manuscrite, souligne le caract\u00e8re culturel du souvenir, en faisant un rappel authentique qui \u00e9voque la magie de la ville. Cette coque ne fournit pas seulement une protection, elle est aussi une pi\u00e8ce d\u00e9corative qui rend hommage au patrimoine artistique et architectural de Barcelone. C&rsquo;est le souvenir parfait pour les touristes \u00e0 la recherche de produits uniques et repr\u00e9sentatifs. Chez Ol\u00e9 Mosaic, nous nous sp\u00e9cialisons dans la distribution en gros de souvenirs, offrant des articles qui capturent l&rsquo;essence de chaque coin d&rsquo;Espagne, et cette coque est une excellente option pour les boutiques de cadeaux touristiques souhaitant proposer des produits authentiques et de qualit\u00e9.<\/p>\n","protected":false},"excerpt":{"rendered":"<p>Coque de t\u00e9l\u00e9phone pour Xiaomi Redmi Note 12, fabriqu\u00e9e en TPU avec un design vibrant de papillons. Cette coque blanche pr\u00e9sente un fond imitant le trencad\u00eds, si caract\u00e9ristique de Barcelone, avec des couleurs \u00e9clatantes et des d\u00e9tails artistiques dans des tons bleus, rouges et jaunes. Les papillons, peints avec des couleurs vari\u00e9es et des formes stylis\u00e9es, ajoutent une touche joyeuse et distinctive, tandis que le texte \u00ab\u00a0Barcelona\u00a0\u00bb se d\u00e9tache dans un style manuscrit \u00e9l\u00e9gant, \u00e9voquant l&rsquo;essence culturelle de la ville.<\/p>\n","protected":false},"featured_media":12691,"template":"","meta":{"_acf_changed":false},"product_brand":[],"product_cat":[674],"product_tag":[530],"class_list":{"0":"post-34145","1":"product","2":"type-product","3":"status-publish","4":"has-post-thumbnail","6":"product_cat-etuis-pour-telephones-portables","7":"product_tag-animaux","8":"pa_ciudad-barcelona","9":"pa_motivo-papillons","10":"pa_pais-espana","12":"first","13":"instock","14":"shipping-taxable","15":"product-type-simple"},"acf":[],"_links":{"self":[{"href":"https:\/\/olemosaic.com\/fr\/wp-json\/wp\/v2\/product\/34145","targetHints":{"allow":["GET"]}}],"collection":[{"href":"https:\/\/olemosaic.com\/fr\/wp-json\/wp\/v2\/product"}],"about":[{"href":"https:\/\/olemosaic.com\/fr\/wp-json\/wp\/v2\/types\/product"}],"wp:featuredmedia":[{"embeddable":true,"href":"https:\/\/olemosaic.com\/fr\/wp-json\/wp\/v2\/media\/12691"}],"wp:attachment":[{"href":"https:\/\/olemosaic.com\/fr\/wp-json\/wp\/v2\/media?parent=34145"}],"wp:term":[{"taxonomy":"product_brand","embeddable":true,"href":"https:\/\/olemosaic.com\/fr\/wp-json\/wp\/v2\/product_brand?post=34145"},{"taxonomy":"product_cat","embeddable":true,"href":"https:\/\/olemosaic.com\/fr\/wp-json\/wp\/v2\/product_cat?post=34145"},{"taxonomy":"product_tag","embeddable":true,"href":"https:\/\/olemosaic.com\/fr\/wp-json\/wp\/v2\/product_tag?post=34145"}],"curies":[{"name":"wp","href":"https:\/\/api.w.org\/{rel}","templated":true}]}}