{"id":34144,"date":"2025-02-20T23:35:52","date_gmt":"2025-02-20T22:35:52","guid":{"rendered":"http:\/\/olemosaic.com\/producto\/funda-de-telefono-para-xiaomi-rmnote-12-tpu-panoramica-barcelona-azul-2\/"},"modified":"2025-07-25T19:46:30","modified_gmt":"2025-07-25T17:46:30","slug":"coque-de-telephone-pour-xiaomi-rmnote-12-tpu-panoramique-barcelone-bleu-2","status":"publish","type":"product","link":"https:\/\/olemosaic.com\/fr\/produit\/coque-de-telephone-pour-xiaomi-rmnote-12-tpu-panoramique-barcelone-bleu-2\/","title":{"rendered":"Coque de t\u00e9l\u00e9phone pour Xiaomi RMNote 12 (TPU). Panoramique. Sagrada Familia. Barcelone. Bleu"},"content":{"rendered":"<p>Coque pour t\u00e9l\u00e9phone Xiaomi RMNote 12 avec une magnifique vue panoramique de Barcelone qui capture l&rsquo;essence vibrante de cette ville embl\u00e9matique. Fabriqu\u00e9e en TPU de haute qualit\u00e9, cette coque offre une protection durable pour votre appareil, le prot\u00e9geant des chutes et des rayures. Le design met en avant la majestueuse Sagrada Familia, chef-d&rsquo;\u0153uvre architectural d&rsquo;Antoni Gaud\u00ed, glorifi\u00e9e dans des tons chauds qui \u00e9voquent le climat m\u00e9diterran\u00e9en. Autour d&rsquo;elle, des palmiers ajoutent une touche tropicale et un ciel bleu clair cr\u00e9e une atmosph\u00e8re relaxante et joyeuse rappelant les journ\u00e9es ensoleill\u00e9es sur la c\u00f4te catalane.<\/p>\n<p>Le nom \u00ab\u00a0Barcelona\u00a0\u00bb est inscrit en lettres color\u00e9es, ajoutant un \u00e9l\u00e9ment cr\u00e9atif et attrayant qui fait de cette coque non seulement un objet fonctionnel, mais aussi un symbole de fiert\u00e9 pour cette m\u00e9tropole vibrante. Ce produit n&rsquo;est pas seulement une excellente option pour ceux qui cherchent \u00e0 prot\u00e9ger leur t\u00e9l\u00e9phone, il agit \u00e9galement comme un authentique souvenir de Barcelone, parfait pour se rem\u00e9morer et partager la beaut\u00e9 de la ville. Chez Ol\u00e9 Mosaic, en tant que distributeurs de souvenirs de Barcelone en gros, nous proposons des articles authentiques qui c\u00e9l\u00e8brent la riche culture et la tradition artistique de l&rsquo;Espagne. Cette coque est un choix id\u00e9al pour les boutiques de cadeaux touristiques cherchant \u00e0 mettre en avant des produits alliant utilit\u00e9 et esth\u00e9tique culturelle.<\/p>\n","protected":false},"excerpt":{"rendered":"<p>Coque pour Xiaomi Redmi Note 12 fabriqu\u00e9e en TPU, d\u00e9cor\u00e9e d&rsquo;une vue panoramique vibrante de Barcelone. La coque montre la majestueuse Sagrada Familia dans des tons chauds, entour\u00e9e de palmiers et d&rsquo;un ciel bleu clair, \u00e9voquant l&rsquo;ambiance m\u00e9diterran\u00e9enne de la ville. Le design inclut le nom \u00ab\u00a0Barcelona\u00a0\u00bb en lettres color\u00e9es, ajoutant une touche artistique et attrayante. Id\u00e9al pour prot\u00e9ger votre appareil tout en affichant le charme de l&rsquo;une des villes les plus embl\u00e9matiques d&rsquo;Espagne.<\/p>\n","protected":false},"featured_media":12700,"template":"","meta":{"_acf_changed":false},"product_brand":[],"product_cat":[674],"product_tag":[],"class_list":{"0":"post-34144","1":"product","2":"type-product","3":"status-publish","4":"has-post-thumbnail","6":"product_cat-etuis-pour-telephones-portables","7":"pa_ciudad-barcelona","8":"pa_motivo-panoramas","9":"pa_pais-espana","11":"first","12":"instock","13":"shipping-taxable","14":"product-type-simple"},"acf":[],"_links":{"self":[{"href":"https:\/\/olemosaic.com\/fr\/wp-json\/wp\/v2\/product\/34144","targetHints":{"allow":["GET"]}}],"collection":[{"href":"https:\/\/olemosaic.com\/fr\/wp-json\/wp\/v2\/product"}],"about":[{"href":"https:\/\/olemosaic.com\/fr\/wp-json\/wp\/v2\/types\/product"}],"wp:featuredmedia":[{"embeddable":true,"href":"https:\/\/olemosaic.com\/fr\/wp-json\/wp\/v2\/media\/12700"}],"wp:attachment":[{"href":"https:\/\/olemosaic.com\/fr\/wp-json\/wp\/v2\/media?parent=34144"}],"wp:term":[{"taxonomy":"product_brand","embeddable":true,"href":"https:\/\/olemosaic.com\/fr\/wp-json\/wp\/v2\/product_brand?post=34144"},{"taxonomy":"product_cat","embeddable":true,"href":"https:\/\/olemosaic.com\/fr\/wp-json\/wp\/v2\/product_cat?post=34144"},{"taxonomy":"product_tag","embeddable":true,"href":"https:\/\/olemosaic.com\/fr\/wp-json\/wp\/v2\/product_tag?post=34144"}],"curies":[{"name":"wp","href":"https:\/\/api.w.org\/{rel}","templated":true}]}}