{"id":34143,"date":"2025-02-20T22:35:52","date_gmt":"2025-02-20T22:35:52","guid":{"rendered":"http:\/\/olemosaic.com\/producto\/funda-de-telefono-para-xiaomi-rmnote-12-tpu-sagrada-familia-barcelona-azul\/"},"modified":"2025-07-25T18:51:26","modified_gmt":"2025-07-25T16:51:26","slug":"coque-de-telephone-pour-xiaomi-rmnote-12-tpu-sagrada-familia-barcelone-bleu","status":"publish","type":"product","link":"https:\/\/olemosaic.com\/fr\/produit\/coque-de-telephone-pour-xiaomi-rmnote-12-tpu-sagrada-familia-barcelone-bleu\/","title":{"rendered":"Coque de t\u00e9l\u00e9phone pour Xiaomi RMNote 12 (TPU). Sagrada Familia. Barcelone. Bleu"},"content":{"rendered":"<p>Coque pour Xiaomi RMNote 12 avec une illustration exquise de la Sagrada Familia, une ic\u00f4ne architecturale de Barcelone. Cette coque, fabriqu\u00e9e en TPU, garantit une protection durable et l\u00e9g\u00e8re pour votre appareil, tout en embellissant son aspect avec un design vibrant qui capture l&rsquo;essence de ce monument majestueux. La Sagrada Familia se distingue par ses tours impressionnantes dans une palette de couleurs bleues et chaudes, \u00e9voquant la luminosit\u00e9 et l&rsquo;esprit artistique du chef-d&rsquo;\u0153uvre d&rsquo;Antoni Gaud\u00ed. Des \u00e9l\u00e9ments architecturaux uniques, tels que les formes curieuses des tours et les riches d\u00e9tails ornementaux, \u00e9mergent d&rsquo;un fond bleu rappelant le ciel de Barcelone, ajoutant de la profondeur et du caract\u00e8re au design. Le mot \u00ab\u00a0Barcelona\u00a0\u00bb est pr\u00e9sent\u00e9 dans un texte \u00e9l\u00e9gant, faisant de cette coque non seulement un accessoire pratique, mais aussi un souvenir distinctif de la capitale catalane, id\u00e9al pour ceux qui recherchent des souvenirs authentiques refl\u00e9tant l&rsquo;identit\u00e9 culturelle de la r\u00e9gion. Chez Ol\u00e9 Mosaic, nous sommes des distributeurs en gros de ce type de souvenirs qui rendent hommage au patrimoine espagnol, offrant des produits alliant fonctionnalit\u00e9 et art, parfaits pour les touristes en qu\u00eate de souvenirs uniques.<\/p>\n","protected":false},"excerpt":{"rendered":"<p>Coque pour Xiaomi Redmi Note 12 fabriqu\u00e9e en TPU, d\u00e9cor\u00e9e d&rsquo;une illustration vibrante de la Sagrada Familia de Barcelone. Ce design met en valeur les couleurs bleues et chaudes caract\u00e9ristiques du monument, soulignant ses tours impressionnantes et ses \u00e9l\u00e9ments architecturaux avec un style artistique. Le mot \u00ab\u00a0Barcelona\u00a0\u00bb appara\u00eet dans une typographie \u00e9l\u00e9gante, apportant une touche distinctive. Id\u00e9al pour ceux qui appr\u00e9cient la culture catalane et souhaitent prot\u00e9ger leur appareil avec style.<\/p>\n","protected":false},"featured_media":12699,"template":"","meta":{"_acf_changed":false},"product_brand":[],"product_cat":[674],"product_tag":[],"class_list":{"0":"post-34143","1":"product","2":"type-product","3":"status-publish","4":"has-post-thumbnail","6":"product_cat-etuis-pour-telephones-portables","7":"pa_ciudad-barcelona","8":"pa_motivo-sagrada-familia","9":"pa_pais-espana","11":"first","12":"instock","13":"shipping-taxable","14":"product-type-simple"},"acf":[],"_links":{"self":[{"href":"https:\/\/olemosaic.com\/fr\/wp-json\/wp\/v2\/product\/34143","targetHints":{"allow":["GET"]}}],"collection":[{"href":"https:\/\/olemosaic.com\/fr\/wp-json\/wp\/v2\/product"}],"about":[{"href":"https:\/\/olemosaic.com\/fr\/wp-json\/wp\/v2\/types\/product"}],"wp:featuredmedia":[{"embeddable":true,"href":"https:\/\/olemosaic.com\/fr\/wp-json\/wp\/v2\/media\/12699"}],"wp:attachment":[{"href":"https:\/\/olemosaic.com\/fr\/wp-json\/wp\/v2\/media?parent=34143"}],"wp:term":[{"taxonomy":"product_brand","embeddable":true,"href":"https:\/\/olemosaic.com\/fr\/wp-json\/wp\/v2\/product_brand?post=34143"},{"taxonomy":"product_cat","embeddable":true,"href":"https:\/\/olemosaic.com\/fr\/wp-json\/wp\/v2\/product_cat?post=34143"},{"taxonomy":"product_tag","embeddable":true,"href":"https:\/\/olemosaic.com\/fr\/wp-json\/wp\/v2\/product_tag?post=34143"}],"curies":[{"name":"wp","href":"https:\/\/api.w.org\/{rel}","templated":true}]}}