{"id":34142,"date":"2025-02-20T22:35:52","date_gmt":"2025-02-20T22:35:52","guid":{"rendered":"http:\/\/olemosaic.com\/producto\/funda-de-telefono-para-xiaomi-rmnote-12-tpu-panoramica-barcelona-blanco\/"},"modified":"2025-07-25T19:53:23","modified_gmt":"2025-07-25T17:53:23","slug":"coque-de-telephone-pour-xiaomi-rmnote-12-tpu-panoramique-barcelone-blanc","status":"publish","type":"product","link":"https:\/\/olemosaic.com\/fr\/produit\/coque-de-telephone-pour-xiaomi-rmnote-12-tpu-panoramique-barcelone-blanc\/","title":{"rendered":"Coque de t\u00e9l\u00e9phone pour Xiaomi RMNote 12 (TPU). Panoramique. Barcelone. Blanc"},"content":{"rendered":"<p>Coque pour Xiaomi Redmi Note 12 avec un design panoramique de Barcelone. Cette coque exceptionnelle en TPU allie protection et style, pr\u00e9sentant une repr\u00e9sentation color\u00e9e de l&#8217;embl\u00e9matique Sagrada Familia ainsi que d&rsquo;autres ic\u00f4nes architecturales qui font de Barcelone une ville unique. Les couleurs vives du design, avec des tons intenses de rouge, jaune, vert et bleu, \u00e9voquent le c\u00e9l\u00e8bre style trencad\u00eds, caract\u00e9ristique de l&rsquo;\u0153uvre d&rsquo;Antoni Gaud\u00ed, reconnu pour son utilisation innovante de fragments de c\u00e9ramique pour cr\u00e9er des mosa\u00efques vibrantes.<\/p>\n<p>La base blanche de la coque fait ressortir les nuances de la mosa\u00efque, lui conf\u00e9rant un aspect frais et moderne, id\u00e9al pour ceux qui souhaitent prot\u00e9ger leur appareil sans sacrifier le style. L&rsquo;inscription \u00ab\u00a0Barcelona\u00a0\u00bb, avec un design \u00e9l\u00e9gant et contemporain, souligne encore davantage le lien avec cette ville merveilleuse, en faisant un souvenir parfait.<\/p>\n<p>Cet article ne prot\u00e8ge pas seulement votre t\u00e9l\u00e9phone, il constitue \u00e9galement un souvenir repr\u00e9sentatif de la richesse culturelle de Barcelone, id\u00e9al pour les touristes cherchant \u00e0 emporter un petit morceau de cette m\u00e9tropole vibrante. Chez Ol\u00e9 Mosaic, sp\u00e9cialis\u00e9 dans la distribution de souvenirs en gros, nous proposons cette coque comme une excellente option pour les boutiques de cadeaux touristiques \u00e0 la recherche de produits authentiques et de qualit\u00e9. Un cadeau id\u00e9al qui capture le meilleur de l&rsquo;architecture et de la culture catalane.<\/p>\n","protected":false},"excerpt":{"rendered":"<p>Coque pour Xiaomi Redmi Note 12 fabriqu\u00e9e en TPU, avec une vue panoramique vibrante de Barcelone. Ce design pr\u00e9sente une repr\u00e9sentation color\u00e9e de la c\u00e9l\u00e8bre Sagrada Familia et d&rsquo;autres ic\u00f4nes architecturales de la ville, avec des motifs \u00e9voquant le style trencad\u00eds. La base blanche fait ressortir les couleurs vives de la mosa\u00efque, incluant des tons rouges, jaunes, verts et bleus, compl\u00e9t\u00e9s par l&rsquo;inscription \u00ab\u00a0Barcelona\u00a0\u00bb qui se distingue par un design \u00e9l\u00e9gant. Parfaite pour prot\u00e9ger votre appareil tout en affichant votre amour pour cette ville embl\u00e9matique.<\/p>\n","protected":false},"featured_media":12693,"template":"","meta":{"_acf_changed":false},"product_brand":[],"product_cat":[674],"product_tag":[],"class_list":{"0":"post-34142","1":"product","2":"type-product","3":"status-publish","4":"has-post-thumbnail","6":"product_cat-etuis-pour-telephones-portables","7":"pa_ciudad-barcelona","8":"pa_motivo-panoramas","9":"pa_pais-espana","11":"first","12":"instock","13":"shipping-taxable","14":"product-type-simple"},"acf":[],"_links":{"self":[{"href":"https:\/\/olemosaic.com\/fr\/wp-json\/wp\/v2\/product\/34142","targetHints":{"allow":["GET"]}}],"collection":[{"href":"https:\/\/olemosaic.com\/fr\/wp-json\/wp\/v2\/product"}],"about":[{"href":"https:\/\/olemosaic.com\/fr\/wp-json\/wp\/v2\/types\/product"}],"wp:featuredmedia":[{"embeddable":true,"href":"https:\/\/olemosaic.com\/fr\/wp-json\/wp\/v2\/media\/12693"}],"wp:attachment":[{"href":"https:\/\/olemosaic.com\/fr\/wp-json\/wp\/v2\/media?parent=34142"}],"wp:term":[{"taxonomy":"product_brand","embeddable":true,"href":"https:\/\/olemosaic.com\/fr\/wp-json\/wp\/v2\/product_brand?post=34142"},{"taxonomy":"product_cat","embeddable":true,"href":"https:\/\/olemosaic.com\/fr\/wp-json\/wp\/v2\/product_cat?post=34142"},{"taxonomy":"product_tag","embeddable":true,"href":"https:\/\/olemosaic.com\/fr\/wp-json\/wp\/v2\/product_tag?post=34142"}],"curies":[{"name":"wp","href":"https:\/\/api.w.org\/{rel}","templated":true}]}}