{"id":34131,"date":"2025-02-20T22:35:52","date_gmt":"2025-02-20T22:35:52","guid":{"rendered":"http:\/\/olemosaic.com\/producto\/funda-de-telefono-para-xiaomi-rmnote-12-tpu-mosaico-azul\/"},"modified":"2025-07-25T20:20:53","modified_gmt":"2025-07-25T18:20:53","slug":"coque-de-telephone-pour-xiaomi-rmnote-12-tpu-mosaique-bleu","status":"publish","type":"product","link":"https:\/\/olemosaic.com\/fr\/produit\/coque-de-telephone-pour-xiaomi-rmnote-12-tpu-mosaique-bleu\/","title":{"rendered":"Coque de t\u00e9l\u00e9phone pour Xiaomi RMNote 12 (TPU). Mosa\u00efque. Bleu"},"content":{"rendered":"<p>Coque pour Xiaomi Redmi Note 12 avec un design de mosa\u00efque dans les tons bleus. Cette coque exclusive en TPU prot\u00e8ge non seulement votre appareil de mani\u00e8re optimale, mais arbore \u00e9galement un motif de mosa\u00efque vibrant qui \u00e9voque l&rsquo;architecture traditionnelle espagnole, connue pour ses carreaux complexes et ses d\u00e9tails color\u00e9s. La base bleu fonc\u00e9 est compl\u00e9t\u00e9e par un design de pi\u00e8ces irr\u00e9guli\u00e8res en blanc, cr\u00e9ant un contraste attrayant qui souligne l&rsquo;essence artistique de l&rsquo;art d\u00e9coratif espagnol. Son mat\u00e9riau flexible s&rsquo;adapte parfaitement au contour du Xiaomi Redmi Note 12, offrant une protection efficace contre les chocs et les chutes sans entraver l&rsquo;acc\u00e8s \u00e0 toutes les fonctions du t\u00e9l\u00e9phone.<\/p>\n<p>Ce souvenir n&rsquo;est pas seulement une coque, mais un symbole du riche h\u00e9ritage culturel de l&rsquo;Espagne, transportant un morceau de son histoire et de son style \u00e0 chaque utilisateur. Id\u00e9ale pour les touristes et les amoureux de la culture \u00e0 la recherche d&rsquo;un accessoire fonctionnel et esth\u00e9tique, cette coque est une excellente option pour les boutiques de cadeaux touristiques souhaitant proposer des produits authentiques qui inspirent la nostalgie et la connexion culturelle. Chez Ol\u00e9 Mosaic, en tant que grossistes d&rsquo;accessoires, nous garantissons la qualit\u00e9 et l&rsquo;originalit\u00e9 de chaque pi\u00e8ce, assurant que chaque coque de t\u00e9l\u00e9phone soit un souvenir repr\u00e9sentatif de la beaut\u00e9 et de la cr\u00e9ativit\u00e9 espagnole.<\/p>\n","protected":false},"excerpt":{"rendered":"<p>Coque pour t\u00e9l\u00e9phone Xiaomi RMNote 12 fabriqu\u00e9e en TPU et orn\u00e9e d&rsquo;un design vibrant de mosa\u00efque dans les tons bleus. Cette coque pr\u00e9sente un motif de pi\u00e8ces irr\u00e9guli\u00e8res en blanc qui \u00e9voquent l&rsquo;architecture traditionnelle espagnole, fusionnant style et protection. Son mat\u00e9riau flexible assure un ajustement parfait \u00e0 l&rsquo;appareil, tandis que le design attrayant ajoute une touche artistique qui c\u00e9l\u00e8bre le riche h\u00e9ritage culturel de l&rsquo;Espagne. Id\u00e9al pour ceux qui recherchent un accessoire fonctionnel et esth\u00e9tique.<\/p>\n","protected":false},"featured_media":12703,"template":"","meta":{"_acf_changed":false},"product_brand":[],"product_cat":[674],"product_tag":[],"class_list":{"0":"post-34131","1":"product","2":"type-product","3":"status-publish","4":"has-post-thumbnail","6":"product_cat-etuis-pour-telephones-portables","7":"pa_motivo-mosaique","9":"first","10":"instock","11":"shipping-taxable","12":"product-type-simple"},"acf":[],"_links":{"self":[{"href":"https:\/\/olemosaic.com\/fr\/wp-json\/wp\/v2\/product\/34131","targetHints":{"allow":["GET"]}}],"collection":[{"href":"https:\/\/olemosaic.com\/fr\/wp-json\/wp\/v2\/product"}],"about":[{"href":"https:\/\/olemosaic.com\/fr\/wp-json\/wp\/v2\/types\/product"}],"wp:featuredmedia":[{"embeddable":true,"href":"https:\/\/olemosaic.com\/fr\/wp-json\/wp\/v2\/media\/12703"}],"wp:attachment":[{"href":"https:\/\/olemosaic.com\/fr\/wp-json\/wp\/v2\/media?parent=34131"}],"wp:term":[{"taxonomy":"product_brand","embeddable":true,"href":"https:\/\/olemosaic.com\/fr\/wp-json\/wp\/v2\/product_brand?post=34131"},{"taxonomy":"product_cat","embeddable":true,"href":"https:\/\/olemosaic.com\/fr\/wp-json\/wp\/v2\/product_cat?post=34131"},{"taxonomy":"product_tag","embeddable":true,"href":"https:\/\/olemosaic.com\/fr\/wp-json\/wp\/v2\/product_tag?post=34131"}],"curies":[{"name":"wp","href":"https:\/\/api.w.org\/{rel}","templated":true}]}}