{"id":34130,"date":"2025-02-20T22:35:52","date_gmt":"2025-02-20T22:35:52","guid":{"rendered":"http:\/\/olemosaic.com\/producto\/funda-de-telefono-para-xiaomi-rmnote-12-tpu-mosaico-barcelona-blanco\/"},"modified":"2025-07-25T20:05:29","modified_gmt":"2025-07-25T18:05:29","slug":"coque-de-telephone-pour-xiaomi-rmnote-12-tpu-mosaique-barcelone-blanc","status":"publish","type":"product","link":"https:\/\/olemosaic.com\/fr\/produit\/coque-de-telephone-pour-xiaomi-rmnote-12-tpu-mosaique-barcelone-blanc\/","title":{"rendered":"Coque de t\u00e9l\u00e9phone pour Xiaomi RMNote 12 (TPU). Mosa\u00efque. Barcelone. Blanc"},"content":{"rendered":"<p>Coque pour t\u00e9l\u00e9phone Xiaomi Redmi Note 12 avec un design de mosa\u00efque de Barcelone, fabriqu\u00e9e en TPU, qui combine fonctionnalit\u00e9 et art en une seule pi\u00e8ce. Cette coque pr\u00e9sente une mosa\u00efque vibrante qui rend hommage \u00e0 la riche tradition architecturale de la ville, \u00e9voquant l&rsquo;essence du modernisme catalan. Avec une palette de couleurs vari\u00e9e comprenant des bleus intenses, des rouges chauds et des oranges vibrants, chaque motif g\u00e9om\u00e9trique et floral raconte une histoire visuelle qui refl\u00e8te le dynamisme de la culture barcelonaise. Le mot \u00ab\u00a0Barcelona\u00a0\u00bb est \u00e9l\u00e9gamment imprim\u00e9, ajoutant une touche distinctive qui souligne son origine.<\/p>\n<p>Le mat\u00e9riau TPU offre non seulement une excellente protection contre les chocs et les chutes, mais conserve \u00e9galement sa flexibilit\u00e9, garantissant un ajustement parfait \u00e0 l&rsquo;appareil. Cette coque est plus qu&rsquo;un simple accessoire ; c&rsquo;est un souvenir authentique de la capitale catalane, id\u00e9al pour les touristes \u00e0 la recherche d&rsquo;un souvenir repr\u00e9sentatif de leur visite.<\/p>\n<p>Chez Ol\u00e9 Mosaic, nous nous sp\u00e9cialisons dans la distribution de souvenirs en gros, offrant des produits authentiques qui capturent l&rsquo;essence des r\u00e9gions espagnoles. Ce produit est une excellente option pour les boutiques de cadeaux touristiques cherchant \u00e0 se d\u00e9marquer dans leur offre. Un incontournable pour ceux qui souhaitent emporter avec eux un morceau de la beaut\u00e9 architecturale de Barcelone.<\/p>\n","protected":false},"excerpt":{"rendered":"<p>Coque pour t\u00e9l\u00e9phone Xiaomi RMNote 12 fabriqu\u00e9e en TPU, d\u00e9cor\u00e9e d&rsquo;une mosa\u00efque vibrante inspir\u00e9e de la riche tradition architecturale de Barcelone. Ce design se distingue par sa palette de couleurs vari\u00e9e, incluant des bleus, des rouges et des oranges, dispos\u00e9s en motifs g\u00e9om\u00e9triques et floraux typiques du modernisme catalan. Avec le mot \u00ab\u00a0Barcelona\u00a0\u00bb imprim\u00e9 de mani\u00e8re \u00e9l\u00e9gante, cette coque prot\u00e8ge non seulement votre t\u00e9l\u00e9phone, mais lui ajoute \u00e9galement une touche artistique.<\/p>\n","protected":false},"featured_media":12694,"template":"","meta":{"_acf_changed":false},"product_brand":[],"product_cat":[674],"product_tag":[],"class_list":{"0":"post-34130","1":"product","2":"type-product","3":"status-publish","4":"has-post-thumbnail","6":"product_cat-etuis-pour-telephones-portables","7":"pa_ciudad-barcelona","8":"pa_motivo-mosaique","9":"pa_pais-espana","11":"first","12":"instock","13":"shipping-taxable","14":"product-type-simple"},"acf":[],"_links":{"self":[{"href":"https:\/\/olemosaic.com\/fr\/wp-json\/wp\/v2\/product\/34130","targetHints":{"allow":["GET"]}}],"collection":[{"href":"https:\/\/olemosaic.com\/fr\/wp-json\/wp\/v2\/product"}],"about":[{"href":"https:\/\/olemosaic.com\/fr\/wp-json\/wp\/v2\/types\/product"}],"wp:featuredmedia":[{"embeddable":true,"href":"https:\/\/olemosaic.com\/fr\/wp-json\/wp\/v2\/media\/12694"}],"wp:attachment":[{"href":"https:\/\/olemosaic.com\/fr\/wp-json\/wp\/v2\/media?parent=34130"}],"wp:term":[{"taxonomy":"product_brand","embeddable":true,"href":"https:\/\/olemosaic.com\/fr\/wp-json\/wp\/v2\/product_brand?post=34130"},{"taxonomy":"product_cat","embeddable":true,"href":"https:\/\/olemosaic.com\/fr\/wp-json\/wp\/v2\/product_cat?post=34130"},{"taxonomy":"product_tag","embeddable":true,"href":"https:\/\/olemosaic.com\/fr\/wp-json\/wp\/v2\/product_tag?post=34130"}],"curies":[{"name":"wp","href":"https:\/\/api.w.org\/{rel}","templated":true}]}}