{"id":34129,"date":"2025-02-20T22:35:51","date_gmt":"2025-02-20T22:35:51","guid":{"rendered":"http:\/\/olemosaic.com\/producto\/funda-de-telefono-para-xiaomi-rmnote-12-tpu-abstracto-verde\/"},"modified":"2025-07-25T18:54:04","modified_gmt":"2025-07-25T16:54:04","slug":"coque-de-telephone-pour-xiaomi-rmnote-12-tpu-abstrait-vert","status":"publish","type":"product","link":"https:\/\/olemosaic.com\/fr\/produit\/coque-de-telephone-pour-xiaomi-rmnote-12-tpu-abstrait-vert\/","title":{"rendered":"Coque de t\u00e9l\u00e9phone pour Xiaomi RMNote 12 (TPU). Abstrait. Vert"},"content":{"rendered":"<p>Coque pour Xiaomi Redmi Note 12 avec un design de mosa\u00efque abstraite. Cette coque \u00e9l\u00e9gante, fabriqu\u00e9e en TPU de haute qualit\u00e9, se distingue par son design abstrait vibrant qui rend hommage \u00e0 la riche tradition esth\u00e9tique de l&rsquo;art de la mosa\u00efque, un \u00e9l\u00e9ment embl\u00e9matique de l&rsquo;architecture espagnole. Elle pr\u00e9sente une combinaison harmonieuse de tons verts, bleus, oranges et jaunes, dispos\u00e9s dans des motifs g\u00e9om\u00e9triques captivants qui \u00e9voquent la diversit\u00e9 culturelle et visuelle du patrimoine espagnol. La disposition des couleurs et des formes rappelle les chefs-d&rsquo;\u0153uvre de mosa\u00efques de villes comme Barcelone et Valence, o\u00f9 la cr\u00e9ativit\u00e9 architecturale prend vie \u00e0 travers ces techniques artistiques.<\/p>\n<p>Sa finition lisse offre non seulement une esth\u00e9tique moderne, mais aussi une protection sup\u00e9rieure pour votre appareil, le pr\u00e9servant des chocs et des rayures. Cette coque n&rsquo;est pas seulement une option fonctionnelle pour ceux qui souhaitent maintenir leur smartphone en parfait \u00e9tat, mais elle agit \u00e9galement comme un souvenir contemporain qui connecte les utilisateurs \u00e0 la culture espagnole. Chez Ol\u00e9 Mosaic, nous sommes fiers de proposer des produits authentiques et repr\u00e9sentatifs qui capturent l&rsquo;essence de l&rsquo;Espagne, faisant de cette coque une id\u00e9e parfaite pour les touristes et les boutiques de cadeaux. Plongez dans la culture espagnole avec un d\u00e9tail qui allie art, fonctionnalit\u00e9 et authenticit\u00e9.<\/p>\n","protected":false},"excerpt":{"rendered":"<p>Coque de t\u00e9l\u00e9phone pour Xiaomi Redmi Note 12, fabriqu\u00e9e en TPU, avec un design abstrait inspir\u00e9 de l&rsquo;art de la mosa\u00efque. La coque pr\u00e9sente une combinaison color\u00e9e de tons verts, bleus, oranges et jaunes, formant des motifs g\u00e9om\u00e9triques \u00e9vocateurs de la richesse culturelle de l&rsquo;architecture espagnole. Sa finition lisse et r\u00e9sistante offre une protection optimale, tandis que son style artistique ajoute une touche distinctive et moderne \u00e0 votre appareil.<\/p>\n","protected":false},"featured_media":12696,"template":"","meta":{"_acf_changed":false},"product_brand":[],"product_cat":[674],"product_tag":[],"class_list":{"0":"post-34129","1":"product","2":"type-product","3":"status-publish","4":"has-post-thumbnail","6":"product_cat-etuis-pour-telephones-portables","7":"pa_motivo-resume","9":"first","10":"instock","11":"shipping-taxable","12":"product-type-simple"},"acf":[],"_links":{"self":[{"href":"https:\/\/olemosaic.com\/fr\/wp-json\/wp\/v2\/product\/34129","targetHints":{"allow":["GET"]}}],"collection":[{"href":"https:\/\/olemosaic.com\/fr\/wp-json\/wp\/v2\/product"}],"about":[{"href":"https:\/\/olemosaic.com\/fr\/wp-json\/wp\/v2\/types\/product"}],"wp:featuredmedia":[{"embeddable":true,"href":"https:\/\/olemosaic.com\/fr\/wp-json\/wp\/v2\/media\/12696"}],"wp:attachment":[{"href":"https:\/\/olemosaic.com\/fr\/wp-json\/wp\/v2\/media?parent=34129"}],"wp:term":[{"taxonomy":"product_brand","embeddable":true,"href":"https:\/\/olemosaic.com\/fr\/wp-json\/wp\/v2\/product_brand?post=34129"},{"taxonomy":"product_cat","embeddable":true,"href":"https:\/\/olemosaic.com\/fr\/wp-json\/wp\/v2\/product_cat?post=34129"},{"taxonomy":"product_tag","embeddable":true,"href":"https:\/\/olemosaic.com\/fr\/wp-json\/wp\/v2\/product_tag?post=34129"}],"curies":[{"name":"wp","href":"https:\/\/api.w.org\/{rel}","templated":true}]}}