{"id":34110,"date":"2025-02-20T22:35:51","date_gmt":"2025-02-20T22:35:51","guid":{"rendered":"http:\/\/olemosaic.com\/producto\/funda-de-telefono-para-xiaomi-13-tpu-panoramica-barcelona-blanco\/"},"modified":"2025-07-25T19:39:52","modified_gmt":"2025-07-25T17:39:52","slug":"coque-de-telephone-pour-xiaomi-13-tpu-panoramique-barcelone-blanc","status":"publish","type":"product","link":"https:\/\/olemosaic.com\/fr\/produit\/coque-de-telephone-pour-xiaomi-13-tpu-panoramique-barcelone-blanc\/","title":{"rendered":"Coque de t\u00e9l\u00e9phone pour Xiaomi 13 (TPU). Panoramique. Barcelone. Blanc"},"content":{"rendered":"<p>Coque pour Xiaomi 13 avec une vue panoramique vibrante de Barcelone. Cette coque \u00e9l\u00e9gante, fabriqu\u00e9e en TPU, un mat\u00e9riau hautement r\u00e9sistant, offre une excellente protection pour votre appareil. Son design se distingue par une illustration color\u00e9e qui capture l&rsquo;essence de certains des monuments les plus embl\u00e9matiques de la ville, tels que la majestueuse Sagrada Familia et le color\u00e9 Parc G\u00fcell, tous deux repr\u00e9sent\u00e9s avec un design captivant de mosa\u00efque dans des tons brillants. Le fond blanc ne rehausse pas seulement la beaut\u00e9 de ces lieux embl\u00e9matiques, mais offre \u00e9galement une finition propre et moderne, tandis que le texte \u00ab\u00a0Barcelone\u00a0\u00bb, dans un style attrayant, ajoute une touche distinctive \u00e0 cette pi\u00e8ce unique.<\/p>\n<p>Ce souvenir est parfait pour les touristes qui souhaitent emporter un souvenir authentique de leur visite \u00e0 Barcelone. La connexion culturelle de la coque avec l&rsquo;\u0153uvre d&rsquo;Antoni Gaud\u00ed est ind\u00e9niable, symbolisant le riche h\u00e9ritage architectural et artistique de la ville. Chez Ol\u00e9 Mosaic, nous nous sp\u00e9cialisons dans la distribution de souvenirs en gros, et cette coque de t\u00e9l\u00e9phone repr\u00e9sente une option exceptionnelle pour les boutiques de cadeaux touristiques qui recherchent des produits reliant les visiteurs \u00e0 la culture locale. Disposer de souvenirs de Barcelone de qualit\u00e9 est fondamental, et cette coque est un choix intelligent qui combine fonctionnalit\u00e9 et art, id\u00e9al pour tout amoureux de la cit\u00e9 comtale.<\/p>\n","protected":false},"excerpt":{"rendered":"<p>Coque pour Xiaomi 13 fabriqu\u00e9e en TPU, d\u00e9cor\u00e9e d&rsquo;une vue panoramique vibrante de Barcelone. Cet article pr\u00e9sente des \u00e9l\u00e9ments embl\u00e9matiques tels que la Sagrada Familia et le Parc G\u00fcell, repr\u00e9sent\u00e9s avec un design d\u00e9taill\u00e9 de mosa\u00efque aux couleurs \u00e9clatantes. L&rsquo;illustration comprend un fond blanc qui fait ressortir la beaut\u00e9 de ces monuments, et le texte \u00ab\u00a0Barcelone\u00a0\u00bb ajoute une touche distinctive. Id\u00e9al pour prot\u00e9ger votre appareil et c\u00e9l\u00e9brer l&rsquo;essence de cette ville embl\u00e9matique.<\/p>\n","protected":false},"featured_media":12673,"template":"","meta":{"_acf_changed":false},"product_brand":[],"product_cat":[674],"product_tag":[],"class_list":{"0":"post-34110","1":"product","2":"type-product","3":"status-publish","4":"has-post-thumbnail","6":"product_cat-etuis-pour-telephones-portables","7":"pa_ciudad-barcelona","8":"pa_motivo-panoramas","9":"pa_pais-espana","11":"first","12":"instock","13":"shipping-taxable","14":"product-type-simple"},"acf":[],"_links":{"self":[{"href":"https:\/\/olemosaic.com\/fr\/wp-json\/wp\/v2\/product\/34110","targetHints":{"allow":["GET"]}}],"collection":[{"href":"https:\/\/olemosaic.com\/fr\/wp-json\/wp\/v2\/product"}],"about":[{"href":"https:\/\/olemosaic.com\/fr\/wp-json\/wp\/v2\/types\/product"}],"wp:featuredmedia":[{"embeddable":true,"href":"https:\/\/olemosaic.com\/fr\/wp-json\/wp\/v2\/media\/12673"}],"wp:attachment":[{"href":"https:\/\/olemosaic.com\/fr\/wp-json\/wp\/v2\/media?parent=34110"}],"wp:term":[{"taxonomy":"product_brand","embeddable":true,"href":"https:\/\/olemosaic.com\/fr\/wp-json\/wp\/v2\/product_brand?post=34110"},{"taxonomy":"product_cat","embeddable":true,"href":"https:\/\/olemosaic.com\/fr\/wp-json\/wp\/v2\/product_cat?post=34110"},{"taxonomy":"product_tag","embeddable":true,"href":"https:\/\/olemosaic.com\/fr\/wp-json\/wp\/v2\/product_tag?post=34110"}],"curies":[{"name":"wp","href":"https:\/\/api.w.org\/{rel}","templated":true}]}}