{"id":34109,"date":"2025-02-20T22:35:50","date_gmt":"2025-02-20T22:35:50","guid":{"rendered":"http:\/\/olemosaic.com\/producto\/funda-de-telefono-para-xiaomi-13-tpu-mosaico-barcelona-blanco\/"},"modified":"2025-07-25T19:40:45","modified_gmt":"2025-07-25T17:40:45","slug":"coque-de-telephone-pour-xiaomi-13-tpu-mosaique-barcelone-blanc","status":"publish","type":"product","link":"https:\/\/olemosaic.com\/fr\/produit\/coque-de-telephone-pour-xiaomi-13-tpu-mosaique-barcelone-blanc\/","title":{"rendered":"Coque de t\u00e9l\u00e9phone pour Xiaomi 13 (TPU). Mosa\u00efque. Barcelone. Blanc"},"content":{"rendered":"<p>Coque pour Xiaomi 13 avec un design vibrant de mosa\u00efque inspir\u00e9 de la riche tradition artistique de Barcelone. Cette coque, fabriqu\u00e9e en TPU, ne prot\u00e8ge pas seulement votre appareil, mais ajoute \u00e9galement une touche distinctive avec son motif color\u00e9 qui \u00e9voque les c\u00e9l\u00e8bres azulejos de la ville. Sur un fond blanc qui fait ressortir ses couleurs vives, ce design pr\u00e9sente une fusion de motifs g\u00e9om\u00e9triques dans des tons bleus, rouges et oranges qui rappellent l&rsquo;h\u00e9ritage culturel catalan et l&rsquo;\u0153uvre du c\u00e9l\u00e8bre architecte Antoni Gaud\u00ed.<\/p>\n<p>Le mot \u00ab Barcelone \u00bb compl\u00e8te \u00e9l\u00e9gamment le motif, transformant cette coque en un authentique souvenir qui c\u00e9l\u00e8bre l&rsquo;essence de la ville et son art. La qualit\u00e9 du mat\u00e9riau TPU offre une excellente r\u00e9sistance aux impacts, assurant que votre t\u00e9l\u00e9phone soit toujours prot\u00e9g\u00e9 au quotidien.<\/p>\n<p>Ce produit est un excellent choix pour les touristes \u00e0 la recherche de souvenirs uniques et fonctionnels de Barcelone, ainsi que pour les boutiques de cadeaux touristiques int\u00e9ress\u00e9es par l&rsquo;offre de souvenirs authentiques qui mettent en valeur la culture locale. Chez Ol\u00e9 Mosaic, en tant que grossiste de coques, nous garantissons un design attrayant et pertinent, id\u00e9al pour attirer tout amateur de cette ville vibrante.<\/p>\n","protected":false},"excerpt":{"rendered":"<p>Coque pour Xiaomi 13 fabriqu\u00e9e en TPU, avec un design vibrant de mosa\u00efque inspir\u00e9 de la riche tradition artistique de Barcelone. Cet accessoire se distingue par ses couleurs vives et ses motifs g\u00e9om\u00e9triques qui \u00e9voquent les c\u00e9l\u00e8bres azulejos de la ville, sur un fond blanc qui rehausse sa beaut\u00e9 visuelle. Compl\u00e9t\u00e9e par le mot \u00ab Barcelone \u00bb, cette coque offre non seulement une protection, mais aussi une touche distinctive \u00e0 votre appareil. Id\u00e9al pour ceux qui recherchent une fusion de style et de fonctionnalit\u00e9.<\/p>\n","protected":false},"featured_media":12674,"template":"","meta":{"_acf_changed":false},"product_brand":[],"product_cat":[674],"product_tag":[],"class_list":{"0":"post-34109","1":"product","2":"type-product","3":"status-publish","4":"has-post-thumbnail","6":"product_cat-etuis-pour-telephones-portables","7":"pa_ciudad-barcelona","8":"pa_motivo-mosaique","9":"pa_pais-espana","11":"first","12":"instock","13":"shipping-taxable","14":"product-type-simple"},"acf":[],"_links":{"self":[{"href":"https:\/\/olemosaic.com\/fr\/wp-json\/wp\/v2\/product\/34109","targetHints":{"allow":["GET"]}}],"collection":[{"href":"https:\/\/olemosaic.com\/fr\/wp-json\/wp\/v2\/product"}],"about":[{"href":"https:\/\/olemosaic.com\/fr\/wp-json\/wp\/v2\/types\/product"}],"wp:featuredmedia":[{"embeddable":true,"href":"https:\/\/olemosaic.com\/fr\/wp-json\/wp\/v2\/media\/12674"}],"wp:attachment":[{"href":"https:\/\/olemosaic.com\/fr\/wp-json\/wp\/v2\/media?parent=34109"}],"wp:term":[{"taxonomy":"product_brand","embeddable":true,"href":"https:\/\/olemosaic.com\/fr\/wp-json\/wp\/v2\/product_brand?post=34109"},{"taxonomy":"product_cat","embeddable":true,"href":"https:\/\/olemosaic.com\/fr\/wp-json\/wp\/v2\/product_cat?post=34109"},{"taxonomy":"product_tag","embeddable":true,"href":"https:\/\/olemosaic.com\/fr\/wp-json\/wp\/v2\/product_tag?post=34109"}],"curies":[{"name":"wp","href":"https:\/\/api.w.org\/{rel}","templated":true}]}}