{"id":34107,"date":"2025-02-20T22:35:50","date_gmt":"2025-02-20T22:35:50","guid":{"rendered":"http:\/\/olemosaic.com\/producto\/funda-de-telefono-para-xiaomi-13-tpu-mosaico-azul\/"},"modified":"2025-07-25T19:54:42","modified_gmt":"2025-07-25T17:54:42","slug":"coque-de-telephone-pour-xiaomi-13-tpu-mosaique-bleu","status":"publish","type":"product","link":"https:\/\/olemosaic.com\/fr\/produit\/coque-de-telephone-pour-xiaomi-13-tpu-mosaique-bleu\/","title":{"rendered":"Coque de t\u00e9l\u00e9phone pour Xiaomi 13 (TPU). Mosa\u00efque. Bleu"},"content":{"rendered":"<p>Coque pour Xiaomi 13 avec design de mosa\u00efque bleue<\/p>\n<p>Cette coque pour Xiaomi 13 est un accessoire indispensable qui fusionne fonctionnalit\u00e9 et style, id\u00e9al pour ceux qui recherchent une touche artistique sur leur appareil. Fabriqu\u00e9e en TPU, un mat\u00e9riau flexible et r\u00e9sistant, elle offre une protection durable contre les chocs et les rayures, s&rsquo;adaptant parfaitement \u00e0 la forme du t\u00e9l\u00e9phone. Son design attrayant pr\u00e9sente un motif de mosa\u00efques dans des tons bleu profond, avec des fragments blancs qui \u00e9voquent la riche tradition de l&rsquo;azulejo espagnol. Cette technique artistique, profond\u00e9ment enracin\u00e9e dans la culture ib\u00e9rique, se refl\u00e8te dans chaque d\u00e9tail du design, apportant un air \u00e0 la fois authentique et moderne.<\/p>\n<p>Les mosa\u00efques, qui datent d&rsquo;\u00e9poques anciennes, d\u00e9corent de nombreuses fa\u00e7ades et espaces publics dans des villes comme S\u00e9ville et Grenade, ce qui fait de ce produit un excellent souvenir repr\u00e9sentatif de l&rsquo;h\u00e9ritage artistique espagnol. L&rsquo;harmonie des couleurs et la complexit\u00e9 du motif font de cette coque un accessoire qui non seulement prot\u00e8ge, mais transforme \u00e9galement le t\u00e9l\u00e9phone en une pi\u00e8ce d&rsquo;art portable. Chez Ol\u00e9 Mosaic, notre sp\u00e9cialit\u00e9 est la distribution de souvenirs authentiques en gros, et cette coque en mosa\u00efque bleue est id\u00e9ale pour les boutiques de cadeaux touristiques qui cherchent \u00e0 proposer des produits de qualit\u00e9 et de pertinence culturelle. Une option parfaite pour les touristes qui souhaitent ramener un morceau de la tradition espagnole \u00e0 la maison.<\/p>\n","protected":false},"excerpt":{"rendered":"<p>Coque pour Xiaomi 13 fabriqu\u00e9e en TPU, d\u00e9cor\u00e9e d&rsquo;un design attrayant de mosa\u00efque dans les tons bleus. Cet accessoire combine fonctionnalit\u00e9 et style, pr\u00e9sentant un motif de fragments blancs sur un fond bleu, qui \u00e9voque la riche tradition de l&rsquo;azulejo espagnol. Son mat\u00e9riau flexible offre une protection durable, s&rsquo;adaptant parfaitement \u00e0 la forme de l&rsquo;appareil, ce qui en fait une option id\u00e9ale pour ceux qui recherchent une touche artistique et moderne sur leur t\u00e9l\u00e9phone.<\/p>\n","protected":false},"featured_media":12683,"template":"","meta":{"_acf_changed":false},"product_brand":[],"product_cat":[674],"product_tag":[],"class_list":{"0":"post-34107","1":"product","2":"type-product","3":"status-publish","4":"has-post-thumbnail","6":"product_cat-etuis-pour-telephones-portables","7":"pa_motivo-mosaique","9":"first","10":"instock","11":"shipping-taxable","12":"product-type-simple"},"acf":[],"_links":{"self":[{"href":"https:\/\/olemosaic.com\/fr\/wp-json\/wp\/v2\/product\/34107","targetHints":{"allow":["GET"]}}],"collection":[{"href":"https:\/\/olemosaic.com\/fr\/wp-json\/wp\/v2\/product"}],"about":[{"href":"https:\/\/olemosaic.com\/fr\/wp-json\/wp\/v2\/types\/product"}],"wp:featuredmedia":[{"embeddable":true,"href":"https:\/\/olemosaic.com\/fr\/wp-json\/wp\/v2\/media\/12683"}],"wp:attachment":[{"href":"https:\/\/olemosaic.com\/fr\/wp-json\/wp\/v2\/media?parent=34107"}],"wp:term":[{"taxonomy":"product_brand","embeddable":true,"href":"https:\/\/olemosaic.com\/fr\/wp-json\/wp\/v2\/product_brand?post=34107"},{"taxonomy":"product_cat","embeddable":true,"href":"https:\/\/olemosaic.com\/fr\/wp-json\/wp\/v2\/product_cat?post=34107"},{"taxonomy":"product_tag","embeddable":true,"href":"https:\/\/olemosaic.com\/fr\/wp-json\/wp\/v2\/product_tag?post=34107"}],"curies":[{"name":"wp","href":"https:\/\/api.w.org\/{rel}","templated":true}]}}