{"id":34095,"date":"2025-02-20T22:35:50","date_gmt":"2025-02-20T22:35:50","guid":{"rendered":"http:\/\/olemosaic.com\/producto\/funda-de-telefono-para-xiaomi-13-tpu-gato-barcelona-negro\/"},"modified":"2025-07-25T19:37:56","modified_gmt":"2025-07-25T17:37:56","slug":"coque-de-telephone-pour-xiaomi-13-tpu-chat-barcelone-noir","status":"publish","type":"product","link":"https:\/\/olemosaic.com\/fr\/produit\/coque-de-telephone-pour-xiaomi-13-tpu-chat-barcelone-noir\/","title":{"rendered":"Coque de t\u00e9l\u00e9phone pour Xiaomi 13 (TPU). Chat. Barcelone. Noir"},"content":{"rendered":"<p>Coque pour Xiaomi 13<\/p>\n<p>Cette coque pour le Xiaomi 13 est une magnifique repr\u00e9sentation de l&rsquo;art vibrant de Barcelone, ville c\u00e9l\u00e8bre pour son riche h\u00e9ritage culturel et ses designs architecturaux color\u00e9s. Fabriqu\u00e9e en mat\u00e9riau TPU de haute qualit\u00e9, elle offre une excellente protection pour votre appareil sans compromettre le style. Le design met en avant un chat stylis\u00e9 dans une palette de couleurs resplendissantes, incluant des rouges, des jaunes, des verts et des bleus, qui \u00e9voquent les mosa\u00efques de l&rsquo;\u0153uvre de Gaud\u00ed, l&rsquo;un des embl\u00e8mes du modernisme catalan. Le fond noir fait briller encore plus le chat color\u00e9, tandis que les papillons multicolores qui l&rsquo;accompagnent apportent une touche de fra\u00eecheur et de vitalit\u00e9.<\/p>\n<p>Le nom \u00ab\u00a0Barcelone\u00a0\u00bb est \u00e9l\u00e9gamment imprim\u00e9 dans la partie inf\u00e9rieure, fusionnant fonctionnalit\u00e9 et esth\u00e9tique en un seul produit. Cette coque n&rsquo;est pas seulement un outil utile pour prot\u00e9ger votre t\u00e9l\u00e9phone, mais aussi un souvenir parfait pour ceux qui cherchent \u00e0 emporter avec eux un morceau de l&rsquo;essence artistique de la ville. Chez Ol\u00e9 Mosaic, nous nous sp\u00e9cialisons dans la distribution en gros de souvenirs authentiques et \u00e9l\u00e9gants. Cette coque est id\u00e9ale pour les boutiques de cadeaux touristiques qui souhaitent proposer des produits uniques et repr\u00e9sentatifs. Avec sa connexion culturelle et son design attrayant, elle devient une excellente option pour ceux qui veulent se souvenir de leur visite \u00e0 Barcelone de mani\u00e8re pratique et stylis\u00e9e.<\/p>\n","protected":false},"excerpt":{"rendered":"<p>Coque pour Xiaomi 13 fabriqu\u00e9e en TPU, d\u00e9cor\u00e9e d&rsquo;un design vibrant d&rsquo;un chat inspir\u00e9 par l&rsquo;art color\u00e9 de Barcelone. La coque pr\u00e9sente un fond noir qui fait ressortir les tons vifs rouges, jaunes, verts et bleus du chat, ainsi que des papillons multicolores qui apportent une touche de fra\u00eecheur et de joie. Avec le mot \u00ab\u00a0Barcelone\u00a0\u00bb \u00e9l\u00e9gamment imprim\u00e9, c&rsquo;est une option parfaite pour ceux qui souhaitent prot\u00e9ger leur appareil et arborer un symbole artistique de la ville.<\/p>\n","protected":false},"featured_media":12686,"template":"","meta":{"_acf_changed":false},"product_brand":[],"product_cat":[674],"product_tag":[530],"class_list":{"0":"post-34095","1":"product","2":"type-product","3":"status-publish","4":"has-post-thumbnail","6":"product_cat-etuis-pour-telephones-portables","7":"product_tag-animaux","8":"pa_ciudad-barcelona","9":"pa_motivo-chats","10":"pa_pais-espana","12":"first","13":"instock","14":"shipping-taxable","15":"product-type-simple"},"acf":[],"_links":{"self":[{"href":"https:\/\/olemosaic.com\/fr\/wp-json\/wp\/v2\/product\/34095","targetHints":{"allow":["GET"]}}],"collection":[{"href":"https:\/\/olemosaic.com\/fr\/wp-json\/wp\/v2\/product"}],"about":[{"href":"https:\/\/olemosaic.com\/fr\/wp-json\/wp\/v2\/types\/product"}],"wp:featuredmedia":[{"embeddable":true,"href":"https:\/\/olemosaic.com\/fr\/wp-json\/wp\/v2\/media\/12686"}],"wp:attachment":[{"href":"https:\/\/olemosaic.com\/fr\/wp-json\/wp\/v2\/media?parent=34095"}],"wp:term":[{"taxonomy":"product_brand","embeddable":true,"href":"https:\/\/olemosaic.com\/fr\/wp-json\/wp\/v2\/product_brand?post=34095"},{"taxonomy":"product_cat","embeddable":true,"href":"https:\/\/olemosaic.com\/fr\/wp-json\/wp\/v2\/product_cat?post=34095"},{"taxonomy":"product_tag","embeddable":true,"href":"https:\/\/olemosaic.com\/fr\/wp-json\/wp\/v2\/product_tag?post=34095"}],"curies":[{"name":"wp","href":"https:\/\/api.w.org\/{rel}","templated":true}]}}