{"id":34094,"date":"2025-02-20T22:35:50","date_gmt":"2025-02-20T22:35:50","guid":{"rendered":"http:\/\/olemosaic.com\/producto\/funda-de-telefono-para-xiaomi-12-tpu-sagrada-familia-barcelona-azul\/"},"modified":"2025-07-25T19:50:56","modified_gmt":"2025-07-25T17:50:56","slug":"coque-de-telephone-pour-xiaomi-12-tpu-sagrada-familia-barcelone-bleu","status":"publish","type":"product","link":"https:\/\/olemosaic.com\/fr\/produit\/coque-de-telephone-pour-xiaomi-12-tpu-sagrada-familia-barcelone-bleu\/","title":{"rendered":"Coque de t\u00e9l\u00e9phone pour Xiaomi 12 (TPU). Sagrada Familia. Barcelone. Bleu"},"content":{"rendered":"<p>Coque pour Xiaomi 12 d\u00e9cor\u00e9e d&rsquo;une impressionnante illustration de la Sagrada Familia de Barcelone qui capture l&rsquo;essence de l&rsquo;un des monuments les plus embl\u00e9matiques d&rsquo;Espagne. Cette coque, fabriqu\u00e9e en TPU, pr\u00e9sente des tonalit\u00e9s bleues vibrantes qui soulignent la grandeur architecturale du design d&rsquo;Antoni Gaud\u00ed, montrant ses tours iconiques et ses \u00e9l\u00e9ments d\u00e9coratifs \u00e9labor\u00e9s. L&rsquo;effet de cristal qui \u00e9mane de l&rsquo;image apporte une touche contemporaine et \u00e9l\u00e9gante, transformant la coque en un accessoire moderne et attrayant.<\/p>\n<p>Le nom \u00ab\u00a0Barcelone\u00a0\u00bb, stylis\u00e9 avec une typographie artistique, se situe dans la partie inf\u00e9rieure, offrant un rappel quotidien de la beaut\u00e9 et de la culture de cette ville vibrante. Ce produit ne prot\u00e8ge pas seulement l&rsquo;appareil, il agit \u00e9galement comme un signe distinctif du riche h\u00e9ritage culturel catalan, permettant aux touristes et aux locaux d&#8217;emporter avec eux un morceau d&rsquo;histoire au quotidien.<\/p>\n<p>Chez Ol\u00e9 Mosaic, nous nous sp\u00e9cialisons dans la distribution de souvenirs en gros, et cette coque de la Sagrada Familia est l&rsquo;option parfaite pour les boutiques de cadeaux touristiques qui cherchent \u00e0 offrir des produits authentiques et repr\u00e9sentatifs de Barcelone. C&rsquo;est un excellent choix pour ceux qui recherchent des souvenirs uniques c\u00e9l\u00e9brant l&rsquo;identit\u00e9 culturelle de l&rsquo;une des villes les plus visit\u00e9es au monde.<\/p>\n","protected":false},"excerpt":{"rendered":"<p>Coque pour t\u00e9l\u00e9phone Xiaomi 12 fabriqu\u00e9e en TPU, d\u00e9cor\u00e9e d&rsquo;une illustration vibrante de la Sagrada Familia de Barcelone. Ce design se distingue par ses couleurs bleues brillantes et ses d\u00e9tails artistiques qui refl\u00e8tent la majest\u00e9 du c\u00e9l\u00e8bre monument de Gaud\u00ed. L&rsquo;image montre les tours iconiques et les \u00e9l\u00e9ments architecturaux, compl\u00e9t\u00e9s par un effet de cristal qui ajoute une touche moderne. Dans la partie inf\u00e9rieure, le nom \u00ab\u00a0Barcelone\u00a0\u00bb appara\u00eet \u00e9l\u00e9gamment stylis\u00e9, parfait pour ceux qui souhaitent emporter un morceau de la ville avec eux.<\/p>\n","protected":false},"featured_media":12659,"template":"","meta":{"_acf_changed":false},"product_brand":[],"product_cat":[674],"product_tag":[],"class_list":{"0":"post-34094","1":"product","2":"type-product","3":"status-publish","4":"has-post-thumbnail","6":"product_cat-etuis-pour-telephones-portables","7":"pa_ciudad-barcelona","8":"pa_motivo-sagrada-familia","9":"pa_pais-espana","11":"first","12":"instock","13":"shipping-taxable","14":"product-type-simple"},"acf":[],"_links":{"self":[{"href":"https:\/\/olemosaic.com\/fr\/wp-json\/wp\/v2\/product\/34094","targetHints":{"allow":["GET"]}}],"collection":[{"href":"https:\/\/olemosaic.com\/fr\/wp-json\/wp\/v2\/product"}],"about":[{"href":"https:\/\/olemosaic.com\/fr\/wp-json\/wp\/v2\/types\/product"}],"wp:featuredmedia":[{"embeddable":true,"href":"https:\/\/olemosaic.com\/fr\/wp-json\/wp\/v2\/media\/12659"}],"wp:attachment":[{"href":"https:\/\/olemosaic.com\/fr\/wp-json\/wp\/v2\/media?parent=34094"}],"wp:term":[{"taxonomy":"product_brand","embeddable":true,"href":"https:\/\/olemosaic.com\/fr\/wp-json\/wp\/v2\/product_brand?post=34094"},{"taxonomy":"product_cat","embeddable":true,"href":"https:\/\/olemosaic.com\/fr\/wp-json\/wp\/v2\/product_cat?post=34094"},{"taxonomy":"product_tag","embeddable":true,"href":"https:\/\/olemosaic.com\/fr\/wp-json\/wp\/v2\/product_tag?post=34094"}],"curies":[{"name":"wp","href":"https:\/\/api.w.org\/{rel}","templated":true}]}}