{"id":34092,"date":"2025-02-20T22:35:49","date_gmt":"2025-02-20T22:35:49","guid":{"rendered":"http:\/\/olemosaic.com\/producto\/funda-de-telefono-para-xiaomi-12-tpu-motivos-marinos-azul\/"},"modified":"2025-07-25T18:53:47","modified_gmt":"2025-07-25T16:53:47","slug":"coque-de-telephone-pour-xiaomi-12-tpu-motifs-marins-bleu","status":"publish","type":"product","link":"https:\/\/olemosaic.com\/fr\/produit\/coque-de-telephone-pour-xiaomi-12-tpu-motifs-marins-bleu\/","title":{"rendered":"Coque de t\u00e9l\u00e9phone pour Xiaomi 12 (TPU). Motifs marins. Bleu"},"content":{"rendered":"<p>Coque pour Xiaomi 12 avec des motifs marins vibrants. Fabriqu\u00e9e en TPU de haute qualit\u00e9, cette coque se distingue par son design color\u00e9 et joyeux, inspir\u00e9 par la richesse de la vie marine. Elle pr\u00e9sente un magnifique fond bleu qui \u00e9voque le calme et la beaut\u00e9 de l&rsquo;oc\u00e9an, parsem\u00e9 d&rsquo;une vari\u00e9t\u00e9 de poissons, de tortues et d&rsquo;hippocampes, le tout repr\u00e9sent\u00e9 dans un style mosa\u00efque frappant. Chaque d\u00e9tail a \u00e9t\u00e9 soigneusement con\u00e7u, des \u00e9cailles des poissons aux traits d\u00e9licats des algues, cr\u00e9ant une composition visuelle qui capture l&rsquo;essence du monde sous-marin.<\/p>\n<p>En plus de son esth\u00e9tique attrayante, cette coque offre une protection ad\u00e9quate pour votre appareil et refl\u00e8te, \u00e0 son tour, un style de vie li\u00e9 aux amoureux de la mer et de la nature. Son lien culturel remonte aux riches traditions marines des c\u00f4tes espagnoles, o\u00f9 les \u00e9l\u00e9ments de l&rsquo;oc\u00e9an ont inspir\u00e9 les artistes et artisans pendant des ann\u00e9es. Ce souvenir moderne est une excellente option pour les touristes \u00e0 la recherche d&rsquo;un souvenir authentique et repr\u00e9sentatif de leur exp\u00e9rience c\u00f4ti\u00e8re en Espagne.<\/p>\n<p>Chez Ol\u00e9 Mosaic, nous nous sp\u00e9cialisons dans la distribution de souvenirs en gros, et cette coque est un article id\u00e9al pour les boutiques de cadeaux touristiques, offrant une fusion d&rsquo;art, de culture et de fonctionnalit\u00e9. En tant que grossistes de coques de t\u00e9l\u00e9phone, nous garantissons la qualit\u00e9 et l&rsquo;authenticit\u00e9 de chaque pi\u00e8ce, offrant \u00e0 vos clients l&rsquo;opportunit\u00e9 d&#8217;emporter avec eux un petit morceau de l&rsquo;oc\u00e9an.<\/p>\n","protected":false},"excerpt":{"rendered":"<p>Coque pour Xiaomi 12, fabriqu\u00e9e en TPU de haute qualit\u00e9, avec un design vibrant de motifs marins. La coque pr\u00e9sente un joli fond bleu qui \u00e9voque l&rsquo;oc\u00e9an, parsem\u00e9 de poissons color\u00e9s, de tortues et d&rsquo;hippocampes dans un style mosa\u00efque. Des \u00e9l\u00e9ments marins tels que des coquillages et des algues compl\u00e8tent la sc\u00e8ne, offrant une esth\u00e9tique dynamique et joyeuse, id\u00e9ale pour les amoureux de la mer et de la vie marine.<\/p>\n","protected":false},"featured_media":12657,"template":"","meta":{"_acf_changed":false},"product_brand":[],"product_cat":[674],"product_tag":[530],"class_list":{"0":"post-34092","1":"product","2":"type-product","3":"status-publish","4":"has-post-thumbnail","6":"product_cat-etuis-pour-telephones-portables","7":"product_tag-animaux","8":"pa_motivo-animaux-marins","10":"first","11":"instock","12":"shipping-taxable","13":"product-type-simple"},"acf":[],"_links":{"self":[{"href":"https:\/\/olemosaic.com\/fr\/wp-json\/wp\/v2\/product\/34092","targetHints":{"allow":["GET"]}}],"collection":[{"href":"https:\/\/olemosaic.com\/fr\/wp-json\/wp\/v2\/product"}],"about":[{"href":"https:\/\/olemosaic.com\/fr\/wp-json\/wp\/v2\/types\/product"}],"wp:featuredmedia":[{"embeddable":true,"href":"https:\/\/olemosaic.com\/fr\/wp-json\/wp\/v2\/media\/12657"}],"wp:attachment":[{"href":"https:\/\/olemosaic.com\/fr\/wp-json\/wp\/v2\/media?parent=34092"}],"wp:term":[{"taxonomy":"product_brand","embeddable":true,"href":"https:\/\/olemosaic.com\/fr\/wp-json\/wp\/v2\/product_brand?post=34092"},{"taxonomy":"product_cat","embeddable":true,"href":"https:\/\/olemosaic.com\/fr\/wp-json\/wp\/v2\/product_cat?post=34092"},{"taxonomy":"product_tag","embeddable":true,"href":"https:\/\/olemosaic.com\/fr\/wp-json\/wp\/v2\/product_tag?post=34092"}],"curies":[{"name":"wp","href":"https:\/\/api.w.org\/{rel}","templated":true}]}}