{"id":34091,"date":"2025-02-20T22:35:49","date_gmt":"2025-02-20T22:35:49","guid":{"rendered":"http:\/\/olemosaic.com\/producto\/funda-de-telefono-para-xiaomi-12-tpu-gato-barcelona-blanco\/"},"modified":"2025-07-25T19:57:50","modified_gmt":"2025-07-25T17:57:50","slug":"coque-de-telephone-pour-xiaomi-12-tpu-chat-barcelone-blanc","status":"publish","type":"product","link":"https:\/\/olemosaic.com\/fr\/produit\/coque-de-telephone-pour-xiaomi-12-tpu-chat-barcelone-blanc\/","title":{"rendered":"Coque de t\u00e9l\u00e9phone pour Xiaomi 12 (TPU). Chat. Barcelone. Blanc"},"content":{"rendered":"<p>Coque pour Xiaomi 12 avec un design vibrant de chat inspir\u00e9 des mosa\u00efques de Barcelone. Fabriqu\u00e9e en TPU r\u00e9sistant, cette coque offre une protection optimale pour votre appareil, tout en arborant un motif color\u00e9 qui c\u00e9l\u00e8bre la magie de la cit\u00e9 comtale. Au centre, un chat est repr\u00e9sent\u00e9 dans une explosion de couleurs : bleu, rouge, jaune et vert, \u00e9voquant le c\u00e9l\u00e8bre style trencad\u00eds qui caract\u00e9rise les \u0153uvres d&rsquo;Antoni Gaud\u00ed. Le fond blanc de la coque simule un motif de trencad\u00eds, apportant un air artistique et moderne qui souligne l&rsquo;essence de Barcelone. Autour de lui, des papillons color\u00e9s ajoutent une touche joyeuse qui compl\u00e8te l&rsquo;illustration principale, faisant de cette coque non seulement un accessoire pratique, mais aussi un objet plein de vie et de personnalit\u00e9. Le mot \u00ab\u00a0Barcelona\u00a0\u00bb appara\u00eet en lettres stylis\u00e9es, renfor\u00e7ant la connexion culturelle du produit avec la ville embl\u00e9matique. Id\u00e9ale comme souvenir, cette coque est un excellent rappel de la riche h\u00e9ritage culturel et artistique de Barcelone, parfaite pour les touristes qui cherchent \u00e0 emporter un petit morceau de la ville au quotidien. Chez Ol\u00e9 Mosaic, nous sommes des distributeurs de souvenirs en gros, proposant des produits authentiques qui refl\u00e8tent l&rsquo;essence de leur origine, comme cette coque de t\u00e9l\u00e9phone qui captera l&rsquo;attention de ceux qui recherchent des cadeaux uniques et significatifs.<\/p>\n","protected":false},"excerpt":{"rendered":"<p>Coque pour le t\u00e9l\u00e9phone Xiaomi 12, fabriqu\u00e9e en TPU r\u00e9sistant, avec un design vibrant d&rsquo;un chat en bleu, rouge, jaune et vert, inspir\u00e9 de la mosa\u00efque de Barcelone. Le fond blanc simule un motif de trencad\u00eds, compl\u00e9t\u00e9 par des papillons color\u00e9s qui lui donnent une touche joyeuse. Avec le mot \u00ab\u00a0Barcelona\u00a0\u00bb en lettres stylis\u00e9es, cette coque allie fonctionnalit\u00e9 et attrait visuel, \u00e9tant parfaite pour ceux qui recherchent un souvenir de cette ville embl\u00e9matique.<\/p>\n","protected":false},"featured_media":12650,"template":"","meta":{"_acf_changed":false},"product_brand":[],"product_cat":[674],"product_tag":[530],"class_list":{"0":"post-34091","1":"product","2":"type-product","3":"status-publish","4":"has-post-thumbnail","6":"product_cat-etuis-pour-telephones-portables","7":"product_tag-animaux","8":"pa_ciudad-barcelona","9":"pa_motivo-chats","10":"pa_pais-espana","12":"first","13":"instock","14":"shipping-taxable","15":"product-type-simple"},"acf":[],"_links":{"self":[{"href":"https:\/\/olemosaic.com\/fr\/wp-json\/wp\/v2\/product\/34091","targetHints":{"allow":["GET"]}}],"collection":[{"href":"https:\/\/olemosaic.com\/fr\/wp-json\/wp\/v2\/product"}],"about":[{"href":"https:\/\/olemosaic.com\/fr\/wp-json\/wp\/v2\/types\/product"}],"wp:featuredmedia":[{"embeddable":true,"href":"https:\/\/olemosaic.com\/fr\/wp-json\/wp\/v2\/media\/12650"}],"wp:attachment":[{"href":"https:\/\/olemosaic.com\/fr\/wp-json\/wp\/v2\/media?parent=34091"}],"wp:term":[{"taxonomy":"product_brand","embeddable":true,"href":"https:\/\/olemosaic.com\/fr\/wp-json\/wp\/v2\/product_brand?post=34091"},{"taxonomy":"product_cat","embeddable":true,"href":"https:\/\/olemosaic.com\/fr\/wp-json\/wp\/v2\/product_cat?post=34091"},{"taxonomy":"product_tag","embeddable":true,"href":"https:\/\/olemosaic.com\/fr\/wp-json\/wp\/v2\/product_tag?post=34091"}],"curies":[{"name":"wp","href":"https:\/\/api.w.org\/{rel}","templated":true}]}}