{"id":34088,"date":"2025-02-20T22:35:49","date_gmt":"2025-02-20T22:35:49","guid":{"rendered":"http:\/\/olemosaic.com\/producto\/funda-de-telefono-para-xiaomi-12-tpu-mosaico-azul\/"},"modified":"2025-07-25T19:16:42","modified_gmt":"2025-07-25T17:16:42","slug":"coque-de-telephone-pour-xiaomi-12-tpu-mosaique-bleu","status":"publish","type":"product","link":"https:\/\/olemosaic.com\/fr\/produit\/coque-de-telephone-pour-xiaomi-12-tpu-mosaique-bleu\/","title":{"rendered":"Coque de t\u00e9l\u00e9phone pour Xiaomi 12 (TPU). Mosa\u00efque. Bleu"},"content":{"rendered":"<p>Coque pour t\u00e9l\u00e9phone Xiaomi 12 avec un design de mosa\u00efque dans les tons bleus. Cette coque \u00e9l\u00e9gante est fabriqu\u00e9e en TPU, un mat\u00e9riau flexible et r\u00e9sistant qui offre une excellente protection contre les chocs et les rayures. Son design de mosa\u00efque dans les tons bleus \u00e9voque la riche tradition de l&rsquo;art de la mosa\u00efque espagnole, qui a orn\u00e9 des monuments et des espaces architecturaux embl\u00e9matiques, particuli\u00e8rement dans des r\u00e9gions comme l&rsquo;Andalousie. Le motif de lignes blanches qui s&rsquo;entrem\u00ealent avec le fond bleu cr\u00e9e un effet visuel attrayant, rappelant les \u0153uvres d&rsquo;art complexes qui embellissent les espaces publics et priv\u00e9s de la culture espagnole. Cette coque ne se distingue pas seulement par sa fonctionnalit\u00e9, mais aussi par son esth\u00e9tique, ce qui en fait un accessoire id\u00e9al pour ceux qui souhaitent porter un morceau de l&rsquo;h\u00e9ritage culturel espagnol au quotidien. Avec une finition attrayante qui compl\u00e8te n&rsquo;importe quel style, c&rsquo;est un excellent souvenir pour les touristes \u00e0 la recherche d&rsquo;une pi\u00e8ce unique refl\u00e9tant la beaut\u00e9 et l&rsquo;art de l&rsquo;Espagne. Chez Ol\u00e9 Mosaic, en tant que grossistes d&rsquo;accessoires de design espagnol, nous garantissons que chaque produit est un t\u00e9moignage d&rsquo;authenticit\u00e9 et de pertinence culturelle, parfait pour les boutiques de cadeaux touristiques qui appr\u00e9cient la qualit\u00e9 et l&rsquo;art local.<\/p>\n","protected":false},"excerpt":{"rendered":"<p>Coque pour Xiaomi 12 fabriqu\u00e9e en TPU, avec un design de mosa\u00efque dans les tons bleus. Cet accessoire moderne pr\u00e9sente un motif de lignes blanches qui \u00e9voque la tradition de l&rsquo;art de la mosa\u00efque, apportant une touche culturelle et \u00e9l\u00e9gante \u00e0 votre appareil. La structure flexible du TPU assure une protection efficace contre les chocs et les rayures, tandis que sa finition visuellement attrayante compl\u00e8te n&rsquo;importe quel style. Id\u00e9al pour les amoureux du design espagnol.<\/p>\n","protected":false},"featured_media":12663,"template":"","meta":{"_acf_changed":false},"product_brand":[],"product_cat":[674],"product_tag":[],"class_list":{"0":"post-34088","1":"product","2":"type-product","3":"status-publish","4":"has-post-thumbnail","6":"product_cat-etuis-pour-telephones-portables","7":"pa_motivo-mosaique","9":"first","10":"instock","11":"shipping-taxable","12":"product-type-simple"},"acf":[],"_links":{"self":[{"href":"https:\/\/olemosaic.com\/fr\/wp-json\/wp\/v2\/product\/34088","targetHints":{"allow":["GET"]}}],"collection":[{"href":"https:\/\/olemosaic.com\/fr\/wp-json\/wp\/v2\/product"}],"about":[{"href":"https:\/\/olemosaic.com\/fr\/wp-json\/wp\/v2\/types\/product"}],"wp:featuredmedia":[{"embeddable":true,"href":"https:\/\/olemosaic.com\/fr\/wp-json\/wp\/v2\/media\/12663"}],"wp:attachment":[{"href":"https:\/\/olemosaic.com\/fr\/wp-json\/wp\/v2\/media?parent=34088"}],"wp:term":[{"taxonomy":"product_brand","embeddable":true,"href":"https:\/\/olemosaic.com\/fr\/wp-json\/wp\/v2\/product_brand?post=34088"},{"taxonomy":"product_cat","embeddable":true,"href":"https:\/\/olemosaic.com\/fr\/wp-json\/wp\/v2\/product_cat?post=34088"},{"taxonomy":"product_tag","embeddable":true,"href":"https:\/\/olemosaic.com\/fr\/wp-json\/wp\/v2\/product_tag?post=34088"}],"curies":[{"name":"wp","href":"https:\/\/api.w.org\/{rel}","templated":true}]}}