{"id":34064,"date":"2025-02-20T23:35:48","date_gmt":"2025-02-20T22:35:48","guid":{"rendered":"http:\/\/olemosaic.com\/producto\/funda-de-telefono-para-xiaomi-12-tpu-abstracto-azul-2\/"},"modified":"2025-07-25T20:21:41","modified_gmt":"2025-07-25T18:21:41","slug":"coque-de-telephone-pour-xiaomi-12-tpu-abstrait-bleu-2","status":"publish","type":"product","link":"https:\/\/olemosaic.com\/fr\/produit\/coque-de-telephone-pour-xiaomi-12-tpu-abstrait-bleu-2\/","title":{"rendered":"Coque de t\u00e9l\u00e9phone pour Xiaomi 12 (TPU). Abstrait. Effet vagues. Bleu"},"content":{"rendered":"<p>Coque pour t\u00e9l\u00e9phone Xiaomi 12 avec design abstrait. \u00c9labor\u00e9e en TPU, cette coque est une v\u00e9ritable \u0153uvre d&rsquo;art qui capture l&rsquo;essence vibrante de Barcelone. L&rsquo;illustration color\u00e9e, dans les tons bleus, oranges, roses et jaunes, pr\u00e9sente un effet de vagues qui \u00e9voque l&rsquo;\u00e9nergie et le dynamisme de la cit\u00e9 comtale. Au centre, le mot \u00ab\u00a0Barcelona\u00a0\u00bb se d\u00e9tache en lettres blanches, avec \u00e9l\u00e9gance, transformant cette coque non seulement en un accessoire fonctionnel, mais aussi en une d\u00e9claration d&rsquo;amour pour la culture barcelonaise.<\/p>\n<p>La surface douce et flexible du TPU offre une excellente protection contre les chocs et les chutes, assurant l&rsquo;int\u00e9grit\u00e9 de votre appareil, tandis que son design l\u00e9ger permet une manipulation facile. Cette coque est id\u00e9ale pour ceux qui appr\u00e9cient l&rsquo;art et la cr\u00e9ativit\u00e9, car elle leur permet d&#8217;emporter un morceau de Barcelone partout avec eux. En tant que souvenir de la ville, elle repr\u00e9sente la modernit\u00e9 et la diversit\u00e9 culturelle, devenant une option parfaite pour les touristes \u00e0 la recherche de souvenirs uniques et authentiques. Chez Ol\u00e9 Mosaic, nous nous consacrons \u00e0 la distribution de souvenirs en gros, et cette coque s&rsquo;ajoutera sans aucun doute \u00e0 toute offre d&rsquo;accessoires attrayants et culturellement pertinents. Si vous souhaitez proposer des produits qui connectent avec l&rsquo;essence de Barcelone, cette coque est le choix id\u00e9al pour votre boutique de souvenirs touristiques.<\/p>\n","protected":false},"excerpt":{"rendered":"<p>Coque pour t\u00e9l\u00e9phone Xiaomi 12 en TPU, avec un design abstrait dans les tons bleus, oranges, roses et jaunes. L&rsquo;illustration color\u00e9e pr\u00e9sente un effet de vagues vibrantes qui \u00e9voquent l&rsquo;\u00e9nergie de Barcelone. Cette coque ne prot\u00e8ge pas seulement votre appareil, mais l&rsquo;orne \u00e9galement du mot \u00ab\u00a0Barcelona\u00a0\u00bb en lettres blanches, soulignant l&rsquo;esprit cr\u00e9atif et moderne de la ville. Id\u00e9ale pour ceux qui appr\u00e9cient l&rsquo;art et souhaitent porter un petit morceau de cette ville vibrante toujours avec eux.<\/p>\n","protected":false},"featured_media":12661,"template":"","meta":{"_acf_changed":false},"product_brand":[],"product_cat":[674],"product_tag":[],"class_list":{"0":"post-34064","1":"product","2":"type-product","3":"status-publish","4":"has-post-thumbnail","6":"product_cat-etuis-pour-telephones-portables","7":"pa_ciudad-barcelona","8":"pa_motivo-resume","9":"pa_pais-espana","11":"first","12":"instock","13":"shipping-taxable","14":"product-type-simple"},"acf":[],"_links":{"self":[{"href":"https:\/\/olemosaic.com\/fr\/wp-json\/wp\/v2\/product\/34064","targetHints":{"allow":["GET"]}}],"collection":[{"href":"https:\/\/olemosaic.com\/fr\/wp-json\/wp\/v2\/product"}],"about":[{"href":"https:\/\/olemosaic.com\/fr\/wp-json\/wp\/v2\/types\/product"}],"wp:featuredmedia":[{"embeddable":true,"href":"https:\/\/olemosaic.com\/fr\/wp-json\/wp\/v2\/media\/12661"}],"wp:attachment":[{"href":"https:\/\/olemosaic.com\/fr\/wp-json\/wp\/v2\/media?parent=34064"}],"wp:term":[{"taxonomy":"product_brand","embeddable":true,"href":"https:\/\/olemosaic.com\/fr\/wp-json\/wp\/v2\/product_brand?post=34064"},{"taxonomy":"product_cat","embeddable":true,"href":"https:\/\/olemosaic.com\/fr\/wp-json\/wp\/v2\/product_cat?post=34064"},{"taxonomy":"product_tag","embeddable":true,"href":"https:\/\/olemosaic.com\/fr\/wp-json\/wp\/v2\/product_tag?post=34064"}],"curies":[{"name":"wp","href":"https:\/\/api.w.org\/{rel}","templated":true}]}}