{"id":34063,"date":"2025-02-20T23:35:48","date_gmt":"2025-02-20T22:35:48","guid":{"rendered":"http:\/\/olemosaic.com\/producto\/funda-de-telefono-para-xiaomi-12-tpu-abstracto-verde-2\/"},"modified":"2025-07-25T18:50:47","modified_gmt":"2025-07-25T16:50:47","slug":"coque-de-telephone-pour-xiaomi-12-tpu-abstrait-vert-2","status":"publish","type":"product","link":"https:\/\/olemosaic.com\/fr\/produit\/coque-de-telephone-pour-xiaomi-12-tpu-abstrait-vert-2\/","title":{"rendered":"Coque de t\u00e9l\u00e9phone pour Xiaomi 12 (TPU). Abstrait. Formes ondul\u00e9es. Vert"},"content":{"rendered":"<p>Coque pour Xiaomi 12 avec design abstrait dans les tons verts et color\u00e9s. Cette coque originale, \u00e9labor\u00e9e en TPU \u2014 un mat\u00e9riau connu pour sa flexibilit\u00e9 et sa douceur \u2014, assure une excellente protection contre les chocs et les rayures. Le design pr\u00e9sente un motif vibrant de formes ondul\u00e9es qui coulent dans un m\u00e9lange de couleurs vives et brillantes, id\u00e9al pour ceux qui cherchent \u00e0 personnaliser leur appareil de mani\u00e8re artistique et moderne. La base verte du design apporte fra\u00eecheur et modernit\u00e9, tandis que les \u00e9claboussures d&rsquo;autres tons cr\u00e9ent un effet visuel dynamique et attrayant, parfait pour ceux qui veulent se d\u00e9marquer en toute occasion.<\/p>\n<p>Cette coque n&rsquo;est pas seulement fonctionnelle, elle devient un accessoire de mode qui refl\u00e8te la cr\u00e9ativit\u00e9 et le style unique des utilisateurs. Sa connexion culturelle r\u00e9side dans la tendance actuelle \u00e0 combiner le pratique avec l&rsquo;esth\u00e9tique, s&rsquo;alignant sur la recherche des touristes de souvenirs qui mettent en avant la diversit\u00e9 et l&rsquo;art contemporain. Chez Ol\u00e9 Mosaic, distributeurs d&rsquo;accessoires de haute qualit\u00e9, cette coque pour Xiaomi 12 est une excellente option de souvenir moderne qui attirera ceux qui s&rsquo;int\u00e9ressent aux souvenirs authentiques et de grande valeur esth\u00e9tique. Id\u00e9ale pour les boutiques qui cherchent \u00e0 offrir des produits uniques et fonctionnels, cette coque repr\u00e9sente une option exceptionnelle dans le monde des souvenirs contemporains.<\/p>\n","protected":false},"excerpt":{"rendered":"<p>Coque de t\u00e9l\u00e9phone pour Xiaomi 12 fabriqu\u00e9e en TPU, avec un design abstrait dans les tons verts et d&rsquo;autres couleurs vibrantes. Cette coque se distingue par sa finition douce et flexible, qui offre une excellente protection contre les chocs et les rayures. Le motif de formes ondul\u00e9es, combin\u00e9 aux couleurs vives, offre un style moderne et vibrant, id\u00e9al pour ceux qui cherchent \u00e0 personnaliser leur appareil de mani\u00e8re artistique et originale.<\/p>\n","protected":false},"featured_media":12655,"template":"","meta":{"_acf_changed":false},"product_brand":[],"product_cat":[674],"product_tag":[],"class_list":{"0":"post-34063","1":"product","2":"type-product","3":"status-publish","4":"has-post-thumbnail","6":"product_cat-etuis-pour-telephones-portables","7":"pa_motivo-resume","9":"first","10":"instock","11":"shipping-taxable","12":"product-type-simple"},"acf":[],"_links":{"self":[{"href":"https:\/\/olemosaic.com\/fr\/wp-json\/wp\/v2\/product\/34063","targetHints":{"allow":["GET"]}}],"collection":[{"href":"https:\/\/olemosaic.com\/fr\/wp-json\/wp\/v2\/product"}],"about":[{"href":"https:\/\/olemosaic.com\/fr\/wp-json\/wp\/v2\/types\/product"}],"wp:featuredmedia":[{"embeddable":true,"href":"https:\/\/olemosaic.com\/fr\/wp-json\/wp\/v2\/media\/12655"}],"wp:attachment":[{"href":"https:\/\/olemosaic.com\/fr\/wp-json\/wp\/v2\/media?parent=34063"}],"wp:term":[{"taxonomy":"product_brand","embeddable":true,"href":"https:\/\/olemosaic.com\/fr\/wp-json\/wp\/v2\/product_brand?post=34063"},{"taxonomy":"product_cat","embeddable":true,"href":"https:\/\/olemosaic.com\/fr\/wp-json\/wp\/v2\/product_cat?post=34063"},{"taxonomy":"product_tag","embeddable":true,"href":"https:\/\/olemosaic.com\/fr\/wp-json\/wp\/v2\/product_tag?post=34063"}],"curies":[{"name":"wp","href":"https:\/\/api.w.org\/{rel}","templated":true}]}}