{"id":34062,"date":"2025-02-20T22:35:48","date_gmt":"2025-02-20T22:35:48","guid":{"rendered":"http:\/\/olemosaic.com\/producto\/funda-de-telefono-para-xiaomi-12-tpu-abstracto-azul\/"},"modified":"2025-07-25T19:34:59","modified_gmt":"2025-07-25T17:34:59","slug":"coque-de-telephone-pour-xiaomi-12-tpu-abstrait-bleu","status":"publish","type":"product","link":"https:\/\/olemosaic.com\/fr\/produit\/coque-de-telephone-pour-xiaomi-12-tpu-abstrait-bleu\/","title":{"rendered":"Coque de t\u00e9l\u00e9phone pour Xiaomi 12 (TPU). Abstrait. Bleu"},"content":{"rendered":"<p>Coque pour Xiaomi 12 avec un design abstrait color\u00e9 et moderne. Cette coque \u00e9l\u00e9gante, fabriqu\u00e9e en TPU r\u00e9sistant, se distingue par son motif attrayant dans les tons bleus, compl\u00e9t\u00e9 par un d\u00e9grad\u00e9 vibrant qui incorpore des nuances de jaune, vert et rouge. Son design g\u00e9om\u00e9trique et dynamique ajoute une touche contemporaine et stylis\u00e9e, ce qui en fait le choix parfait pour ceux qui recherchent un accessoire unique et fonctionnel. La finition douce et flexible de la coque offre non seulement une prise en main confortable, mais prot\u00e8ge \u00e9galement l&rsquo;appareil des impacts et des chutes, garantissant sa durabilit\u00e9. De plus, la combinaison de couleurs et de formes est inspir\u00e9e des paysages et de la culture contemporaine, refl\u00e9tant la diversit\u00e9 et la cr\u00e9ativit\u00e9 qui caract\u00e9risent de nombreuses villes espagnoles. Cette coque est plus qu&rsquo;un simple accessoire ; c&rsquo;est un souvenir repr\u00e9sentatif de l&rsquo;innovation et de l&rsquo;art moderne dans le design, id\u00e9al pour les touristes qui souhaitent emporter avec eux un morceau de ce style vibrant. Chez Ol\u00e9 Mosaic, nous proposons des accessoires de haute qualit\u00e9 en gros, cette coque \u00e9tant une excellente option pour les boutiques de souvenirs touristiques qui recherchent des produits authentiques et accrocheurs. Avec nous, vous pouvez \u00eatre s\u00fbr que chaque article refl\u00e8te un engagement envers le design et la fonctionnalit\u00e9.<\/p>\n","protected":false},"excerpt":{"rendered":"<p>Coque pour Xiaomi 12 fabriqu\u00e9e en TPU avec un design abstrait de fonds dans les tons bleus et un d\u00e9grad\u00e9 incluant des nuances de jaune, vert et rouge. Cette coque \u00e9l\u00e9gante se distingue par sa finition douce et flexible, qui assure une bonne prise en main, en plus de sa r\u00e9sistance aux impacts. Son design g\u00e9om\u00e9trique et color\u00e9 lui donne une touche moderne et attrayante, id\u00e9ale pour ceux qui recherchent un accessoire unique et fonctionnel.<\/p>\n","protected":false},"featured_media":12664,"template":"","meta":{"_acf_changed":false},"product_brand":[],"product_cat":[674],"product_tag":[],"class_list":{"0":"post-34062","1":"product","2":"type-product","3":"status-publish","4":"has-post-thumbnail","6":"product_cat-etuis-pour-telephones-portables","7":"pa_motivo-resume","9":"first","10":"instock","11":"shipping-taxable","12":"product-type-simple"},"acf":[],"_links":{"self":[{"href":"https:\/\/olemosaic.com\/fr\/wp-json\/wp\/v2\/product\/34062","targetHints":{"allow":["GET"]}}],"collection":[{"href":"https:\/\/olemosaic.com\/fr\/wp-json\/wp\/v2\/product"}],"about":[{"href":"https:\/\/olemosaic.com\/fr\/wp-json\/wp\/v2\/types\/product"}],"wp:featuredmedia":[{"embeddable":true,"href":"https:\/\/olemosaic.com\/fr\/wp-json\/wp\/v2\/media\/12664"}],"wp:attachment":[{"href":"https:\/\/olemosaic.com\/fr\/wp-json\/wp\/v2\/media?parent=34062"}],"wp:term":[{"taxonomy":"product_brand","embeddable":true,"href":"https:\/\/olemosaic.com\/fr\/wp-json\/wp\/v2\/product_brand?post=34062"},{"taxonomy":"product_cat","embeddable":true,"href":"https:\/\/olemosaic.com\/fr\/wp-json\/wp\/v2\/product_cat?post=34062"},{"taxonomy":"product_tag","embeddable":true,"href":"https:\/\/olemosaic.com\/fr\/wp-json\/wp\/v2\/product_tag?post=34062"}],"curies":[{"name":"wp","href":"https:\/\/api.w.org\/{rel}","templated":true}]}}