{"id":34060,"date":"2025-02-20T22:35:48","date_gmt":"2025-02-20T22:35:48","guid":{"rendered":"http:\/\/olemosaic.com\/producto\/funda-de-telefono-para-xiaomi-12-tpu-gato-barcelona-negro\/"},"modified":"2025-07-25T23:09:52","modified_gmt":"2025-07-25T21:09:52","slug":"coque-de-telephone-pour-xiaomi-12-tpu-chat-barcelone-noir","status":"publish","type":"product","link":"https:\/\/olemosaic.com\/fr\/produit\/coque-de-telephone-pour-xiaomi-12-tpu-chat-barcelone-noir\/","title":{"rendered":"Coque de t\u00e9l\u00e9phone pour Xiaomi 12 (TPU). Chat. Barcelone. Noir"},"content":{"rendered":"<p>Coque pour Xiaomi 12 avec un design vibrant d&rsquo;un chat en mosa\u00efque inspir\u00e9 de Barcelone. Cette pi\u00e8ce unique, fabriqu\u00e9e en TPU noir, prot\u00e8ge votre appareil tout en ajoutant une touche color\u00e9e et amusante \u00e0 votre style quotidien. Le design comprend un chat en mosa\u00efque avec des combinaisons exquises de couleurs vives, resplendissant de formes g\u00e9om\u00e9triques, et entour\u00e9 de papillons joueurs qui apportent un air de joie et de l\u00e9g\u00e8ret\u00e9. Le mot \u00ab\u00a0Barcelona\u00a0\u00bb est \u00e9l\u00e9gamment imprim\u00e9 en bas, capturant l&rsquo;essence de cette ville embl\u00e9matique, connue pour son art et son architecture.<\/p>\n<p>Cet article n&rsquo;est pas seulement fonctionnel, mais il agit \u00e9galement comme un authentique souvenir de Barcelone, repr\u00e9sentant la cr\u00e9ativit\u00e9 et l&rsquo;originalit\u00e9 que la ville offre \u00e0 ses visiteurs. La connexion culturelle avec Barcelone est \u00e9vidente, car la mosa\u00efque \u00e9voque le c\u00e9l\u00e8bre style artistique d&rsquo;Antoni Gaud\u00ed, qui a laiss\u00e9 une empreinte ind\u00e9l\u00e9bile sur la ville. De plus, c&rsquo;est une option parfaite pour les touristes ou les r\u00e9sidents qui cherchent \u00e0 prot\u00e9ger leur mobile sans sacrifier l&rsquo;esth\u00e9tique. Chez Ol\u00e9 Mosaic, nous sommes des distributeurs de produits authentiques qui c\u00e9l\u00e8brent la culture locale, et cette coque est un choix id\u00e9al pour les boutiques de souvenirs touristiques qui souhaitent proposer des souvenirs de haute qualit\u00e9 et de pertinence culturelle. Misez sur cette coque de t\u00e9l\u00e9phone chat en mosa\u00efque et offrez \u00e0 vos clients une fa\u00e7on unique de toujours porter Barcelone avec eux.<\/p>\n","protected":false},"excerpt":{"rendered":"<p>Coque pour Xiaomi 12, fabriqu\u00e9e en TPU noir, orn\u00e9e d&rsquo;un design vibrant d&rsquo;un chat en mosa\u00efque, caract\u00e9ristique de Barcelone. Cette pi\u00e8ce unique comprend des d\u00e9tails color\u00e9s aux formes g\u00e9om\u00e9triques, repr\u00e9sentant un chat entour\u00e9 de papillons, ce qui lui donne une touche l\u00e9g\u00e8re et amusante. Le mot \u00ab\u00a0Barcelona\u00a0\u00bb est \u00e9l\u00e9gamment imprim\u00e9, capturant l&rsquo;essence de cette ville embl\u00e9matique. Id\u00e9al pour ceux qui cherchent \u00e0 prot\u00e9ger leur appareil avec style.<\/p>\n","protected":false},"featured_media":12666,"template":"","meta":{"_acf_changed":false},"product_brand":[],"product_cat":[674],"product_tag":[530],"class_list":{"0":"post-34060","1":"product","2":"type-product","3":"status-publish","4":"has-post-thumbnail","6":"product_cat-etuis-pour-telephones-portables","7":"product_tag-animaux","8":"pa_ciudad-barcelona","9":"pa_motivo-chats","10":"pa_pais-espana","12":"first","13":"instock","14":"shipping-taxable","15":"product-type-simple"},"acf":[],"_links":{"self":[{"href":"https:\/\/olemosaic.com\/fr\/wp-json\/wp\/v2\/product\/34060","targetHints":{"allow":["GET"]}}],"collection":[{"href":"https:\/\/olemosaic.com\/fr\/wp-json\/wp\/v2\/product"}],"about":[{"href":"https:\/\/olemosaic.com\/fr\/wp-json\/wp\/v2\/types\/product"}],"wp:featuredmedia":[{"embeddable":true,"href":"https:\/\/olemosaic.com\/fr\/wp-json\/wp\/v2\/media\/12666"}],"wp:attachment":[{"href":"https:\/\/olemosaic.com\/fr\/wp-json\/wp\/v2\/media?parent=34060"}],"wp:term":[{"taxonomy":"product_brand","embeddable":true,"href":"https:\/\/olemosaic.com\/fr\/wp-json\/wp\/v2\/product_brand?post=34060"},{"taxonomy":"product_cat","embeddable":true,"href":"https:\/\/olemosaic.com\/fr\/wp-json\/wp\/v2\/product_cat?post=34060"},{"taxonomy":"product_tag","embeddable":true,"href":"https:\/\/olemosaic.com\/fr\/wp-json\/wp\/v2\/product_tag?post=34060"}],"curies":[{"name":"wp","href":"https:\/\/api.w.org\/{rel}","templated":true}]}}