{"id":34044,"date":"2025-02-20T22:35:48","date_gmt":"2025-02-20T22:35:48","guid":{"rendered":"http:\/\/olemosaic.com\/producto\/funda-de-telefono-para-xiaomi-12-tpu-mosaico-barcelona-blanco\/"},"modified":"2025-07-25T20:23:50","modified_gmt":"2025-07-25T18:23:50","slug":"coque-de-telephone-pour-xiaomi-12-tpu-mosaique-barcelone-blanc","status":"publish","type":"product","link":"https:\/\/olemosaic.com\/fr\/produit\/coque-de-telephone-pour-xiaomi-12-tpu-mosaique-barcelone-blanc\/","title":{"rendered":"Coque de t\u00e9l\u00e9phone pour Xiaomi 12 (TPU). Mosa\u00efque. Barcelone. Blanc"},"content":{"rendered":"<p>Coque pour le Xiaomi 12 avec un design vibrant de mosa\u00efque qui \u00e9voque la riche culture de Barcelone. \u00c9labor\u00e9e en TPU, cette coque combine fonctionnalit\u00e9 et style, prot\u00e9geant votre appareil tout en lui donnant vie. Le design spectaculaire pr\u00e9sente une vari\u00e9t\u00e9 de motifs dans une palette de couleurs chaudes et froides \u2014 bleu, rouge, orange et blanc \u2014 qui rendent hommage aux carreaux embl\u00e9matiques du modernisme catalan, faisant \u00e9cho \u00e0 l&rsquo;\u0153uvre d&rsquo;architectes comme Antoni Gaud\u00ed et \u00e0 l&rsquo;innovation esth\u00e9tique de la ville.<\/p>\n<p>Le texte \u00ab\u00a0Barcelona\u00a0\u00bb est \u00e9l\u00e9gamment imprim\u00e9, faisant de cette coque un accessoire personnel qui refl\u00e8te l&rsquo;esprit vibrant de la ville. Ce souvenir repr\u00e9sente l&rsquo;essence de l&rsquo;art et de l&rsquo;architecture qui marquent l&rsquo;identit\u00e9 catalane, ce qui en fait un choix id\u00e9al pour les touristes et les amateurs de design. Son authenticit\u00e9 en tant que souvenir typique et sa pertinence culturelle en font une option distinctive pour ceux qui souhaitent emporter un morceau de Barcelone avec eux.<\/p>\n<p>Chez Ol\u00e9 Mosaic, nous nous sp\u00e9cialisons dans la distribution de souvenirs en gros, offrant des produits qui capturent l&rsquo;essence de leurs r\u00e9gions. Cette coque de t\u00e9l\u00e9phone est une excellente id\u00e9e pour les boutiques de cadeaux touristiques souhaitant proposer des articles de qualit\u00e9 et repr\u00e9sentatifs de la culture de Barcelone. En tant que grossistes de coques pour t\u00e9l\u00e9phones, nous garantissons l&rsquo;originalit\u00e9 et l&rsquo;authenticit\u00e9 de chaque design, id\u00e9al pour ceux qui souhaitent se souvenir de leur visite de mani\u00e8re pratique et stylis\u00e9e.<\/p>\n","protected":false},"excerpt":{"rendered":"<p>Coque pour t\u00e9l\u00e9phone Xiaomi 12 fabriqu\u00e9e en TPU, orn\u00e9e d&rsquo;un design vibrant de mosa\u00efque qui \u00e9voque la riche culture de Barcelone. Elle pr\u00e9sente une vari\u00e9t\u00e9 de motifs dans des tons bleu, rouge, orange et blanc, rappelant les carreaux embl\u00e9matiques du modernisme catalan. Le texte \u00ab\u00a0Barcelona\u00a0\u00bb est \u00e9l\u00e9gamment imprim\u00e9, offrant une touche personnelle \u00e0 cet accessoire pratique qui prot\u00e8ge votre t\u00e9l\u00e9phone tout en ajoutant un style distinctif.<\/p>\n","protected":false},"featured_media":12654,"template":"","meta":{"_acf_changed":false},"product_brand":[],"product_cat":[674],"product_tag":[],"class_list":{"0":"post-34044","1":"product","2":"type-product","3":"status-publish","4":"has-post-thumbnail","6":"product_cat-etuis-pour-telephones-portables","7":"pa_ciudad-barcelona","8":"pa_motivo-mosaique","9":"pa_pais-espana","11":"first","12":"instock","13":"shipping-taxable","14":"product-type-simple"},"acf":[],"_links":{"self":[{"href":"https:\/\/olemosaic.com\/fr\/wp-json\/wp\/v2\/product\/34044","targetHints":{"allow":["GET"]}}],"collection":[{"href":"https:\/\/olemosaic.com\/fr\/wp-json\/wp\/v2\/product"}],"about":[{"href":"https:\/\/olemosaic.com\/fr\/wp-json\/wp\/v2\/types\/product"}],"wp:featuredmedia":[{"embeddable":true,"href":"https:\/\/olemosaic.com\/fr\/wp-json\/wp\/v2\/media\/12654"}],"wp:attachment":[{"href":"https:\/\/olemosaic.com\/fr\/wp-json\/wp\/v2\/media?parent=34044"}],"wp:term":[{"taxonomy":"product_brand","embeddable":true,"href":"https:\/\/olemosaic.com\/fr\/wp-json\/wp\/v2\/product_brand?post=34044"},{"taxonomy":"product_cat","embeddable":true,"href":"https:\/\/olemosaic.com\/fr\/wp-json\/wp\/v2\/product_cat?post=34044"},{"taxonomy":"product_tag","embeddable":true,"href":"https:\/\/olemosaic.com\/fr\/wp-json\/wp\/v2\/product_tag?post=34044"}],"curies":[{"name":"wp","href":"https:\/\/api.w.org\/{rel}","templated":true}]}}