{"id":34034,"date":"2025-02-20T23:35:47","date_gmt":"2025-02-20T22:35:47","guid":{"rendered":"http:\/\/olemosaic.com\/producto\/funda-de-telefono-para-xiaomi-11-tpu-abstracto-azul-2\/"},"modified":"2025-07-25T18:56:02","modified_gmt":"2025-07-25T16:56:02","slug":"coque-de-telephone-pour-xiaomi-11-tpu-abstrait-bleu-2","status":"publish","type":"product","link":"https:\/\/olemosaic.com\/fr\/produit\/coque-de-telephone-pour-xiaomi-11-tpu-abstrait-bleu-2\/","title":{"rendered":"Coque de t\u00e9l\u00e9phone pour Xiaomi 11 (TPU). Abstrait. Barcelone. Bleu"},"content":{"rendered":"<p>Coque pour Xiaomi 11 avec un design abstrait qui \u00e9voque l&rsquo;essence vibrante de Barcelone. Fabriqu\u00e9e en TPU r\u00e9sistant, cette coque se distingue par son attrait visuel, rempli de tons bleus, roses et jaunes dynamiques et fluides qui s&rsquo;entrelacent sur un fond captivant. Le mot \u00ab\u00a0Barcelona\u00a0\u00bb appara\u00eet en lettres blanches, ajoutant une touche distinctive et moderne qui renforce le lien avec cette ville embl\u00e9matique. Le m\u00e9lange de couleurs et de formes ne prot\u00e8ge pas seulement l&rsquo;appareil, mais le transforme \u00e9galement en une pi\u00e8ce d&rsquo;art portable, refl\u00e9tant l&rsquo;esprit cr\u00e9atif qui caract\u00e9rise Barcelone.<\/p>\n<p>Cette coque est une option parfaite pour ceux qui recherchent fonctionnalit\u00e9 et style, permettant aux touristes d&#8217;emporter un morceau de Barcelone avec eux au quotidien. Son design encapsule la culture vibrante et l&rsquo;esprit artistique de la r\u00e9gion, devenant un souvenir id\u00e9al qui capture l&rsquo;identit\u00e9 de la ville. Chez Ol\u00e9 Mosaic, nous nous sp\u00e9cialisons dans la distribution de souvenirs authentiques en gros, et cette coque de t\u00e9l\u00e9phone repr\u00e9sente une excellente option pour les boutiques de cadeaux touristiques \u00e0 la recherche de produits uniques et pertinents. Les souvenirs de Barcelone, comme cette coque, offrent aux visiteurs une mani\u00e8re cr\u00e9ative de se souvenir de leur exp\u00e9rience dans cette ville splendide.<\/p>\n","protected":false},"excerpt":{"rendered":"<p>Coque de t\u00e9l\u00e9phone pour Xiaomi 11 fabriqu\u00e9e en TPU, avec un design abstrait qui se distingue par ses tons vibrants de bleu, rose et jaune. Cet accessoire pr\u00e9sente un fond de formes fluides et dynamiques \u00e9voquant l&rsquo;esprit artistique de Barcelone, compl\u00e9t\u00e9 par le mot \u00ab\u00a0Barcelona\u00a0\u00bb en lettres blanches. Une option id\u00e9ale pour prot\u00e9ger votre appareil tout en ajoutant une touche de couleur et de cr\u00e9ativit\u00e9 \u00e0 votre style quotidien.<\/p>\n","protected":false},"featured_media":12641,"template":"","meta":{"_acf_changed":false},"product_brand":[],"product_cat":[674],"product_tag":[],"class_list":{"0":"post-34034","1":"product","2":"type-product","3":"status-publish","4":"has-post-thumbnail","6":"product_cat-etuis-pour-telephones-portables","7":"pa_ciudad-barcelona","8":"pa_motivo-resume","9":"pa_pais-espana","11":"first","12":"instock","13":"shipping-taxable","14":"product-type-simple"},"acf":[],"_links":{"self":[{"href":"https:\/\/olemosaic.com\/fr\/wp-json\/wp\/v2\/product\/34034","targetHints":{"allow":["GET"]}}],"collection":[{"href":"https:\/\/olemosaic.com\/fr\/wp-json\/wp\/v2\/product"}],"about":[{"href":"https:\/\/olemosaic.com\/fr\/wp-json\/wp\/v2\/types\/product"}],"wp:featuredmedia":[{"embeddable":true,"href":"https:\/\/olemosaic.com\/fr\/wp-json\/wp\/v2\/media\/12641"}],"wp:attachment":[{"href":"https:\/\/olemosaic.com\/fr\/wp-json\/wp\/v2\/media?parent=34034"}],"wp:term":[{"taxonomy":"product_brand","embeddable":true,"href":"https:\/\/olemosaic.com\/fr\/wp-json\/wp\/v2\/product_brand?post=34034"},{"taxonomy":"product_cat","embeddable":true,"href":"https:\/\/olemosaic.com\/fr\/wp-json\/wp\/v2\/product_cat?post=34034"},{"taxonomy":"product_tag","embeddable":true,"href":"https:\/\/olemosaic.com\/fr\/wp-json\/wp\/v2\/product_tag?post=34034"}],"curies":[{"name":"wp","href":"https:\/\/api.w.org\/{rel}","templated":true}]}}