{"id":34031,"date":"2025-02-20T22:35:46","date_gmt":"2025-02-20T22:35:46","guid":{"rendered":"http:\/\/olemosaic.com\/producto\/funda-de-telefono-para-xiaomi-11-tpu-mosaico-barcelona-blanco\/"},"modified":"2025-07-25T19:06:46","modified_gmt":"2025-07-25T17:06:46","slug":"coque-de-telephone-pour-xiaomi-11-tpu-mosaique-barcelone-blanc","status":"publish","type":"product","link":"https:\/\/olemosaic.com\/fr\/produit\/coque-de-telephone-pour-xiaomi-11-tpu-mosaique-barcelone-blanc\/","title":{"rendered":"Coque de t\u00e9l\u00e9phone pour Xiaomi 11 (TPU). Mosa\u00efque. Barcelone. Blanc"},"content":{"rendered":"<p>Coque pour Xiaomi 11 avec un design de mosa\u00efques de Barcelone. Cette coque \u00e9l\u00e9gante, fabriqu\u00e9e en TPU, se distingue par son design vibrant et color\u00e9 qui \u00e9voque la riche essence architecturale de la Cit\u00e9 Comtale. Les motifs g\u00e9om\u00e9triques repr\u00e9sentent les carreaux embl\u00e9matiques de Barcelone, dispos\u00e9s dans une explosion de couleurs vives comme le bleu, le rouge, le jaune et l&rsquo;orange, qui attirent l&rsquo;attention et refl\u00e8tent la cr\u00e9ativit\u00e9 de l&rsquo;art catalan. Le texte \u00ab\u00a0Barcelona\u00a0\u00bb est \u00e9l\u00e9gamment int\u00e9gr\u00e9 au design, apportant une touche d&rsquo;authenticit\u00e9 et de connexion \u00e9motionnelle avec les visiteurs de cette ville merveilleuse.<\/p>\n<p>La coque n&rsquo;offre pas seulement une protection efficace \u00e0 votre appareil, mais agit \u00e9galement comme un rappel constant de la culture et du mode de vie de Barcelone. Ce souvenir est parfait pour les touristes qui cherchent \u00e0 emporter un petit morceau de la ville, \u00e9tant un cadeau id\u00e9al pour tout amateur de culture catalane ou un excellent pr\u00e9sent pour ceux qui souhaitent se souvenir de leur visite. Chez Ol\u00e9 Mosaic, nous nous sp\u00e9cialisons dans la distribution de souvenirs en gros, et cette coque de t\u00e9l\u00e9phone est une option de choix pour les boutiques de cadeaux touristiques cherchant \u00e0 proposer des articles authentiques et repr\u00e9sentatifs de Barcelone. En tant que grossistes d&rsquo;articles de souvenirs, nous garantissons qualit\u00e9 et style dans chaque produit, faisant de cette coque un choix judicieux pour ceux qui appr\u00e9cient la fusion du design et de la fonctionnalit\u00e9.<\/p>\n","protected":false},"excerpt":{"rendered":"<p>Coque pour Xiaomi 11 fabriqu\u00e9e en TPU, orn\u00e9e d&rsquo;un design vibrant de mosa\u00efques \u00e9voquant l&rsquo;architecture barcelonaise. Cet accessoire pr\u00e9sente une vari\u00e9t\u00e9 de couleurs vives, comme le bleu, le rouge et le jaune, dispos\u00e9es en motifs g\u00e9om\u00e9triques inspir\u00e9s des carreaux de la ville. Avec le mot \u00ab\u00a0Barcelona\u00a0\u00bb \u00e9l\u00e9gamment int\u00e9gr\u00e9, cette coque allie style et protection, devenant le compl\u00e9ment id\u00e9al pour les amoureux de la culture catalane.<\/p>\n","protected":false},"featured_media":12634,"template":"","meta":{"_acf_changed":false},"product_brand":[],"product_cat":[674],"product_tag":[],"class_list":{"0":"post-34031","1":"product","2":"type-product","3":"status-publish","4":"has-post-thumbnail","6":"product_cat-etuis-pour-telephones-portables","7":"pa_ciudad-barcelona","8":"pa_motivo-mosaique","9":"pa_pais-espana","11":"first","12":"instock","13":"shipping-taxable","14":"product-type-simple"},"acf":[],"_links":{"self":[{"href":"https:\/\/olemosaic.com\/fr\/wp-json\/wp\/v2\/product\/34031","targetHints":{"allow":["GET"]}}],"collection":[{"href":"https:\/\/olemosaic.com\/fr\/wp-json\/wp\/v2\/product"}],"about":[{"href":"https:\/\/olemosaic.com\/fr\/wp-json\/wp\/v2\/types\/product"}],"wp:featuredmedia":[{"embeddable":true,"href":"https:\/\/olemosaic.com\/fr\/wp-json\/wp\/v2\/media\/12634"}],"wp:attachment":[{"href":"https:\/\/olemosaic.com\/fr\/wp-json\/wp\/v2\/media?parent=34031"}],"wp:term":[{"taxonomy":"product_brand","embeddable":true,"href":"https:\/\/olemosaic.com\/fr\/wp-json\/wp\/v2\/product_brand?post=34031"},{"taxonomy":"product_cat","embeddable":true,"href":"https:\/\/olemosaic.com\/fr\/wp-json\/wp\/v2\/product_cat?post=34031"},{"taxonomy":"product_tag","embeddable":true,"href":"https:\/\/olemosaic.com\/fr\/wp-json\/wp\/v2\/product_tag?post=34031"}],"curies":[{"name":"wp","href":"https:\/\/api.w.org\/{rel}","templated":true}]}}