{"id":34014,"date":"2025-02-20T23:35:46","date_gmt":"2025-02-20T22:35:46","guid":{"rendered":"http:\/\/olemosaic.com\/producto\/funda-de-telefono-para-xiaomi-11-tpu-abstracto-verde-2\/"},"modified":"2025-07-25T18:55:22","modified_gmt":"2025-07-25T16:55:22","slug":"coque-de-telephone-pour-xiaomi-11-tpu-abstrait-vert-2","status":"publish","type":"product","link":"https:\/\/olemosaic.com\/fr\/produit\/coque-de-telephone-pour-xiaomi-11-tpu-abstrait-vert-2\/","title":{"rendered":"Coque de t\u00e9l\u00e9phone pour Xiaomi 11 (TPU). Abstrait. Mosa\u00efque. Vert"},"content":{"rendered":"<p>Coque pour Xiaomi 11 avec un design d&rsquo;art mosa\u00efque. Cette coque est \u00e9labor\u00e9e en TPU, un mat\u00e9riau hautement r\u00e9sistant qui offre une protection optimale pour votre appareil. Son design abstrait frappant \u00e9voque la beaut\u00e9 des mosa\u00efques traditionnelles, avec une couleur verte vibrante combin\u00e9e \u00e0 des tons aigue-marine, orange et cr\u00e8me qui s&rsquo;entrelacent dans un motif complexe. Chaque d\u00e9tail de cette coque souligne l&rsquo;esth\u00e9tique artistique, la transformant en une repr\u00e9sentation visuelle qui ne prot\u00e8ge pas seulement votre t\u00e9l\u00e9phone, mais ajoute \u00e9galement une touche de sophistication et de distinction.<\/p>\n<p>Le design unique de la coque est une c\u00e9l\u00e9bration de la culture m\u00e9diterran\u00e9enne, \u00e9voquant les c\u00e9l\u00e8bres mosa\u00efques qui ont orn\u00e9 les b\u00e2timents et les espaces publics dans toute la r\u00e9gion, en particulier dans des endroits comme l&rsquo;Alhambra de Grenade ou le Park G\u00fcell de Barcelone. Ce souvenir moderne est id\u00e9al pour les touristes et les amateurs d&rsquo;art d\u00e9coratif, car il capture l&rsquo;essence artistique de l&rsquo;Espagne dans un format fonctionnel. Chez Ol\u00e9 Mosaic, nous sommes fiers de proposer des produits authentiques et uniques, et cette coque pour Xiaomi 11 ne fait pas exception. C&rsquo;est une excellente option pour les magasins de cadeaux touristiques qui recherchent des souvenirs de haute qualit\u00e9 et de pertinence culturelle, et une excellente opportunit\u00e9 pour les grossistes qui souhaitent se d\u00e9marquer dans leur s\u00e9lection d&rsquo;accessoires pour mobiles.<\/p>\n","protected":false},"excerpt":{"rendered":"<p>Coque pour Xiaomi 11 fabriqu\u00e9e en TPU, avec un design abstrait qui \u00e9voque la beaut\u00e9 de l&rsquo;art de la mosa\u00efque. Sa couleur verte et les tons aigue-marine, orange et cr\u00e8me se combinent dans un motif complexe qui repr\u00e9sente une mosa\u00efque pr\u00e9cieuse, id\u00e9ale pour ceux qui appr\u00e9cient l&rsquo;art d\u00e9coratif. Cette coque ne prot\u00e8ge pas seulement votre appareil, elle lui ajoute \u00e9galement une touche artistique et distinctive, parfaite pour tout amateur de la culture m\u00e9diterran\u00e9enne.<\/p>\n","protected":false},"featured_media":12636,"template":"","meta":{"_acf_changed":false},"product_brand":[],"product_cat":[674],"product_tag":[],"class_list":{"0":"post-34014","1":"product","2":"type-product","3":"status-publish","4":"has-post-thumbnail","6":"product_cat-etuis-pour-telephones-portables","7":"pa_motivo-resume","9":"first","10":"instock","11":"shipping-taxable","12":"product-type-simple"},"acf":[],"_links":{"self":[{"href":"https:\/\/olemosaic.com\/fr\/wp-json\/wp\/v2\/product\/34014","targetHints":{"allow":["GET"]}}],"collection":[{"href":"https:\/\/olemosaic.com\/fr\/wp-json\/wp\/v2\/product"}],"about":[{"href":"https:\/\/olemosaic.com\/fr\/wp-json\/wp\/v2\/types\/product"}],"wp:featuredmedia":[{"embeddable":true,"href":"https:\/\/olemosaic.com\/fr\/wp-json\/wp\/v2\/media\/12636"}],"wp:attachment":[{"href":"https:\/\/olemosaic.com\/fr\/wp-json\/wp\/v2\/media?parent=34014"}],"wp:term":[{"taxonomy":"product_brand","embeddable":true,"href":"https:\/\/olemosaic.com\/fr\/wp-json\/wp\/v2\/product_brand?post=34014"},{"taxonomy":"product_cat","embeddable":true,"href":"https:\/\/olemosaic.com\/fr\/wp-json\/wp\/v2\/product_cat?post=34014"},{"taxonomy":"product_tag","embeddable":true,"href":"https:\/\/olemosaic.com\/fr\/wp-json\/wp\/v2\/product_tag?post=34014"}],"curies":[{"name":"wp","href":"https:\/\/api.w.org\/{rel}","templated":true}]}}