{"id":34012,"date":"2025-02-20T23:35:45","date_gmt":"2025-02-20T22:35:45","guid":{"rendered":"http:\/\/olemosaic.com\/producto\/funda-de-telefono-para-samsung-a54-tpu-abstracto-azul-2\/"},"modified":"2025-07-25T19:00:01","modified_gmt":"2025-07-25T17:00:01","slug":"coque-de-telephone-pour-samsung-a54-tpu-abstrait-bleu-2","status":"publish","type":"product","link":"https:\/\/olemosaic.com\/fr\/produit\/coque-de-telephone-pour-samsung-a54-tpu-abstrait-bleu-2\/","title":{"rendered":"Coque de t\u00e9l\u00e9phone pour Samsung A54 (TPU). Abstrait. Barcelone. Bleu"},"content":{"rendered":"<p>Coque de t\u00e9l\u00e9phone pour Samsung A54, con\u00e7ue en TPU avec un motif abstrait vibrant qui capture l&rsquo;essence artistique de Barcelone. Ce produit se distingue par son illustration dans des tons bleus et chauds, cr\u00e9ant un jeu de couleurs \u00e9nergique et moderne qui \u00e9voque l&rsquo;architecture et l&rsquo;esprit cr\u00e9atif de la cit\u00e9 comtale. Au centre, le nom \u00ab\u00a0Barcelona\u00a0\u00bb se d\u00e9tache en lettres stylis\u00e9es, soulignant l&rsquo;identit\u00e9 de cette m\u00e9tropole pleine de vie et de culture. La courbure des lignes fluides et les formes dynamiques compl\u00e8tent son design, faisant de cette coque un accessoire aussi attrayant visuellement que fonctionnel. Fabriqu\u00e9e en mat\u00e9riau TPU, elle offre une excellente protection pour votre appareil, le prot\u00e9geant des impacts et des rayures sans sacrifier le style. Id\u00e9ale pour ceux qui recherchent un souvenir authentique et repr\u00e9sentatif de Barcelone, cette coque ne sert pas seulement de protection, mais aussi de rappel de l&rsquo;art et de l&rsquo;\u00e9motion que la ville offre. Chez Ol\u00e9 Mosaic, nous sommes distributeurs de souvenirs authentiques et proposons cette coque de t\u00e9l\u00e9phone comme une option parfaite pour les magasins de cadeaux touristiques souhaitant partager la magie de Barcelone \u00e0 travers des produits uniques et de qualit\u00e9.<\/p>\n","protected":false},"excerpt":{"rendered":"<p>Coque de t\u00e9l\u00e9phone pour Samsung A54 fabriqu\u00e9e en TPU, avec un design abstrait vibrant dans des tons bleus et chauds qui \u00e9voquent l&rsquo;essence de Barcelone. Ce produit se distingue par son illustration artistique, qui combine des lignes fluides et des formes dynamiques, entourant le texte \u00ab\u00a0Barcelona\u00a0\u00bb en lettres stylis\u00e9es. Son mat\u00e9riau flexible offre une excellente protection, ce qui en fait un accessoire attrayant et fonctionnel pour les amoureux de la ville.<\/p>\n","protected":false},"featured_media":12587,"template":"","meta":{"_acf_changed":false},"product_brand":[],"product_cat":[674],"product_tag":[],"class_list":{"0":"post-34012","1":"product","2":"type-product","3":"status-publish","4":"has-post-thumbnail","6":"product_cat-etuis-pour-telephones-portables","7":"pa_ciudad-barcelona","8":"pa_motivo-resume","9":"pa_pais-espana","11":"first","12":"instock","13":"shipping-taxable","14":"product-type-simple"},"acf":[],"_links":{"self":[{"href":"https:\/\/olemosaic.com\/fr\/wp-json\/wp\/v2\/product\/34012","targetHints":{"allow":["GET"]}}],"collection":[{"href":"https:\/\/olemosaic.com\/fr\/wp-json\/wp\/v2\/product"}],"about":[{"href":"https:\/\/olemosaic.com\/fr\/wp-json\/wp\/v2\/types\/product"}],"wp:featuredmedia":[{"embeddable":true,"href":"https:\/\/olemosaic.com\/fr\/wp-json\/wp\/v2\/media\/12587"}],"wp:attachment":[{"href":"https:\/\/olemosaic.com\/fr\/wp-json\/wp\/v2\/media?parent=34012"}],"wp:term":[{"taxonomy":"product_brand","embeddable":true,"href":"https:\/\/olemosaic.com\/fr\/wp-json\/wp\/v2\/product_brand?post=34012"},{"taxonomy":"product_cat","embeddable":true,"href":"https:\/\/olemosaic.com\/fr\/wp-json\/wp\/v2\/product_cat?post=34012"},{"taxonomy":"product_tag","embeddable":true,"href":"https:\/\/olemosaic.com\/fr\/wp-json\/wp\/v2\/product_tag?post=34012"}],"curies":[{"name":"wp","href":"https:\/\/api.w.org\/{rel}","templated":true}]}}