{"id":34011,"date":"2025-02-20T22:35:45","date_gmt":"2025-02-20T22:35:45","guid":{"rendered":"http:\/\/olemosaic.com\/producto\/funda-de-telefono-para-samsung-a54-tpu-salamandra-barcelona-negro\/"},"modified":"2025-07-25T18:42:11","modified_gmt":"2025-07-25T16:42:11","slug":"coque-de-telephone-pour-samsung-a54-tpu-salamandre-barcelone-noir","status":"publish","type":"product","link":"https:\/\/olemosaic.com\/fr\/produit\/coque-de-telephone-pour-samsung-a54-tpu-salamandre-barcelone-noir\/","title":{"rendered":"Coque de t\u00e9l\u00e9phone pour Samsung A54 (TPU). Salamandre. Barcelone. Noir"},"content":{"rendered":"<p>Coque pour t\u00e9l\u00e9phone Samsung A54 d\u00e9cor\u00e9e de salamandres color\u00e9es de style mosa\u00efque, embl\u00e9matiques de Barcelone. Cette coque de haute qualit\u00e9, fabriqu\u00e9e en TPU, combine protection et \u00e9l\u00e9gance, offrant une d\u00e9fense sup\u00e9rieure pour votre appareil mobile. Le fond noir fait ressortir les couleurs vibrantes des figures, cr\u00e9ant un contraste saisissant qui attire tous les regards. Les salamandres, repr\u00e9sent\u00e9es dans des tons bleus, verts et rouges, sont accompagn\u00e9es de fleurs d\u00e9licates, qui ajoutent une touche de fra\u00eecheur \u00e0 son design. L&rsquo;inscription \u00ab\u00a0Barcelona\u00a0\u00bb s&rsquo;affiche avec \u00e9l\u00e9gance, transformant cette coque en un accessoire moderne et une authentique repr\u00e9sentation de la culture catalane.<\/p>\n<p>Cet article n&rsquo;est pas seulement fonctionnel, il agit comme un v\u00e9ritable souvenir de Barcelone, parfait pour ceux qui souhaitent emporter un morceau de la ville avec eux. Les salamandres sont un symbole de l&rsquo;art de la mosa\u00efque, largement utilis\u00e9 dans les \u0153uvres du c\u00e9l\u00e8bre architecte Antoni Gaud\u00ed, une connexion qui rehausse la valeur culturelle de ce produit. Chez Ol\u00e9 Mosaic, en tant que grossistes de coques pour t\u00e9l\u00e9phones, nous sommes fiers de proposer des souvenirs authentiques de qualit\u00e9, id\u00e9aux pour les magasins de cadeaux touristiques qui cherchent \u00e0 attirer les touristes avec un souvenir repr\u00e9sentatif de la ville vibrante de Barcelone. Cette coque est l&rsquo;option parfaite pour ceux qui recherchent des souvenirs uniques c\u00e9l\u00e9brant la riche tradition artistique espagnole.<\/p>\n","protected":false},"excerpt":{"rendered":"<p>Coque pour le t\u00e9l\u00e9phone Samsung A54 fabriqu\u00e9e en TPU, d\u00e9cor\u00e9e de salamandres color\u00e9es de style mosa\u00efque, une ic\u00f4ne de Barcelone. Le fond noir fait ressortir les couleurs vibrantes des figures, avec des d\u00e9tails en bleu, vert et rouge, ainsi que des fleurs qui compl\u00e8tent le design. L&rsquo;inscription \u00ab\u00a0Barcelona\u00a0\u00bb ajoute une touche distinctive, transformant cette coque en un accessoire moderne et repr\u00e9sentatif de la culture catalane, id\u00e9al pour emporter un morceau de la ville avec soi.<\/p>\n","protected":false},"featured_media":12591,"template":"","meta":{"_acf_changed":false},"product_brand":[],"product_cat":[674],"product_tag":[530],"class_list":{"0":"post-34011","1":"product","2":"type-product","3":"status-publish","4":"has-post-thumbnail","6":"product_cat-etuis-pour-telephones-portables","7":"product_tag-animaux","8":"pa_ciudad-barcelona","9":"pa_motivo-salamandres","10":"pa_pais-espana","12":"first","13":"instock","14":"shipping-taxable","15":"product-type-simple"},"acf":[],"_links":{"self":[{"href":"https:\/\/olemosaic.com\/fr\/wp-json\/wp\/v2\/product\/34011","targetHints":{"allow":["GET"]}}],"collection":[{"href":"https:\/\/olemosaic.com\/fr\/wp-json\/wp\/v2\/product"}],"about":[{"href":"https:\/\/olemosaic.com\/fr\/wp-json\/wp\/v2\/types\/product"}],"wp:featuredmedia":[{"embeddable":true,"href":"https:\/\/olemosaic.com\/fr\/wp-json\/wp\/v2\/media\/12591"}],"wp:attachment":[{"href":"https:\/\/olemosaic.com\/fr\/wp-json\/wp\/v2\/media?parent=34011"}],"wp:term":[{"taxonomy":"product_brand","embeddable":true,"href":"https:\/\/olemosaic.com\/fr\/wp-json\/wp\/v2\/product_brand?post=34011"},{"taxonomy":"product_cat","embeddable":true,"href":"https:\/\/olemosaic.com\/fr\/wp-json\/wp\/v2\/product_cat?post=34011"},{"taxonomy":"product_tag","embeddable":true,"href":"https:\/\/olemosaic.com\/fr\/wp-json\/wp\/v2\/product_tag?post=34011"}],"curies":[{"name":"wp","href":"https:\/\/api.w.org\/{rel}","templated":true}]}}