{"id":33994,"date":"2025-02-20T22:35:45","date_gmt":"2025-02-20T22:35:45","guid":{"rendered":"http:\/\/olemosaic.com\/producto\/funda-de-telefono-para-samsung-a54-tpu-gato-barcelona-blanco\/"},"modified":"2025-07-25T20:34:09","modified_gmt":"2025-07-25T18:34:09","slug":"coque-de-telephone-pour-samsung-a54-tpu-chat-barcelone-blanc","status":"publish","type":"product","link":"https:\/\/olemosaic.com\/fr\/produit\/coque-de-telephone-pour-samsung-a54-tpu-chat-barcelone-blanc\/","title":{"rendered":"Coque de t\u00e9l\u00e9phone pour Samsung A54 (TPU). Chat. Barcelone. Blanc"},"content":{"rendered":"<p>Coque de t\u00e9l\u00e9phone pour Samsung A54 avec un design vibrant d&rsquo;un chat, qui capture l&rsquo;essence artistique de Barcelone \u00e0 travers un style de mosa\u00efque unique. Fabriqu\u00e9e en mat\u00e9riau TPU, cette coque ne prot\u00e8ge pas seulement votre appareil, elle devient aussi une pi\u00e8ce d\u00e9corative qui met en valeur l&rsquo;h\u00e9ritage culturel de la ville. Le design illustre un chat dans une gamme de couleurs vives, entour\u00e9 de papillons aux tons joyeux, sur un fond blanc qui rappelle la c\u00e9ramique traditionnelle de la r\u00e9gion. Avec le mot \u00ab\u00a0Barcelone\u00a0\u00bb \u00e9l\u00e9gamment incorpor\u00e9 en bas, cette coque est un souvenir amusant et distinctif de la cit\u00e9 comtale.<\/p>\n<p>Ce produit refl\u00e8te le lien entre la faune locale et l&rsquo;art embl\u00e9matique de Barcelone, \u00e9voquant l&rsquo;\u0153uvre c\u00e9l\u00e8bre de Gaud\u00ed et son influence sur le paysage urbain. C&rsquo;est une excellente option pour les amoureux des chats et de la culture espagnole, parfaite pour ceux qui recherchent un souvenir pratique et styl\u00e9. Ol\u00e9 Mosaic, en tant que distributeur de souvenirs en gros, propose cette coque de t\u00e9l\u00e9phone comme un article id\u00e9al pour les boutiques de cadeaux touristiques, apportant authenticit\u00e9 et couleur \u00e0 la vie quotidienne de ceux qui souhaitent emporter un morceau de Barcelone partout avec eux.<\/p>\n","protected":false},"excerpt":{"rendered":"<p>Coque pour t\u00e9l\u00e9phone Samsung A54, fabriqu\u00e9e en TPU, avec un design vibrant d&rsquo;un chat au style mosa\u00efque barcelonais. L&rsquo;illustration, pleine de couleurs, montre le chat entour\u00e9 de papillons aux tons brillants sur un fond blanc avec des textures \u00e9voquant la c\u00e9ramique. Le design est compl\u00e9t\u00e9 par le mot \u00ab\u00a0Barcelone\u00a0\u00bb, ce qui en fait un souvenir unique et amusant de la ville. Id\u00e9al pour les amoureux des chats et de la culture espagnole.<\/p>\n","protected":false},"featured_media":12576,"template":"","meta":{"_acf_changed":false},"product_brand":[],"product_cat":[674],"product_tag":[530],"class_list":{"0":"post-33994","1":"product","2":"type-product","3":"status-publish","4":"has-post-thumbnail","6":"product_cat-etuis-pour-telephones-portables","7":"product_tag-animaux","8":"pa_ciudad-barcelona","9":"pa_motivo-chats","10":"pa_pais-espana","12":"first","13":"instock","14":"shipping-taxable","15":"product-type-simple"},"acf":[],"_links":{"self":[{"href":"https:\/\/olemosaic.com\/fr\/wp-json\/wp\/v2\/product\/33994","targetHints":{"allow":["GET"]}}],"collection":[{"href":"https:\/\/olemosaic.com\/fr\/wp-json\/wp\/v2\/product"}],"about":[{"href":"https:\/\/olemosaic.com\/fr\/wp-json\/wp\/v2\/types\/product"}],"wp:featuredmedia":[{"embeddable":true,"href":"https:\/\/olemosaic.com\/fr\/wp-json\/wp\/v2\/media\/12576"}],"wp:attachment":[{"href":"https:\/\/olemosaic.com\/fr\/wp-json\/wp\/v2\/media?parent=33994"}],"wp:term":[{"taxonomy":"product_brand","embeddable":true,"href":"https:\/\/olemosaic.com\/fr\/wp-json\/wp\/v2\/product_brand?post=33994"},{"taxonomy":"product_cat","embeddable":true,"href":"https:\/\/olemosaic.com\/fr\/wp-json\/wp\/v2\/product_cat?post=33994"},{"taxonomy":"product_tag","embeddable":true,"href":"https:\/\/olemosaic.com\/fr\/wp-json\/wp\/v2\/product_tag?post=33994"}],"curies":[{"name":"wp","href":"https:\/\/api.w.org\/{rel}","templated":true}]}}