{"id":33993,"date":"2025-02-20T22:35:45","date_gmt":"2025-02-20T22:35:45","guid":{"rendered":"http:\/\/olemosaic.com\/producto\/funda-de-telefono-para-samsung-a54-tpu-gato-barcelona-negro\/"},"modified":"2025-07-25T20:16:20","modified_gmt":"2025-07-25T18:16:20","slug":"coque-de-telephone-pour-samsung-a54-tpu-chat-barcelone-noir","status":"publish","type":"product","link":"https:\/\/olemosaic.com\/fr\/produit\/coque-de-telephone-pour-samsung-a54-tpu-chat-barcelone-noir\/","title":{"rendered":"Coque de t\u00e9l\u00e9phone pour Samsung A54 (TPU). Chat. Barcelone. Noir"},"content":{"rendered":"<p>Coque pour t\u00e9l\u00e9phone Samsung A54 avec un design vibrant d&rsquo;un chat en mosa\u00efque, qui capture l&rsquo;essence artistique de Barcelone. Fabriqu\u00e9e en TPU, cette coque prot\u00e8ge votre appareil tout en offrant une touche unique et color\u00e9e. Le fond noir fait ressortir l&rsquo;effet lumineux du chat, compos\u00e9 de pi\u00e8ces dans les tons bleus, jaunes, verts et rouges, cr\u00e9ant une mosa\u00efque attrayante qui \u00e9voque les designs embl\u00e9matiques de l&rsquo;architecte Antoni Gaud\u00ed. Autour du chat, des papillons multicolores voltigent, ajoutant un air de vie et de cr\u00e9ativit\u00e9 qui repr\u00e9sente le dynamisme de la ville. Le mot \u00ab\u00a0Barcelone\u00a0\u00bb est pr\u00e9sent\u00e9 dans un style cursif \u00e9l\u00e9gant, s&rsquo;int\u00e9grant harmonieusement au design et soulignant le lien de la pi\u00e8ce avec la culture locale.<\/p>\n<p>Cette coque n&rsquo;est pas seulement un accessoire fonctionnel, mais aussi un souvenir authentique de la vibrante culture catalane, parfait pour les touristes \u00e0 la recherche d&rsquo;un souvenir repr\u00e9sentatif de leur visite. Chez Ol\u00e9 Mosaic, nous comprenons l&rsquo;importance de proposer des produits qui refl\u00e8tent la richesse du patrimoine local. Cette coque est id\u00e9ale pour les boutiques de cadeaux touristiques souhaitant int\u00e9grer des articles de qualit\u00e9, offrant \u00e0 leurs clients une pi\u00e8ce qui c\u00e9l\u00e8bre l&rsquo;esprit cr\u00e9atif et color\u00e9 de Barcelone. En tant que grossiste d&rsquo;accessoires, nous garantissons l&rsquo;authenticit\u00e9 et le design qui font de ce souvenir une excellente option pour vos clients.<\/p>\n","protected":false},"excerpt":{"rendered":"<p>Coque pour t\u00e9l\u00e9phone Samsung A54, fabriqu\u00e9e en TPU, avec un design vibrant d&rsquo;un chat en mosa\u00efque qui symbolise l&rsquo;essence artistique de Barcelone. Le fond noir rehausse les couleurs du chat, compos\u00e9 de pi\u00e8ces dans les tons bleus, jaunes, verts et rouges, tandis que des papillons multicolores voltigent autour de lui. Le mot \u00ab\u00a0Barcelone\u00a0\u00bb se distingue par une \u00e9l\u00e9gante typographie cursive, capturant l&rsquo;esprit cr\u00e9atif de la ville. Id\u00e9al pour ceux qui recherchent un accessoire fonctionnel et attrayant.<\/p>\n","protected":false},"featured_media":12592,"template":"","meta":{"_acf_changed":false},"product_brand":[],"product_cat":[674],"product_tag":[530],"class_list":{"0":"post-33993","1":"product","2":"type-product","3":"status-publish","4":"has-post-thumbnail","6":"product_cat-etuis-pour-telephones-portables","7":"product_tag-animaux","8":"pa_ciudad-barcelona","9":"pa_motivo-chats","10":"pa_pais-espana","12":"first","13":"instock","14":"shipping-taxable","15":"product-type-simple"},"acf":[],"_links":{"self":[{"href":"https:\/\/olemosaic.com\/fr\/wp-json\/wp\/v2\/product\/33993","targetHints":{"allow":["GET"]}}],"collection":[{"href":"https:\/\/olemosaic.com\/fr\/wp-json\/wp\/v2\/product"}],"about":[{"href":"https:\/\/olemosaic.com\/fr\/wp-json\/wp\/v2\/types\/product"}],"wp:featuredmedia":[{"embeddable":true,"href":"https:\/\/olemosaic.com\/fr\/wp-json\/wp\/v2\/media\/12592"}],"wp:attachment":[{"href":"https:\/\/olemosaic.com\/fr\/wp-json\/wp\/v2\/media?parent=33993"}],"wp:term":[{"taxonomy":"product_brand","embeddable":true,"href":"https:\/\/olemosaic.com\/fr\/wp-json\/wp\/v2\/product_brand?post=33993"},{"taxonomy":"product_cat","embeddable":true,"href":"https:\/\/olemosaic.com\/fr\/wp-json\/wp\/v2\/product_cat?post=33993"},{"taxonomy":"product_tag","embeddable":true,"href":"https:\/\/olemosaic.com\/fr\/wp-json\/wp\/v2\/product_tag?post=33993"}],"curies":[{"name":"wp","href":"https:\/\/api.w.org\/{rel}","templated":true}]}}