{"id":33990,"date":"2025-02-20T22:35:44","date_gmt":"2025-02-20T22:35:44","guid":{"rendered":"http:\/\/olemosaic.com\/producto\/funda-de-telefono-para-samsung-a54-tpu-sagrada-familia-barcelona-azul\/"},"modified":"2025-07-25T18:51:29","modified_gmt":"2025-07-25T16:51:29","slug":"coque-de-telephone-pour-samsung-a54-tpu-sagrada-familia-barcelone-bleu","status":"publish","type":"product","link":"https:\/\/olemosaic.com\/fr\/produit\/coque-de-telephone-pour-samsung-a54-tpu-sagrada-familia-barcelone-bleu\/","title":{"rendered":"Coque de t\u00e9l\u00e9phone pour Samsung A54 (TPU). Sagrada Familia. Barcelone. Bleu"},"content":{"rendered":"<p>Coque pour t\u00e9l\u00e9phone Samsung A54 avec un design vibrant de la Sagrada Familia de Barcelone. Cette coque, fabriqu\u00e9e en TPU, offre une protection exceptionnelle pour votre appareil, tandis que sa mosa\u00efque color\u00e9e dans les tons bleus, jaunes, rouges et oranges souligne la majest\u00e9 de ce monument architectural embl\u00e9matique. L&rsquo;illustration capture avec beaucoup de d\u00e9tails les tours distinctives et les \u00e9l\u00e9ments architecturaux complexes qui font de la Sagrada Familia un chef-d&rsquo;\u0153uvre du modernisme catalan. En compl\u00e9ment du design, le mot \u00ab\u00a0Barcelone\u00a0\u00bb appara\u00eet \u00e9l\u00e9gamment imprim\u00e9, faisant de cette coque non seulement un accessoire de protection, mais aussi un symbole de fiert\u00e9 locale.<\/p>\n<p>La Sagrada Familia, \u0153uvre du c\u00e9l\u00e8bre architecte Antoni Gaud\u00ed, est l&rsquo;un des symboles les plus embl\u00e9matiques de Barcelone et un t\u00e9moignage de l&rsquo;ing\u00e9niosit\u00e9 artistique de la ville. En choisissant cette coque comme souvenir, les touristes emportent avec eux un morceau de la culture catalane et un souvenir tangible de leur visite. Chez Ol\u00e9 Mosaic, nous nous sp\u00e9cialisons dans la distribution de souvenirs en gros, et cette coque se pr\u00e9sente comme une excellente option pour les boutiques de cadeaux touristiques \u00e0 la recherche de design et d&rsquo;authenticit\u00e9. Avec cette coque pour t\u00e9l\u00e9phone, les acheteurs n&rsquo;acqui\u00e8rent pas seulement un produit fonctionnel, mais aussi un authentique souvenir de Barcelone qui se distingue par son art et sa pertinence culturelle.<\/p>\n","protected":false},"excerpt":{"rendered":"<p>Coque pour t\u00e9l\u00e9phone Samsung A54 fabriqu\u00e9e en TPU, avec un design vibrant de la Sagrada Familia de Barcelone. Elle pr\u00e9sente une mosa\u00efque color\u00e9e dans les tons bleus, jaunes, rouges et oranges qui capture la majest\u00e9 du monument embl\u00e9matique. L&rsquo;illustration met en valeur les tours et les d\u00e9tails architecturaux, avec le mot \u00ab\u00a0Barcelone\u00a0\u00bb \u00e9l\u00e9gamment imprim\u00e9. Cette coque ne prot\u00e8ge pas seulement votre appareil, elle rend \u00e9galement hommage \u00e0 l&rsquo;un des symboles les plus embl\u00e9matiques de la ville.<\/p>\n","protected":false},"featured_media":12585,"template":"","meta":{"_acf_changed":false},"product_brand":[],"product_cat":[674],"product_tag":[],"class_list":{"0":"post-33990","1":"product","2":"type-product","3":"status-publish","4":"has-post-thumbnail","6":"product_cat-etuis-pour-telephones-portables","7":"pa_ciudad-barcelona","8":"pa_motivo-sagrada-familia","9":"pa_pais-espana","11":"first","12":"instock","13":"shipping-taxable","14":"product-type-simple"},"acf":[],"_links":{"self":[{"href":"https:\/\/olemosaic.com\/fr\/wp-json\/wp\/v2\/product\/33990","targetHints":{"allow":["GET"]}}],"collection":[{"href":"https:\/\/olemosaic.com\/fr\/wp-json\/wp\/v2\/product"}],"about":[{"href":"https:\/\/olemosaic.com\/fr\/wp-json\/wp\/v2\/types\/product"}],"wp:featuredmedia":[{"embeddable":true,"href":"https:\/\/olemosaic.com\/fr\/wp-json\/wp\/v2\/media\/12585"}],"wp:attachment":[{"href":"https:\/\/olemosaic.com\/fr\/wp-json\/wp\/v2\/media?parent=33990"}],"wp:term":[{"taxonomy":"product_brand","embeddable":true,"href":"https:\/\/olemosaic.com\/fr\/wp-json\/wp\/v2\/product_brand?post=33990"},{"taxonomy":"product_cat","embeddable":true,"href":"https:\/\/olemosaic.com\/fr\/wp-json\/wp\/v2\/product_cat?post=33990"},{"taxonomy":"product_tag","embeddable":true,"href":"https:\/\/olemosaic.com\/fr\/wp-json\/wp\/v2\/product_tag?post=33990"}],"curies":[{"name":"wp","href":"https:\/\/api.w.org\/{rel}","templated":true}]}}