{"id":33959,"date":"2025-02-20T22:35:44","date_gmt":"2025-02-20T22:35:44","guid":{"rendered":"http:\/\/olemosaic.com\/producto\/funda-de-telefono-para-samsung-a54-tpu-salamandra-barcelona-blanco\/"},"modified":"2025-07-25T19:42:55","modified_gmt":"2025-07-25T17:42:55","slug":"coque-de-telephone-pour-samsung-a54-tpu-salamandre-barcelone-blanc","status":"publish","type":"product","link":"https:\/\/olemosaic.com\/fr\/produit\/coque-de-telephone-pour-samsung-a54-tpu-salamandre-barcelone-blanc\/","title":{"rendered":"Coque de t\u00e9l\u00e9phone pour Samsung A54 (TPU). Salamandre. Barcelone. Blanc"},"content":{"rendered":"<p>Coque pour t\u00e9l\u00e9phone Samsung A54 avec un design de salamandre inspir\u00e9 par la cr\u00e9ativit\u00e9 vibrante de Barcelone. Cette coque, fabriqu\u00e9e en TPU, se distingue par son graphique spectaculaire repr\u00e9sentant la c\u00e9l\u00e8bre salamandre, une ic\u00f4ne du modernisme catalan. Le fond blanc pr\u00e9sente une mosa\u00efque qui \u00e9voque l&rsquo;esth\u00e9tique des \u0153uvres de Gaud\u00ed, parsem\u00e9e de fleurs color\u00e9es qui ajoutent une touche de joie et de vitalit\u00e9. La salamandre, dans des tons verts, bleus et rouges, semble prendre vie, symbolisant la diversit\u00e9 et le dynamisme de la culture barcelonaise.<\/p>\n<p>Le mot \u00ab\u00a0Barcelona\u00a0\u00bb est \u00e9l\u00e9gamment imprim\u00e9 dans la partie inf\u00e9rieure, compl\u00e9tant le design avec un style contemporain et artistique. Cet accessoire ne prot\u00e8ge pas seulement votre t\u00e9l\u00e9phone, mais sert \u00e9galement de magnifique rappel de l&rsquo;une des villes les plus embl\u00e9matiques d&rsquo;Espagne. Le lien culturel de la coque avec Barcelone est ind\u00e9niable, repr\u00e9sentant non seulement l&rsquo;innovation artistique, mais aussi la fiert\u00e9 locale.<\/p>\n<p>Chez Ol\u00e9 Mosaic, nous nous sp\u00e9cialisons dans la distribution de souvenirs authentiques et de qualit\u00e9. Cette coque est une excellente option pour les touristes et les boutiques de cadeaux qui recherchent des articles repr\u00e9sentatifs du riche h\u00e9ritage culturel de Barcelone. Avec nos coques de t\u00e9l\u00e9phone en gros, nous garantissons un produit qui combine fonctionnalit\u00e9 et art, faisant en sorte que chaque client emporte avec lui un symbole de Barcelone.<\/p>\n","protected":false},"excerpt":{"rendered":"<p>Coque pour t\u00e9l\u00e9phone Samsung A54 en TPU, avec un design vibrant de salamandre inspir\u00e9 par la cr\u00e9ativit\u00e9 de Barcelone. Cet accessoire pr\u00e9sente un fond blanc avec une mosa\u00efque \u00e9voquant l&rsquo;esth\u00e9tique moderniste catalane, orn\u00e9 de fleurs color\u00e9es et d&rsquo;une salamandre dans des tons verts, bleus et rouges. Le mot \u00ab\u00a0Barcelona\u00a0\u00bb est imprim\u00e9 dans la partie inf\u00e9rieure, compl\u00e9tant le style artistique de la pi\u00e8ce, id\u00e9al pour ceux qui souhaitent emporter un morceau de cette ville vibrante.<\/p>\n","protected":false},"featured_media":12575,"template":"","meta":{"_acf_changed":false},"product_brand":[],"product_cat":[674],"product_tag":[530],"class_list":{"0":"post-33959","1":"product","2":"type-product","3":"status-publish","4":"has-post-thumbnail","6":"product_cat-etuis-pour-telephones-portables","7":"product_tag-animaux","8":"pa_ciudad-barcelona","9":"pa_motivo-salamandres","10":"pa_pais-espana","12":"first","13":"instock","14":"shipping-taxable","15":"product-type-simple"},"acf":[],"_links":{"self":[{"href":"https:\/\/olemosaic.com\/fr\/wp-json\/wp\/v2\/product\/33959","targetHints":{"allow":["GET"]}}],"collection":[{"href":"https:\/\/olemosaic.com\/fr\/wp-json\/wp\/v2\/product"}],"about":[{"href":"https:\/\/olemosaic.com\/fr\/wp-json\/wp\/v2\/types\/product"}],"wp:featuredmedia":[{"embeddable":true,"href":"https:\/\/olemosaic.com\/fr\/wp-json\/wp\/v2\/media\/12575"}],"wp:attachment":[{"href":"https:\/\/olemosaic.com\/fr\/wp-json\/wp\/v2\/media?parent=33959"}],"wp:term":[{"taxonomy":"product_brand","embeddable":true,"href":"https:\/\/olemosaic.com\/fr\/wp-json\/wp\/v2\/product_brand?post=33959"},{"taxonomy":"product_cat","embeddable":true,"href":"https:\/\/olemosaic.com\/fr\/wp-json\/wp\/v2\/product_cat?post=33959"},{"taxonomy":"product_tag","embeddable":true,"href":"https:\/\/olemosaic.com\/fr\/wp-json\/wp\/v2\/product_tag?post=33959"}],"curies":[{"name":"wp","href":"https:\/\/api.w.org\/{rel}","templated":true}]}}