{"id":33957,"date":"2025-02-20T22:35:44","date_gmt":"2025-02-20T22:35:44","guid":{"rendered":"http:\/\/olemosaic.com\/producto\/funda-de-telefono-para-samsung-a54-tpu-abstracto-azul\/"},"modified":"2025-07-25T19:12:16","modified_gmt":"2025-07-25T17:12:16","slug":"coque-de-telephone-pour-samsung-a54-tpu-abstrait-bleu","status":"publish","type":"product","link":"https:\/\/olemosaic.com\/fr\/produit\/coque-de-telephone-pour-samsung-a54-tpu-abstrait-bleu\/","title":{"rendered":"Coque de t\u00e9l\u00e9phone pour Samsung A54 (TPU). Abstrait. Bleu"},"content":{"rendered":"<p>Coque pour t\u00e9l\u00e9phone Samsung A54 avec un design abstrait et un d\u00e9grad\u00e9 vibrant. Cette coque de haute qualit\u00e9, fabriqu\u00e9e en TPU, combine protection et style, se distinguant par sa finition douce et sa texture en forme de losanges qui capte la lumi\u00e8re de mani\u00e8re dynamique. Le m\u00e9lange de couleurs bleu, vert, jaune et rouge offre un effet visuel contemporain, id\u00e9al pour personnaliser votre appareil et le faire briller en toute situation. Le design abstrait souligne la modernit\u00e9 et la cr\u00e9ativit\u00e9, en faisant une excellente option pour ceux qui recherchent un accessoire distinctif qui prot\u00e8ge leur t\u00e9l\u00e9phone sans renoncer \u00e0 l&rsquo;esth\u00e9tique.<\/p>\n<p>Plus qu&rsquo;un simple accessoire, ce produit devient un authentique souvenir qui refl\u00e8te la vibrante culture contemporaine. Sa pertinence en tant que souvenir le rend id\u00e9al pour les touristes qui souhaitent emporter un morceau d&rsquo;art fonctionnel. Chez Ol\u00e9 Mosaic, nous nous sp\u00e9cialisons dans la distribution en gros de produits authentiques et de qualit\u00e9, parfaits pour les boutiques de cadeaux touristiques qui veulent offrir \u00e0 leurs clients le meilleur des souvenirs. Avec cette coque, vous garantissez une option attrayante et utile, id\u00e9ale pour ceux qui souhaitent prot\u00e9ger et personnaliser leur Samsung A54.<\/p>\n","protected":false},"excerpt":{"rendered":"<p>Coque de t\u00e9l\u00e9phone pour Samsung A54 en TPU avec un design abstrait et un d\u00e9grad\u00e9 vibrant de couleurs bleu, vert, jaune et rouge. Elle se distingue par sa finition douce et sa texture de losanges, offrant une protection efficace et un style moderne. Id\u00e9ale pour ceux qui recherchent la fonctionnalit\u00e9 et une touche artistique sur leur appareil. Parfaite pour prot\u00e9ger et personnaliser votre t\u00e9l\u00e9phone avec un design contemporain.<\/p>\n","protected":false},"featured_media":12590,"template":"","meta":{"_acf_changed":false},"product_brand":[],"product_cat":[674],"product_tag":[],"class_list":{"0":"post-33957","1":"product","2":"type-product","3":"status-publish","4":"has-post-thumbnail","6":"product_cat-etuis-pour-telephones-portables","7":"pa_motivo-resume","9":"first","10":"instock","11":"shipping-taxable","12":"product-type-simple"},"acf":[],"_links":{"self":[{"href":"https:\/\/olemosaic.com\/fr\/wp-json\/wp\/v2\/product\/33957","targetHints":{"allow":["GET"]}}],"collection":[{"href":"https:\/\/olemosaic.com\/fr\/wp-json\/wp\/v2\/product"}],"about":[{"href":"https:\/\/olemosaic.com\/fr\/wp-json\/wp\/v2\/types\/product"}],"wp:featuredmedia":[{"embeddable":true,"href":"https:\/\/olemosaic.com\/fr\/wp-json\/wp\/v2\/media\/12590"}],"wp:attachment":[{"href":"https:\/\/olemosaic.com\/fr\/wp-json\/wp\/v2\/media?parent=33957"}],"wp:term":[{"taxonomy":"product_brand","embeddable":true,"href":"https:\/\/olemosaic.com\/fr\/wp-json\/wp\/v2\/product_brand?post=33957"},{"taxonomy":"product_cat","embeddable":true,"href":"https:\/\/olemosaic.com\/fr\/wp-json\/wp\/v2\/product_cat?post=33957"},{"taxonomy":"product_tag","embeddable":true,"href":"https:\/\/olemosaic.com\/fr\/wp-json\/wp\/v2\/product_tag?post=33957"}],"curies":[{"name":"wp","href":"https:\/\/api.w.org\/{rel}","templated":true}]}}