{"id":33955,"date":"2025-02-20T23:35:43","date_gmt":"2025-02-20T22:35:43","guid":{"rendered":"http:\/\/olemosaic.com\/producto\/funda-de-telefono-para-samsung-a54-tpu-abstracto-verde\/"},"modified":"2025-07-25T20:07:09","modified_gmt":"2025-07-25T18:07:09","slug":"coque-de-telephone-pour-samsung-a54-tpu-abstrait-vert","status":"publish","type":"product","link":"https:\/\/olemosaic.com\/fr\/produit\/coque-de-telephone-pour-samsung-a54-tpu-abstrait-vert\/","title":{"rendered":"Coque de t\u00e9l\u00e9phone pour Samsung A54 (TPU). Abstrait. Vert"},"content":{"rendered":"<p>Coque pour t\u00e9l\u00e9phone Samsung A54 avec un design abstrait de mosa\u00efque. Cette coque, fabriqu\u00e9e en TPU de haute qualit\u00e9, pr\u00e9sente un motif vibrant qui \u00e9voque l&rsquo;essence de l&rsquo;art de la mosa\u00efque, avec une combinaison dynamique de tons verts, bleus, oranges et jaunes. Chaque couleur s&rsquo;entrelace dans un design fluide qui non seulement ajoute un attrait visuel, mais souligne \u00e9galement la cr\u00e9ativit\u00e9 et le style contemporain, id\u00e9al pour ceux qui souhaitent prot\u00e9ger leur appareil avec une touche artistique. Sa finition douce et moul\u00e9e s&rsquo;adapte parfaitement aux lignes du Samsung A54, offrant une sensation agr\u00e9able au toucher et garantissant une l\u00e9g\u00e8re protection contre les chutes et les chocs quotidiens.<\/p>\n<p>Ce produit n&rsquo;est pas seulement un accessoire fonctionnel, mais aussi un symbole de la riche tradition artisanale qui caract\u00e9rise l&rsquo;Espagne et le Portugal, o\u00f9 l&rsquo;art de la mosa\u00efque est appr\u00e9ci\u00e9 depuis des si\u00e8cles. Le lien culturel de cette coque en fait un excellent souvenir, id\u00e9al pour les touristes \u00e0 la recherche de souvenirs authentiques refl\u00e9tant l&rsquo;h\u00e9ritage artistique de la r\u00e9gion. Chez Ol\u00e9 Mosaic, nous sommes fiers d&rsquo;\u00eatre des grossistes d&rsquo;accessoires uniques, offrant des produits au design tr\u00e8s sp\u00e9cial et de haute qualit\u00e9, parfaits pour les boutiques de cadeaux touristiques qui appr\u00e9cient l&rsquo;authenticit\u00e9 et la pertinence culturelle. Cette coque est un choix parfait pour ceux qui souhaitent emporter un morceau d&rsquo;art et de tradition dans leur vie quotidienne.<\/p>\n","protected":false},"excerpt":{"rendered":"<p>Coque pour le t\u00e9l\u00e9phone Samsung A54, fabriqu\u00e9e en TPU avec un design abstrait et color\u00e9. Elle pr\u00e9sente un motif rappelant une mosa\u00efque, avec une combinaison de verts, bleus, oranges et jaunes qui cr\u00e9ent un effet visuel dynamique et attrayant. Cet accessoire prot\u00e8ge non seulement votre appareil, mais ajoute \u00e9galement une touche artistique, id\u00e9ale pour ceux qui appr\u00e9cient le design contemporain. Sa finition douce et moul\u00e9e garantit un ajustement parfait et une l\u00e9g\u00e8re protection contre les chutes.<\/p>\n","protected":false},"featured_media":12582,"template":"","meta":{"_acf_changed":false},"product_brand":[],"product_cat":[674],"product_tag":[],"class_list":{"0":"post-33955","1":"product","2":"type-product","3":"status-publish","4":"has-post-thumbnail","6":"product_cat-etuis-pour-telephones-portables","7":"pa_motivo-resume","9":"first","10":"instock","11":"shipping-taxable","12":"product-type-simple"},"acf":[],"_links":{"self":[{"href":"https:\/\/olemosaic.com\/fr\/wp-json\/wp\/v2\/product\/33955","targetHints":{"allow":["GET"]}}],"collection":[{"href":"https:\/\/olemosaic.com\/fr\/wp-json\/wp\/v2\/product"}],"about":[{"href":"https:\/\/olemosaic.com\/fr\/wp-json\/wp\/v2\/types\/product"}],"wp:featuredmedia":[{"embeddable":true,"href":"https:\/\/olemosaic.com\/fr\/wp-json\/wp\/v2\/media\/12582"}],"wp:attachment":[{"href":"https:\/\/olemosaic.com\/fr\/wp-json\/wp\/v2\/media?parent=33955"}],"wp:term":[{"taxonomy":"product_brand","embeddable":true,"href":"https:\/\/olemosaic.com\/fr\/wp-json\/wp\/v2\/product_brand?post=33955"},{"taxonomy":"product_cat","embeddable":true,"href":"https:\/\/olemosaic.com\/fr\/wp-json\/wp\/v2\/product_cat?post=33955"},{"taxonomy":"product_tag","embeddable":true,"href":"https:\/\/olemosaic.com\/fr\/wp-json\/wp\/v2\/product_tag?post=33955"}],"curies":[{"name":"wp","href":"https:\/\/api.w.org\/{rel}","templated":true}]}}