{"id":33949,"date":"2025-02-20T22:35:43","date_gmt":"2025-02-20T22:35:43","guid":{"rendered":"http:\/\/olemosaic.com\/producto\/funda-de-telefono-para-samsung-a34-tpu-sagrada-familia-barcelona-azul\/"},"modified":"2025-07-25T18:50:42","modified_gmt":"2025-07-25T16:50:42","slug":"coque-de-telephone-pour-samsung-a34-tpu-sagrada-familia-barcelone-bleu","status":"publish","type":"product","link":"https:\/\/olemosaic.com\/fr\/produit\/coque-de-telephone-pour-samsung-a34-tpu-sagrada-familia-barcelone-bleu\/","title":{"rendered":"Coque de t\u00e9l\u00e9phone pour Samsung A34 (TPU). Sagrada Familia. Barcelone. Bleu"},"content":{"rendered":"<p>Coque pour t\u00e9l\u00e9phone Samsung A34 d\u00e9cor\u00e9e d&rsquo;une illustration vibrante de l&#8217;embl\u00e9matique Sagrada Familia de Barcelone. Cette coque, fabriqu\u00e9e en TPU r\u00e9sistant, offre non seulement une protection optimale pour votre appareil, mais l&rsquo;orne \u00e9galement d&rsquo;une repr\u00e9sentation spectaculaire de l&rsquo;un des monuments les plus embl\u00e9matiques de Catalogne. L&rsquo;illustration se distingue par son utilisation de couleurs bleues et chaudes, \u00e9voquant le ciel ensoleill\u00e9 de Barcelone, et pr\u00e9sente en d\u00e9tail la fa\u00e7ade spectaculaire et les tours imposantes de la basilique, capturant son essence architecturale moderniste, \u0153uvre du c\u00e9l\u00e8bre Antoni Gaud\u00ed. Le design inclut le mot \u00ab\u00a0Barcelona\u00a0\u00bb dans un style moderne, apportant une touche contemporaine \u00e0 cette pi\u00e8ce qui c\u00e9l\u00e8bre le patrimoine culturel catalan. Id\u00e9ale comme souvenir, cette coque de t\u00e9l\u00e9phone est parfaite pour les touristes qui cherchent \u00e0 emporter avec eux un morceau de la beaut\u00e9 de la ville, et devient un souvenir fonctionnel et m\u00e9morable de leur visite. Chez Ol\u00e9 Mosaic, nous nous sp\u00e9cialisons dans la distribution de souvenirs en gros, offrant des produits authentiques qui refl\u00e8tent la riche histoire de l&rsquo;Espagne, comme cette coque de la Sagrada Familia, qui incarne la magie de Barcelone et constitue un excellent cadeau pour toute boutique de cadeaux touristiques.<\/p>\n","protected":false},"excerpt":{"rendered":"<p>Coque pour t\u00e9l\u00e9phone Samsung A34 fabriqu\u00e9e en TPU, d\u00e9cor\u00e9e d&rsquo;une illustration vibrante de la Sagrada Familia de Barcelone. Ce design, qui combine des couleurs bleues et chaudes, met en valeur les d\u00e9tails architecturaux embl\u00e9matiques de la basilique, repr\u00e9sentant sa fa\u00e7ade et ses tours iconiques. Avec le texte \u00ab\u00a0Barcelona\u00a0\u00bb dans un style moderne, cette coque prot\u00e8ge non seulement votre appareil, mais c\u00e9l\u00e8bre \u00e9galement la beaut\u00e9 du patrimoine culturel catalan.<\/p>\n","protected":false},"featured_media":12565,"template":"","meta":{"_acf_changed":false},"product_brand":[],"product_cat":[674],"product_tag":[],"class_list":{"0":"post-33949","1":"product","2":"type-product","3":"status-publish","4":"has-post-thumbnail","6":"product_cat-etuis-pour-telephones-portables","7":"pa_ciudad-barcelona","8":"pa_motivo-sagrada-familia","9":"pa_pais-espana","11":"first","12":"instock","13":"shipping-taxable","14":"product-type-simple"},"acf":[],"_links":{"self":[{"href":"https:\/\/olemosaic.com\/fr\/wp-json\/wp\/v2\/product\/33949","targetHints":{"allow":["GET"]}}],"collection":[{"href":"https:\/\/olemosaic.com\/fr\/wp-json\/wp\/v2\/product"}],"about":[{"href":"https:\/\/olemosaic.com\/fr\/wp-json\/wp\/v2\/types\/product"}],"wp:featuredmedia":[{"embeddable":true,"href":"https:\/\/olemosaic.com\/fr\/wp-json\/wp\/v2\/media\/12565"}],"wp:attachment":[{"href":"https:\/\/olemosaic.com\/fr\/wp-json\/wp\/v2\/media?parent=33949"}],"wp:term":[{"taxonomy":"product_brand","embeddable":true,"href":"https:\/\/olemosaic.com\/fr\/wp-json\/wp\/v2\/product_brand?post=33949"},{"taxonomy":"product_cat","embeddable":true,"href":"https:\/\/olemosaic.com\/fr\/wp-json\/wp\/v2\/product_cat?post=33949"},{"taxonomy":"product_tag","embeddable":true,"href":"https:\/\/olemosaic.com\/fr\/wp-json\/wp\/v2\/product_tag?post=33949"}],"curies":[{"name":"wp","href":"https:\/\/api.w.org\/{rel}","templated":true}]}}