{"id":33947,"date":"2025-02-20T22:35:43","date_gmt":"2025-02-20T22:35:43","guid":{"rendered":"http:\/\/olemosaic.com\/producto\/funda-de-telefono-para-samsung-a34-tpu-mosaico-barcelona-blanco\/"},"modified":"2025-07-25T20:36:28","modified_gmt":"2025-07-25T18:36:28","slug":"coque-de-telephone-pour-samsung-a34-tpu-mosaique-barcelone-blanc","status":"publish","type":"product","link":"https:\/\/olemosaic.com\/fr\/produit\/coque-de-telephone-pour-samsung-a34-tpu-mosaique-barcelone-blanc\/","title":{"rendered":"Coque de t\u00e9l\u00e9phone pour Samsung A34 (TPU). Mosa\u00efque. Barcelone. Blanc"},"content":{"rendered":"<p>Coque pour Samsung A34 avec un design vibrant de mosa\u00efque barcelonaise. Cette coque, fabriqu\u00e9e en TPU de haute qualit\u00e9, pr\u00e9sente un fond blanc attrayant qui rehausse un motif exquis de carreaux aux couleurs vives bleu, rouge et orange, inspir\u00e9 de la riche tradition artistique de la cit\u00e9 comtale. Chaque carreau a \u00e9t\u00e9 con\u00e7u avec pr\u00e9cision, fusionnant des motifs floraux et g\u00e9om\u00e9triques qui \u00e9voquent le style distinctif des c\u00e9l\u00e8bres mosa\u00efques ornant les rues et les b\u00e2timents de Barcelone, comme ceux de Gaud\u00ed. Le texte \u00ab\u00a0Barcelona\u00a0\u00bb en italique ajoute une touche personnelle et moderne, transformant cette coque en un souvenir unique et authentique de l&#8217;embl\u00e9matique culture catalane.<\/p>\n<p>Cette coque prot\u00e8ge non seulement votre appareil, mais vous permet \u00e9galement d&#8217;emporter avec vous un morceau de l&rsquo;essence vibrante de Barcelone, ce qui en fait le choix id\u00e9al pour ceux qui recherchent des souvenirs repr\u00e9sentatifs de la ville. De plus, son design l\u00e9ger et r\u00e9sistant assure une facilit\u00e9 d&rsquo;utilisation, tout en prot\u00e9geant votre t\u00e9l\u00e9phone des chocs et des rayures.<\/p>\n<p>Chez Ol\u00e9 Mosaic, nous distribuons des produits de qualit\u00e9 en gros, comme cette coque de t\u00e9l\u00e9phone originale, parfaite pour les boutiques de cadeaux touristiques \u00e0 la recherche d&rsquo;articles authentiques et culturels. Offrir ou acqu\u00e9rir cette coque est une excellente option pour tous ceux qui souhaitent se souvenir de leur visite \u00e0 Barcelone avec une touche de style et de couleur.<\/p>\n","protected":false},"excerpt":{"rendered":"<p>Coque de t\u00e9l\u00e9phone pour Samsung A34 en TPU, d\u00e9cor\u00e9e d&rsquo;un design vibrant de mosa\u00efque inspir\u00e9 de la riche tradition artistique de Barcelone. Cet accessoire pr\u00e9sente un fond blanc qui fait ressortir les carreaux color\u00e9s dans les tons bleus, rouges et oranges, cr\u00e9ant un effet visuel attrayant. Le texte \u00ab\u00a0Barcelona\u00a0\u00bb en italique ajoute une touche personnalis\u00e9e, faisant de cette coque une option id\u00e9ale pour ceux qui souhaitent emporter avec eux un morceau de l&#8217;embl\u00e9matique culture catalane.<\/p>\n","protected":false},"featured_media":12560,"template":"","meta":{"_acf_changed":false},"product_brand":[],"product_cat":[674],"product_tag":[],"class_list":{"0":"post-33947","1":"product","2":"type-product","3":"status-publish","4":"has-post-thumbnail","6":"product_cat-etuis-pour-telephones-portables","7":"pa_ciudad-barcelona","8":"pa_motivo-mosaique","9":"pa_pais-espana","11":"first","12":"instock","13":"shipping-taxable","14":"product-type-simple"},"acf":[],"_links":{"self":[{"href":"https:\/\/olemosaic.com\/fr\/wp-json\/wp\/v2\/product\/33947","targetHints":{"allow":["GET"]}}],"collection":[{"href":"https:\/\/olemosaic.com\/fr\/wp-json\/wp\/v2\/product"}],"about":[{"href":"https:\/\/olemosaic.com\/fr\/wp-json\/wp\/v2\/types\/product"}],"wp:featuredmedia":[{"embeddable":true,"href":"https:\/\/olemosaic.com\/fr\/wp-json\/wp\/v2\/media\/12560"}],"wp:attachment":[{"href":"https:\/\/olemosaic.com\/fr\/wp-json\/wp\/v2\/media?parent=33947"}],"wp:term":[{"taxonomy":"product_brand","embeddable":true,"href":"https:\/\/olemosaic.com\/fr\/wp-json\/wp\/v2\/product_brand?post=33947"},{"taxonomy":"product_cat","embeddable":true,"href":"https:\/\/olemosaic.com\/fr\/wp-json\/wp\/v2\/product_cat?post=33947"},{"taxonomy":"product_tag","embeddable":true,"href":"https:\/\/olemosaic.com\/fr\/wp-json\/wp\/v2\/product_tag?post=33947"}],"curies":[{"name":"wp","href":"https:\/\/api.w.org\/{rel}","templated":true}]}}