{"id":33946,"date":"2025-02-20T23:35:43","date_gmt":"2025-02-20T22:35:43","guid":{"rendered":"http:\/\/olemosaic.com\/producto\/funda-de-telefono-para-samsung-a34-tpu-panoramica-barcelona-azul-2\/"},"modified":"2025-07-25T23:01:54","modified_gmt":"2025-07-25T21:01:54","slug":"coque-de-telephone-pour-samsung-a34-tpu-panoramique-mosaique-barcelone-bleu","status":"publish","type":"product","link":"https:\/\/olemosaic.com\/fr\/produit\/coque-de-telephone-pour-samsung-a34-tpu-panoramique-mosaique-barcelone-bleu\/","title":{"rendered":"Coque de t\u00e9l\u00e9phone pour Samsung A34 (TPU). Panoramique. Mosa\u00efque. Barcelone. Bleu"},"content":{"rendered":"<p>Coque pour Samsung A34 avec une panoramique vibrante de Barcelone qui fusionne style et protection. Fabriqu\u00e9e en TPU de haute qualit\u00e9, cette coque pr\u00e9sente un design artistique dans les tons bleus, mettant en avant des \u00e9l\u00e9ments embl\u00e9matiques de la capitale catalane, tels que l&rsquo;imposante Sagrada Familia et les mosa\u00efques incomparables du Parc G\u00fcell. Le fond bleu brillant \u00e9voque le ciel lumineux de Barcelone, tandis que les couleurs vives des b\u00e2timents et des mosa\u00efques ajoutent une touche de modernit\u00e9 et de cr\u00e9ativit\u00e9, capturant l&rsquo;essence de la ville.<\/p>\n<p>Id\u00e9ale pour ceux qui souhaitent afficher leur amour pour Barcelone, cette coque prot\u00e8ge non seulement l&rsquo;appareil des chocs et des rayures, mais constitue \u00e9galement un excellent souvenir, repr\u00e9sentant le riche h\u00e9ritage culturel et architectural de la r\u00e9gion. Les d\u00e9tails artistiques de l&rsquo;illustration refl\u00e8tent la fusion entre tradition et avant-garde qui caract\u00e9rise la ville, transformant chaque regard en un voyage \u00e0 travers ses coins les plus embl\u00e9matiques. Chez Ol\u00e9 Mosaic, nous distribuons des souvenirs de Barcelone en gros et cette coque est une option parfaite pour les boutiques de cadeaux touristiques qui cherchent \u00e0 offrir des produits authentiques et de qualit\u00e9. Ce n&rsquo;est pas seulement un accessoire fonctionnel, mais un embl\u00e8me de la beaut\u00e9 de Barcelone.<\/p>\n","protected":false},"excerpt":{"rendered":"<p>Coque pour t\u00e9l\u00e9phone Samsung A34 fabriqu\u00e9e en TPU, pr\u00e9sentant une panoramique vibrante de Barcelone dans les tons bleus. Ce design color\u00e9 combine des \u00e9l\u00e9ments embl\u00e9matiques de la ville, comme la Sagrada Familia et les mosa\u00efques color\u00e9es inspir\u00e9es du Parc G\u00fcell, cr\u00e9ant une repr\u00e9sentation artistique et moderne de la capitale catalane. Protection et style se rejoignent dans cette coque, id\u00e9ale pour ceux qui veulent montrer leur amour pour Barcelone.<\/p>\n","protected":false},"featured_media":12564,"template":"","meta":{"_acf_changed":false},"product_brand":[],"product_cat":[674],"product_tag":[],"class_list":{"0":"post-33946","1":"product","2":"type-product","3":"status-publish","4":"has-post-thumbnail","6":"product_cat-etuis-pour-telephones-portables","7":"pa_ciudad-barcelona","8":"pa_motivo-panoramas","9":"pa_pais-espana","11":"first","12":"instock","13":"shipping-taxable","14":"product-type-simple"},"acf":[],"_links":{"self":[{"href":"https:\/\/olemosaic.com\/fr\/wp-json\/wp\/v2\/product\/33946","targetHints":{"allow":["GET"]}}],"collection":[{"href":"https:\/\/olemosaic.com\/fr\/wp-json\/wp\/v2\/product"}],"about":[{"href":"https:\/\/olemosaic.com\/fr\/wp-json\/wp\/v2\/types\/product"}],"wp:featuredmedia":[{"embeddable":true,"href":"https:\/\/olemosaic.com\/fr\/wp-json\/wp\/v2\/media\/12564"}],"wp:attachment":[{"href":"https:\/\/olemosaic.com\/fr\/wp-json\/wp\/v2\/media?parent=33946"}],"wp:term":[{"taxonomy":"product_brand","embeddable":true,"href":"https:\/\/olemosaic.com\/fr\/wp-json\/wp\/v2\/product_brand?post=33946"},{"taxonomy":"product_cat","embeddable":true,"href":"https:\/\/olemosaic.com\/fr\/wp-json\/wp\/v2\/product_cat?post=33946"},{"taxonomy":"product_tag","embeddable":true,"href":"https:\/\/olemosaic.com\/fr\/wp-json\/wp\/v2\/product_tag?post=33946"}],"curies":[{"name":"wp","href":"https:\/\/api.w.org\/{rel}","templated":true}]}}