{"id":33945,"date":"2025-02-20T22:35:43","date_gmt":"2025-02-20T22:35:43","guid":{"rendered":"http:\/\/olemosaic.com\/producto\/funda-de-telefono-para-samsung-a34-tpu-panoramica-barcelona-azul\/"},"modified":"2025-07-25T21:57:12","modified_gmt":"2025-07-25T19:57:12","slug":"coque-de-telephone-pour-samsung-a34-tpu-panoramique-barcelone-bleu","status":"publish","type":"product","link":"https:\/\/olemosaic.com\/fr\/produit\/coque-de-telephone-pour-samsung-a34-tpu-panoramique-barcelone-bleu\/","title":{"rendered":"Coque de t\u00e9l\u00e9phone pour Samsung A34 (TPU). Panoramique. Barcelone. Bleu"},"content":{"rendered":"<p>Coque de t\u00e9l\u00e9phone pour Samsung A34 avec une illustration panoramique vibrante de Barcelone. Cette coque, fabriqu\u00e9e en TPU de haute qualit\u00e9, prot\u00e8ge non seulement exceptionnellement votre appareil, mais capture \u00e9galement l&rsquo;essence artistique et culturelle de la cit\u00e9 comtale. Le design met en avant les tours embl\u00e9matiques de la Sagrada Familia, monument embl\u00e9matique d&rsquo;Antoni Gaud\u00ed, dont les formes organiques se combinent avec une repr\u00e9sentation color\u00e9e des b\u00e2timents vibrants qui caract\u00e9risent le paysage urbain barcelonais.<\/p>\n<p>Le fond bleu du design contraste magnifiquement avec les d\u00e9tails en orange et vert, \u00e9voquant l&rsquo;ambiance m\u00e9diterran\u00e9enne qui d\u00e9finit cette m\u00e9tropole. Des \u00e9l\u00e9ments d\u00e9coratifs tels que les palmiers, situ\u00e9s dans la partie inf\u00e9rieure, et le soleil radieux, transportent l&rsquo;utilisateur lors d&rsquo;une journ\u00e9e ensoleill\u00e9e sur la plage de la Barceloneta, transformant cette coque en un objet qui prot\u00e8ge et, en m\u00eame temps, rappelle les belles exp\u00e9riences v\u00e9cues \u00e0 Barcelone.<\/p>\n<p>Ce souvenir de Barcelone est une mani\u00e8re brillante d&#8217;emporter avec soi un morceau de la ville, parfait pour les touristes \u00e0 la recherche d&rsquo;articles refl\u00e9tant l&rsquo;esprit local. Chez Ol\u00e9 Mosaic, nous nous sp\u00e9cialisons dans la distribution de souvenirs en gros, et cette coque de t\u00e9l\u00e9phone est une option id\u00e9ale pour les boutiques de cadeaux touristiques souhaitant proposer des produits authentiques et de qualit\u00e9 qui capturent l&rsquo;essence de la ville. Avec cette coque pour Samsung A34, vous profiterez de la combinaison parfaite entre fonctionnalit\u00e9 et design culturellement significatif.<\/p>\n","protected":false},"excerpt":{"rendered":"<p>Coque pour t\u00e9l\u00e9phone Samsung A34 fabriqu\u00e9e en TPU, illustr\u00e9e d&rsquo;une panoramique color\u00e9e de Barcelone. Le design met en avant les tours embl\u00e9matiques de la Sagrada Familia, entour\u00e9es de b\u00e2timents vibrants et de palmiers \u00e9voquant l&rsquo;ambiance m\u00e9diterran\u00e9enne. Les tons bleus du fond contrastent avec des d\u00e9tails en orange et vert, cr\u00e9ant une pi\u00e8ce visuellement attrayante qui souligne l&rsquo;essence de la ville. Id\u00e9al pour prot\u00e9ger votre appareil et emporter avec vous un souvenir de Barcelone.<\/p>\n","protected":false},"featured_media":12566,"template":"","meta":{"_acf_changed":false},"product_brand":[],"product_cat":[674],"product_tag":[],"class_list":{"0":"post-33945","1":"product","2":"type-product","3":"status-publish","4":"has-post-thumbnail","6":"product_cat-etuis-pour-telephones-portables","7":"pa_ciudad-barcelona","8":"pa_motivo-panoramas","9":"pa_pais-espana","11":"first","12":"instock","13":"shipping-taxable","14":"product-type-simple"},"acf":[],"_links":{"self":[{"href":"https:\/\/olemosaic.com\/fr\/wp-json\/wp\/v2\/product\/33945","targetHints":{"allow":["GET"]}}],"collection":[{"href":"https:\/\/olemosaic.com\/fr\/wp-json\/wp\/v2\/product"}],"about":[{"href":"https:\/\/olemosaic.com\/fr\/wp-json\/wp\/v2\/types\/product"}],"wp:featuredmedia":[{"embeddable":true,"href":"https:\/\/olemosaic.com\/fr\/wp-json\/wp\/v2\/media\/12566"}],"wp:attachment":[{"href":"https:\/\/olemosaic.com\/fr\/wp-json\/wp\/v2\/media?parent=33945"}],"wp:term":[{"taxonomy":"product_brand","embeddable":true,"href":"https:\/\/olemosaic.com\/fr\/wp-json\/wp\/v2\/product_brand?post=33945"},{"taxonomy":"product_cat","embeddable":true,"href":"https:\/\/olemosaic.com\/fr\/wp-json\/wp\/v2\/product_cat?post=33945"},{"taxonomy":"product_tag","embeddable":true,"href":"https:\/\/olemosaic.com\/fr\/wp-json\/wp\/v2\/product_tag?post=33945"}],"curies":[{"name":"wp","href":"https:\/\/api.w.org\/{rel}","templated":true}]}}