{"id":33923,"date":"2025-02-20T23:35:42","date_gmt":"2025-02-20T22:35:42","guid":{"rendered":"http:\/\/olemosaic.com\/producto\/funda-de-telefono-para-samsung-a34-tpu-abstracto-azul-2\/"},"modified":"2025-07-25T20:35:43","modified_gmt":"2025-07-25T18:35:43","slug":"coque-de-telephone-pour-samsung-a34-tpu-abstrait-barcelone-bleu","status":"publish","type":"product","link":"https:\/\/olemosaic.com\/fr\/produit\/coque-de-telephone-pour-samsung-a34-tpu-abstrait-barcelone-bleu\/","title":{"rendered":"Coque de t\u00e9l\u00e9phone pour Samsung A34 (TPU). Abstrait. Barcelone. Bleu"},"content":{"rendered":"<p>Coque pour t\u00e9l\u00e9phone Samsung A34 avec un design abstrait vibrant qui capture l&rsquo;essence contemporaine de Barcelone. Fabriqu\u00e9e en TPU, elle offre une excellente protection et flexibilit\u00e9, pr\u00e9servant votre appareil des chutes et des chocs. Son illustration color\u00e9e se distingue par une palette de bleus, fushias et jaunes, cr\u00e9ant un effet visuel dynamique et attrayant. Le mot \u00ab\u00a0Barcelona\u00a0\u00bb est pr\u00e9sent\u00e9 en blanc, offrant un contraste \u00e9clatant qui renforce le caract\u00e8re moderne du design. Ce produit n&rsquo;est pas seulement fonctionnel, mais aussi un symbole de la cr\u00e9ativit\u00e9 et de l&rsquo;art qui coulent dans les rues de cette ville iconique. Faisant allusion \u00e0 la riche culture catalane, de plus en plus de visiteurs recherchent des souvenirs qui repr\u00e9sentent l&rsquo;\u00e9nergie et le dynamisme de Barcelone ; cette coque est un choix parfait pour ceux qui souhaitent emporter un morceau de la ville avec eux. Chez Ol\u00e9 Mosaic, nous nous sp\u00e9cialisons dans la distribution de souvenirs en gros, et cette coque pour Samsung A34 est une merveilleuse option pour les boutiques de cadeaux touristiques. Avec son authenticit\u00e9 et son style contemporain, ce produit devient un souvenir significatif de la capitale catalane.<\/p>\n","protected":false},"excerpt":{"rendered":"<p>Coque pour t\u00e9l\u00e9phone Samsung A34 fabriqu\u00e9e en TPU, avec un design abstrait et vibrant domin\u00e9 par des tons bleus, fushias et jaunes. Cette coque se distingue par son illustration color\u00e9e et moderne, qui inclut le mot \u00ab\u00a0Barcelona\u00a0\u00bb en lettres blanches, cr\u00e9ant un contraste frappant. Id\u00e9ale pour ceux qui recherchent protection et style, elle refl\u00e8te le dynamisme et la cr\u00e9ativit\u00e9 de la cit\u00e9 comtale \u00e0 travers son art contemporain.<\/p>\n","protected":false},"featured_media":12567,"template":"","meta":{"_acf_changed":false},"product_brand":[],"product_cat":[674],"product_tag":[],"class_list":{"0":"post-33923","1":"product","2":"type-product","3":"status-publish","4":"has-post-thumbnail","6":"product_cat-etuis-pour-telephones-portables","7":"pa_ciudad-barcelona","8":"pa_motivo-resume","9":"pa_pais-espana","11":"first","12":"instock","13":"shipping-taxable","14":"product-type-simple"},"acf":[],"_links":{"self":[{"href":"https:\/\/olemosaic.com\/fr\/wp-json\/wp\/v2\/product\/33923","targetHints":{"allow":["GET"]}}],"collection":[{"href":"https:\/\/olemosaic.com\/fr\/wp-json\/wp\/v2\/product"}],"about":[{"href":"https:\/\/olemosaic.com\/fr\/wp-json\/wp\/v2\/types\/product"}],"wp:featuredmedia":[{"embeddable":true,"href":"https:\/\/olemosaic.com\/fr\/wp-json\/wp\/v2\/media\/12567"}],"wp:attachment":[{"href":"https:\/\/olemosaic.com\/fr\/wp-json\/wp\/v2\/media?parent=33923"}],"wp:term":[{"taxonomy":"product_brand","embeddable":true,"href":"https:\/\/olemosaic.com\/fr\/wp-json\/wp\/v2\/product_brand?post=33923"},{"taxonomy":"product_cat","embeddable":true,"href":"https:\/\/olemosaic.com\/fr\/wp-json\/wp\/v2\/product_cat?post=33923"},{"taxonomy":"product_tag","embeddable":true,"href":"https:\/\/olemosaic.com\/fr\/wp-json\/wp\/v2\/product_tag?post=33923"}],"curies":[{"name":"wp","href":"https:\/\/api.w.org\/{rel}","templated":true}]}}