{"id":33922,"date":"2025-02-20T22:35:42","date_gmt":"2025-02-20T22:35:42","guid":{"rendered":"http:\/\/olemosaic.com\/producto\/funda-de-telefono-para-samsung-a34-tpu-mariposa-barcelona-blanco\/"},"modified":"2025-07-25T18:34:36","modified_gmt":"2025-07-25T16:34:36","slug":"coque-de-telephone-pour-samsung-a34-tpu-papillon-barcelone-blanc","status":"publish","type":"product","link":"https:\/\/olemosaic.com\/fr\/produit\/coque-de-telephone-pour-samsung-a34-tpu-papillon-barcelone-blanc\/","title":{"rendered":"Coque de t\u00e9l\u00e9phone pour Samsung A34 (TPU). Papillon. Barcelone. Blanc"},"content":{"rendered":"<p>Coque de t\u00e9l\u00e9phone pour Samsung A34 avec un design spectaculaire et vibrant qui rend hommage \u00e0 la magie de Barcelone. Fabriqu\u00e9e en TPU, cette coque offre une protection fiable pour votre appareil tout en affichant une illustration captivante de papillons qui ajoutent une touche de joie et de couleur. Les papillons, repr\u00e9sent\u00e9s dans des tons orange, bleu, vert et rose, semblent prendre vie sur un fond blanc, cr\u00e9ant une mosa\u00efque qui \u00e9voque le c\u00e9l\u00e8bre art de la cit\u00e9 comtale, particuli\u00e8rement le style distinctif d&rsquo;Antoni Gaud\u00ed. La partie inf\u00e9rieure de la coque inclut l&rsquo;inscription \u00ab\u00a0Barcelona\u00a0\u00bb, qui sugg\u00e8re l&rsquo;authenticit\u00e9 et le caract\u00e8re local du produit, en faisant un souvenir parfait pour les visiteurs de la ville. Cet accessoire combine fonctionnalit\u00e9 et esth\u00e9tique, prot\u00e9geant votre t\u00e9l\u00e9phone tout en c\u00e9l\u00e9brant le patrimoine culturel de Barcelone. C&rsquo;est une option id\u00e9ale pour les touristes \u00e0 la recherche de souvenirs uniques et repr\u00e9sentatifs qui leur rappellent leur exp\u00e9rience dans cette ville embl\u00e9matique. Chez Ol\u00e9 Mosaic, nous nous consacrons \u00e0 la distribution de souvenirs en gros, proposant des produits comme cette coque qui encapsulent l&rsquo;essence de Barcelone, parfaite pour les boutiques de cadeaux touristiques.<\/p>\n","protected":false},"excerpt":{"rendered":"<p>Coque pour t\u00e9l\u00e9phone Samsung A34 fabriqu\u00e9e en TPU, d\u00e9cor\u00e9e de papillons vibrants sur un fond blanc. Son design pr\u00e9sente une mosa\u00efque color\u00e9e qui \u00e9voque l&rsquo;art barcelonais, mettant en avant des papillons dans des tons orange, bleu, vert et rose. Dans la partie inf\u00e9rieure, l&rsquo;inscription \u00ab\u00a0Barcelona\u00a0\u00bb ajoute une touche d&rsquo;authenticit\u00e9. Cet accessoire combine fonctionnalit\u00e9 et style, prot\u00e9geant votre appareil tout en affichant un fragment du charme culturel de la ville.<\/p>\n","protected":false},"featured_media":12557,"template":"","meta":{"_acf_changed":false},"product_brand":[],"product_cat":[674],"product_tag":[530],"class_list":{"0":"post-33922","1":"product","2":"type-product","3":"status-publish","4":"has-post-thumbnail","6":"product_cat-etuis-pour-telephones-portables","7":"product_tag-animaux","8":"pa_ciudad-barcelona","9":"pa_motivo-papillons","10":"pa_pais-espana","12":"first","13":"instock","14":"shipping-taxable","15":"product-type-simple"},"acf":[],"_links":{"self":[{"href":"https:\/\/olemosaic.com\/fr\/wp-json\/wp\/v2\/product\/33922","targetHints":{"allow":["GET"]}}],"collection":[{"href":"https:\/\/olemosaic.com\/fr\/wp-json\/wp\/v2\/product"}],"about":[{"href":"https:\/\/olemosaic.com\/fr\/wp-json\/wp\/v2\/types\/product"}],"wp:featuredmedia":[{"embeddable":true,"href":"https:\/\/olemosaic.com\/fr\/wp-json\/wp\/v2\/media\/12557"}],"wp:attachment":[{"href":"https:\/\/olemosaic.com\/fr\/wp-json\/wp\/v2\/media?parent=33922"}],"wp:term":[{"taxonomy":"product_brand","embeddable":true,"href":"https:\/\/olemosaic.com\/fr\/wp-json\/wp\/v2\/product_brand?post=33922"},{"taxonomy":"product_cat","embeddable":true,"href":"https:\/\/olemosaic.com\/fr\/wp-json\/wp\/v2\/product_cat?post=33922"},{"taxonomy":"product_tag","embeddable":true,"href":"https:\/\/olemosaic.com\/fr\/wp-json\/wp\/v2\/product_tag?post=33922"}],"curies":[{"name":"wp","href":"https:\/\/api.w.org\/{rel}","templated":true}]}}