{"id":33920,"date":"2025-02-20T22:35:42","date_gmt":"2025-02-20T22:35:42","guid":{"rendered":"http:\/\/olemosaic.com\/producto\/funda-de-telefono-para-samsung-a34-tpu-punt-de-trobada-barcelona-blanco\/"},"modified":"2025-07-25T18:47:36","modified_gmt":"2025-07-25T16:47:36","slug":"coque-de-telephone-pour-samsung-a34-tpu-punt-de-trobada-barcelone-blanc","status":"publish","type":"product","link":"https:\/\/olemosaic.com\/fr\/produit\/coque-de-telephone-pour-samsung-a34-tpu-punt-de-trobada-barcelone-blanc\/","title":{"rendered":"Coque de t\u00e9l\u00e9phone pour Samsung A34 (TPU). Punt de trobada. Barcelone. Blanc"},"content":{"rendered":"<p>Coque de t\u00e9l\u00e9phone pour Samsung A34 avec un design inspir\u00e9 de l&rsquo;\u0153uvre embl\u00e9matique \u00ab\u00a0Punt de trobada\u00a0\u00bb de Joan Mir\u00f3. Ce produit, fabriqu\u00e9 en TPU de haute qualit\u00e9, garantit protection et esth\u00e9tique, fusionnant la fonctionnalit\u00e9 avec l&rsquo;art vibrant qui repr\u00e9sente Barcelone. Son fond blanc fait ressortir les couleurs audacieuses rouge, jaune, vert et bleu des \u00e9l\u00e9ments graphiques, \u00e9voquant les mosa\u00efques qui ornent la ville, particuli\u00e8rement celles de l&rsquo;iconique Parc G\u00fcell. Le design fluide et organique de Mir\u00f3, avec ses formes abstraites et ses lignes ludiques, transforme cette coque en un v\u00e9ritable hommage \u00e0 la cr\u00e9ativit\u00e9 et \u00e0 la fra\u00eecheur de l&rsquo;art moderne. Dans la partie inf\u00e9rieure, le texte \u00ab\u00a0Barcelona\u00a0\u00bb est pr\u00e9sent\u00e9 avec une typographie simple, compl\u00e9tant l&rsquo;\u0153uvre et renfor\u00e7ant son identit\u00e9 en tant que souvenir repr\u00e9sentatif et contemporain de la cit\u00e9 comtale. Cette coque de t\u00e9l\u00e9phone ne prot\u00e8ge pas seulement l&rsquo;appareil, mais sert \u00e9galement de pr\u00e9cieux rappel de l&rsquo;esprit artistique de Barcelone, \u00e9tant une option id\u00e9ale pour les touristes \u00e0 la recherche de souvenirs m\u00e9morables et authentiques. Chez Ol\u00e9 Mosaic, en tant que distributeurs de souvenirs de qualit\u00e9, nous proposons des produits qui c\u00e9l\u00e8brent la riche culture espagnole, et cette coque est un excellent ajout pour les boutiques de cadeaux touristiques qui appr\u00e9cient la fusion de l&rsquo;art et de la fonctionnalit\u00e9.<\/p>\n","protected":false},"excerpt":{"rendered":"<p>Coque pour t\u00e9l\u00e9phone Samsung A34 fabriqu\u00e9e en TPU, d\u00e9cor\u00e9e d&rsquo;un design vibrant qui reproduit la c\u00e9l\u00e8bre \u0153uvre \u00ab\u00a0Punt de trobada\u00a0\u00bb de Joan Mir\u00f3, \u00e9mulant les mosa\u00efques color\u00e9es de Barcelone. Le fond blanc fait ressortir les \u00e9l\u00e9ments graphiques en rouge, jaune, vert et bleu, apportant un air moderne et artistique. Le mot \u00ab\u00a0Barcelona\u00a0\u00bb est imprim\u00e9 dans la partie inf\u00e9rieure, faisant de cette coque un souvenir parfait de la ville.<\/p>\n","protected":false},"featured_media":12558,"template":"","meta":{"_acf_changed":false},"product_brand":[],"product_cat":[674],"product_tag":[],"class_list":{"0":"post-33920","1":"product","2":"type-product","3":"status-publish","4":"has-post-thumbnail","6":"product_cat-etuis-pour-telephones-portables","7":"pa_ciudad-barcelona","8":"pa_motivo-punt-de-trobada","9":"pa_pais-espana","11":"first","12":"instock","13":"shipping-taxable","14":"product-type-simple"},"acf":[],"_links":{"self":[{"href":"https:\/\/olemosaic.com\/fr\/wp-json\/wp\/v2\/product\/33920","targetHints":{"allow":["GET"]}}],"collection":[{"href":"https:\/\/olemosaic.com\/fr\/wp-json\/wp\/v2\/product"}],"about":[{"href":"https:\/\/olemosaic.com\/fr\/wp-json\/wp\/v2\/types\/product"}],"wp:featuredmedia":[{"embeddable":true,"href":"https:\/\/olemosaic.com\/fr\/wp-json\/wp\/v2\/media\/12558"}],"wp:attachment":[{"href":"https:\/\/olemosaic.com\/fr\/wp-json\/wp\/v2\/media?parent=33920"}],"wp:term":[{"taxonomy":"product_brand","embeddable":true,"href":"https:\/\/olemosaic.com\/fr\/wp-json\/wp\/v2\/product_brand?post=33920"},{"taxonomy":"product_cat","embeddable":true,"href":"https:\/\/olemosaic.com\/fr\/wp-json\/wp\/v2\/product_cat?post=33920"},{"taxonomy":"product_tag","embeddable":true,"href":"https:\/\/olemosaic.com\/fr\/wp-json\/wp\/v2\/product_tag?post=33920"}],"curies":[{"name":"wp","href":"https:\/\/api.w.org\/{rel}","templated":true}]}}