{"id":33897,"date":"2025-02-20T22:35:42","date_gmt":"2025-02-20T22:35:42","guid":{"rendered":"http:\/\/olemosaic.com\/producto\/funda-de-telefono-para-samsung-a34-tpu-mosaico-azul\/"},"modified":"2025-07-25T20:26:23","modified_gmt":"2025-07-25T18:26:23","slug":"coque-de-telephone-pour-samsung-a34-tpu-mosaique-bleu","status":"publish","type":"product","link":"https:\/\/olemosaic.com\/fr\/produit\/coque-de-telephone-pour-samsung-a34-tpu-mosaique-bleu\/","title":{"rendered":"Coque de t\u00e9l\u00e9phone pour Samsung A34 (TPU). Mosa\u00efque. Bleu"},"content":{"rendered":"<p>Coque pour Samsung A34 avec design de mosa\u00efque bleue. Cette coque \u00e9l\u00e9gante, fabriqu\u00e9e en TPU, se distingue par son impressionnant motif fragment\u00e9 dans diff\u00e9rents tons de bleu et de blanc, \u00e9voquant la riche tradition de l&rsquo;art de la mosa\u00efque qui orne les monuments embl\u00e9matiques d&rsquo;Espagne, tels que ceux de l&rsquo;Alhambra de Grenade ou du Park G\u00fcell de Barcelone. Son mat\u00e9riau flexible et r\u00e9sistant prot\u00e8ge non seulement efficacement l&rsquo;appareil, mais offre \u00e9galement une finition moderne et artistique id\u00e9ale pour ceux qui appr\u00e9cient l&rsquo;esth\u00e9tique andalouse. La coque comprend des d\u00e9coupes pr\u00e9cises facilitant l&rsquo;acc\u00e8s aux boutons et aux ports, garantissant fonctionnalit\u00e9 et confort au quotidien. Ce produit est plus qu&rsquo;un accessoire : c&rsquo;est un authentique souvenir qui relie la technologie moderne au riche h\u00e9ritage culturel de l&rsquo;Espagne. Chez Ol\u00e9 Mosaic, nous distribuons ce type de souvenirs de qualit\u00e9 en gros, parfaits pour les boutiques de cadeaux touristiques \u00e0 la recherche de produits distinctifs et repr\u00e9sentatifs. Cette coque en mosa\u00efque bleue est un excellent choix pour ceux qui souhaitent emporter avec eux un morceau de la beaut\u00e9 et de l&rsquo;art espagnol.<\/p>\n","protected":false},"excerpt":{"rendered":"<p>Coque de t\u00e9l\u00e9phone pour Samsung A34 fabriqu\u00e9e en TPU, avec un \u00e9l\u00e9gant design de mosa\u00efque bleue. Cette coque se distingue par son motif fragment\u00e9 dans des tons bleus et blancs, \u00e9voquant la riche tradition de l&rsquo;art mosa\u00efque pr\u00e9sent dans de nombreux monuments embl\u00e9matiques d&rsquo;Espagne. Son mat\u00e9riau flexible et r\u00e9sistant offre une protection efficace \u00e0 l&rsquo;appareil, tout en ajoutant une touche artistique et moderne, parfaite pour ceux qui appr\u00e9cient l&rsquo;esth\u00e9tique andalouse.<\/p>\n","protected":false},"featured_media":12569,"template":"","meta":{"_acf_changed":false},"product_brand":[],"product_cat":[674],"product_tag":[],"class_list":{"0":"post-33897","1":"product","2":"type-product","3":"status-publish","4":"has-post-thumbnail","6":"product_cat-etuis-pour-telephones-portables","7":"pa_motivo-mosaique","9":"first","10":"instock","11":"shipping-taxable","12":"product-type-simple"},"acf":[],"_links":{"self":[{"href":"https:\/\/olemosaic.com\/fr\/wp-json\/wp\/v2\/product\/33897","targetHints":{"allow":["GET"]}}],"collection":[{"href":"https:\/\/olemosaic.com\/fr\/wp-json\/wp\/v2\/product"}],"about":[{"href":"https:\/\/olemosaic.com\/fr\/wp-json\/wp\/v2\/types\/product"}],"wp:featuredmedia":[{"embeddable":true,"href":"https:\/\/olemosaic.com\/fr\/wp-json\/wp\/v2\/media\/12569"}],"wp:attachment":[{"href":"https:\/\/olemosaic.com\/fr\/wp-json\/wp\/v2\/media?parent=33897"}],"wp:term":[{"taxonomy":"product_brand","embeddable":true,"href":"https:\/\/olemosaic.com\/fr\/wp-json\/wp\/v2\/product_brand?post=33897"},{"taxonomy":"product_cat","embeddable":true,"href":"https:\/\/olemosaic.com\/fr\/wp-json\/wp\/v2\/product_cat?post=33897"},{"taxonomy":"product_tag","embeddable":true,"href":"https:\/\/olemosaic.com\/fr\/wp-json\/wp\/v2\/product_tag?post=33897"}],"curies":[{"name":"wp","href":"https:\/\/api.w.org\/{rel}","templated":true}]}}