{"id":33895,"date":"2025-02-20T23:35:41","date_gmt":"2025-02-20T22:35:41","guid":{"rendered":"http:\/\/olemosaic.com\/producto\/funda-de-telefono-para-samsung-a34-tpu-abstracto-negro-2\/"},"modified":"2025-07-25T19:31:22","modified_gmt":"2025-07-25T17:31:22","slug":"coque-de-telephone-pour-samsung-a34-tpu-abstrait-style-contemporain-noir","status":"publish","type":"product","link":"https:\/\/olemosaic.com\/fr\/produit\/coque-de-telephone-pour-samsung-a34-tpu-abstrait-style-contemporain-noir\/","title":{"rendered":"Coque de t\u00e9l\u00e9phone pour Samsung A34 (TPU). Abstrait. Style contemporain. Noir"},"content":{"rendered":"<p>Coque pour t\u00e9l\u00e9phone Samsung A34 avec design abstrait aux tons vibrants. Cette coque, fabriqu\u00e9e en TPU, un mat\u00e9riau flexible et r\u00e9sistant, prot\u00e8ge non seulement efficacement contre les chocs et les rayures, mais s&rsquo;adapte \u00e9galement parfaitement au contour de l&rsquo;appareil. Son design est une explosion de couleurs : des lignes rouges, vertes, jaunes et bleues frappantes coulent dynamiquement sur un fond noir, cr\u00e9ant un effet contemporain qui attire les regards et se d\u00e9marque. Cet accessoire est parfait pour ceux qui recherchent un style distinctif et moderne, ajoutant une touche artistique \u00e0 leur quotidien.<\/p>\n<p>La connexion culturelle de ce produit r\u00e9side dans son style abstrait, repr\u00e9sentatif de la modernit\u00e9 et de la cr\u00e9ativit\u00e9 qui r\u00e8gnent dans les grandes villes espagnoles. Cette coque n&rsquo;est pas seulement une protection fonctionnelle, mais aussi un symbole d&rsquo;innovation et d&rsquo;expression artistique. Chez Ol\u00e9 Mosaic, en tant que distributeurs d&rsquo;accessoires en gros, nous proposons des produits qui refl\u00e8tent l&rsquo;essence vibrante des cultures dont nous nous inspirons. Cette coque sera un excellent souvenir pour les touristes \u00e0 la recherche de souvenirs authentiques, ainsi qu&rsquo;un excellent ajout pour les boutiques de cadeaux touristiques souhaitant valoriser leur offre. Notre engagement en tant que grossistes de coques permet aux commerces de proposer des produits de qualit\u00e9 et d&rsquo;une pertinence culturelle qui attirent un public diversifi\u00e9.<\/p>\n","protected":false},"excerpt":{"rendered":"<p>Coque pour t\u00e9l\u00e9phone Samsung A34 fabriqu\u00e9e en TPU avec un design abstrait aux couleurs vibrantes. Elle pr\u00e9sente des lignes rouges, vertes, jaunes et bleues frappantes qui glissent sur un fond noir, cr\u00e9ant un effet dynamique et contemporain. Cet accessoire prot\u00e8ge non seulement votre appareil des chocs et des rayures, mais ajoute \u00e9galement une touche moderne et artistique, id\u00e9ale pour ceux qui recherchent un style distinctif et color\u00e9 au quotidien.<\/p>\n","protected":false},"featured_media":12574,"template":"","meta":{"_acf_changed":false},"product_brand":[],"product_cat":[674],"product_tag":[],"class_list":{"0":"post-33895","1":"product","2":"type-product","3":"status-publish","4":"has-post-thumbnail","6":"product_cat-etuis-pour-telephones-portables","7":"pa_motivo-resume","9":"first","10":"instock","11":"shipping-taxable","12":"product-type-simple"},"acf":[],"_links":{"self":[{"href":"https:\/\/olemosaic.com\/fr\/wp-json\/wp\/v2\/product\/33895","targetHints":{"allow":["GET"]}}],"collection":[{"href":"https:\/\/olemosaic.com\/fr\/wp-json\/wp\/v2\/product"}],"about":[{"href":"https:\/\/olemosaic.com\/fr\/wp-json\/wp\/v2\/types\/product"}],"wp:featuredmedia":[{"embeddable":true,"href":"https:\/\/olemosaic.com\/fr\/wp-json\/wp\/v2\/media\/12574"}],"wp:attachment":[{"href":"https:\/\/olemosaic.com\/fr\/wp-json\/wp\/v2\/media?parent=33895"}],"wp:term":[{"taxonomy":"product_brand","embeddable":true,"href":"https:\/\/olemosaic.com\/fr\/wp-json\/wp\/v2\/product_brand?post=33895"},{"taxonomy":"product_cat","embeddable":true,"href":"https:\/\/olemosaic.com\/fr\/wp-json\/wp\/v2\/product_cat?post=33895"},{"taxonomy":"product_tag","embeddable":true,"href":"https:\/\/olemosaic.com\/fr\/wp-json\/wp\/v2\/product_tag?post=33895"}],"curies":[{"name":"wp","href":"https:\/\/api.w.org\/{rel}","templated":true}]}}