{"id":33893,"date":"2025-02-20T22:35:41","date_gmt":"2025-02-20T22:35:41","guid":{"rendered":"http:\/\/olemosaic.com\/producto\/funda-de-telefono-para-samsung-a23-tpu-punt-de-trobada\/"},"modified":"2025-07-25T19:16:52","modified_gmt":"2025-07-25T17:16:52","slug":"coque-de-telephone-pour-samsung-a23-tpu-punt-de-trobada","status":"publish","type":"product","link":"https:\/\/olemosaic.com\/fr\/produit\/coque-de-telephone-pour-samsung-a23-tpu-punt-de-trobada\/","title":{"rendered":"Coque de t\u00e9l\u00e9phone pour Samsung A23 (TPU). Punt de trobada"},"content":{"rendered":"<p>Coque pour t\u00e9l\u00e9phone Samsung A23 inspir\u00e9e du \u00ab\u00a0Punt de trobada\u00a0\u00bb de Barcelone. Cette coque originale, fabriqu\u00e9e en TPU de haute qualit\u00e9, se distingue par un design color\u00e9 qui rend hommage \u00e0 l&rsquo;iconique mosa\u00efque caract\u00e9risant les \u0153uvres d&rsquo;Antoni Gaud\u00ed. Elle pr\u00e9sente une mosa\u00efque vibrante de formes g\u00e9om\u00e9triques dans des tons rouge, jaune, vert et bleu, sur un fond blanc simulant la c\u00e9ramique, cr\u00e9ant un contraste visuel qui attire l&rsquo;attention. Le design inclut le mot \u00ab\u00a0Barcelona\u00a0\u00bb dans un style ludique et moderne, ce qui ajoute une touche distinctive et personnalis\u00e9e \u00e0 cet accessoire pratique.<\/p>\n<p>Id\u00e9ale aussi bien pour ceux qui cherchent \u00e0 prot\u00e9ger leur appareil que pour ceux qui souhaitent emporter un morceau de la culture catalane avec eux. Cette coque offre non seulement une excellente r\u00e9sistance et durabilit\u00e9, mais elle s&rsquo;\u00e9rige \u00e9galement comme un petit symbole du riche h\u00e9ritage artistique de Barcelone, en faisant un souvenir parfait pour les touristes. Chez Ol\u00e9 Mosaic, nous nous sp\u00e9cialisons dans la distribution de souvenirs en gros, et cette coque de t\u00e9l\u00e9phone est une option exceptionnelle pour les boutiques de cadeaux touristiques \u00e0 la recherche de produits authentiques et pleins de style. Souligner la connexion culturelle et la singularit\u00e9 de cette coque garantit que chaque client reparte avec un souvenir m\u00e9morable de sa visite dans la cit\u00e9 comtale. En tant que grossistes d&rsquo;accessoires, nous proposons cette coque comme un excellent investissement pour ceux qui souhaitent pr\u00e9senter des produits de qualit\u00e9, repr\u00e9sentatifs de l&#8217;embl\u00e9matique Barcelone.<\/p>\n","protected":false},"excerpt":{"rendered":"<p>Coque pour t\u00e9l\u00e9phone Samsung A23 fabriqu\u00e9e en TPU, inspir\u00e9e du design du \u00ab\u00a0Punt de trobada\u00a0\u00bb de Barcelone. Son motif color\u00e9 pr\u00e9sente une mosa\u00efque vibrante avec des formes g\u00e9om\u00e9triques dans des tons rouge, jaune, vert et bleu, sur un fond blanc et des lignes simulant la c\u00e9ramique du c\u00e9l\u00e8bre artiste Antoni Gaud\u00ed. Le design inclut le mot \u00ab\u00a0Barcelona\u00a0\u00bb avec un style ludique, id\u00e9al pour ceux qui recherchent un accessoire pratique et plein de style.<\/p>\n","protected":false},"featured_media":12598,"template":"","meta":{"_acf_changed":false},"product_brand":[],"product_cat":[674],"product_tag":[],"class_list":{"0":"post-33893","1":"product","2":"type-product","3":"status-publish","4":"has-post-thumbnail","6":"product_cat-etuis-pour-telephones-portables","7":"pa_ciudad-barcelona","8":"pa_motivo-punt-de-trobada","9":"pa_pais-espana","11":"first","12":"instock","13":"shipping-taxable","14":"product-type-simple"},"acf":[],"_links":{"self":[{"href":"https:\/\/olemosaic.com\/fr\/wp-json\/wp\/v2\/product\/33893","targetHints":{"allow":["GET"]}}],"collection":[{"href":"https:\/\/olemosaic.com\/fr\/wp-json\/wp\/v2\/product"}],"about":[{"href":"https:\/\/olemosaic.com\/fr\/wp-json\/wp\/v2\/types\/product"}],"wp:featuredmedia":[{"embeddable":true,"href":"https:\/\/olemosaic.com\/fr\/wp-json\/wp\/v2\/media\/12598"}],"wp:attachment":[{"href":"https:\/\/olemosaic.com\/fr\/wp-json\/wp\/v2\/media?parent=33893"}],"wp:term":[{"taxonomy":"product_brand","embeddable":true,"href":"https:\/\/olemosaic.com\/fr\/wp-json\/wp\/v2\/product_brand?post=33893"},{"taxonomy":"product_cat","embeddable":true,"href":"https:\/\/olemosaic.com\/fr\/wp-json\/wp\/v2\/product_cat?post=33893"},{"taxonomy":"product_tag","embeddable":true,"href":"https:\/\/olemosaic.com\/fr\/wp-json\/wp\/v2\/product_tag?post=33893"}],"curies":[{"name":"wp","href":"https:\/\/api.w.org\/{rel}","templated":true}]}}