{"id":33866,"date":"2025-02-20T23:35:39","date_gmt":"2025-02-20T22:35:39","guid":{"rendered":"http:\/\/olemosaic.com\/producto\/funda-de-telefono-para-samsung-a23-tpu-abstracto-5\/"},"modified":"2025-07-25T18:56:03","modified_gmt":"2025-07-25T16:56:03","slug":"coque-de-telephone-pour-samsung-a23-tpu-abstrait-5","status":"publish","type":"product","link":"https:\/\/olemosaic.com\/fr\/produit\/coque-de-telephone-pour-samsung-a23-tpu-abstrait-5\/","title":{"rendered":"Coque de t\u00e9l\u00e9phone pour Samsung A23 (TPU). Abstrait. M\u00e9lange de couleurs."},"content":{"rendered":"<p>Coque pour t\u00e9l\u00e9phone Samsung A23 avec un design abstrait vibrant qui se distingue par son originalit\u00e9 et son style contemporain. Fabriqu\u00e9e en mat\u00e9riau TPU, cette coque s&rsquo;adapte parfaitement aux lignes du Samsung A23, offrant une protection efficace contre les chocs et les chutes, tandis que sa texture douce procure une sensation confortable au toucher. Son design captivant pr\u00e9sente un m\u00e9lange de tons color\u00e9s qui s&rsquo;entrelacent dans un motif artistique unique, cr\u00e9ant un effet visuel dynamique qui attirera tous les regards. Ce motif abstrait n&rsquo;ajoute pas seulement une touche moderne \u00e0 l&rsquo;appareil, mais refl\u00e8te \u00e9galement l&rsquo;intensit\u00e9 et la diversit\u00e9 de la culture espagnole, c\u00e9l\u00e8bre pour son art sous toutes ses formes.<\/p>\n<p>La connexion culturelle de cette coque r\u00e9side dans la tradition artistique de l&rsquo;Espagne, o\u00f9 l&rsquo;utilisation de couleurs vibrantes et de formes cr\u00e9atives est une marque de fabrique. Cet accessoire est une excellente option pour les touristes \u00e0 la recherche de souvenirs repr\u00e9sentatifs qui rehaussent leur personnalit\u00e9 et leur style. Chez Ol\u00e9 Mosaic, nous sommes fiers de proposer des produits de qualit\u00e9 qui connectent les voyageurs \u00e0 la richesse culturelle du pays. Cette coque n&rsquo;est pas seulement un excellent souvenir pour ceux qui visitent l&rsquo;Espagne, mais aussi une option attrayante pour les boutiques de cadeaux touristiques souhaitant diversifier leur offre. En tant que distributeurs de coques en gros, nous garantissons l&rsquo;authenticit\u00e9 et le design de chaque produit.<\/p>\n","protected":false},"excerpt":{"rendered":"<p>Coque pour t\u00e9l\u00e9phone Samsung A23, fabriqu\u00e9e en TPU, avec un design abstrait et vibrant. La protection pr\u00e9sente un m\u00e9lange de couleurs qui s&rsquo;entrelacent dans un motif artistique, cr\u00e9ant un effet visuel dynamique et moderne. Cet accessoire ne prot\u00e8ge pas seulement votre appareil, mais lui ajoute \u00e9galement une touche de style contemporain, id\u00e9al pour ceux qui recherchent un design tr\u00e8s sp\u00e9cial refl\u00e9tant leur personnalit\u00e9.<\/p>\n","protected":false},"featured_media":12601,"template":"","meta":{"_acf_changed":false},"product_brand":[],"product_cat":[674],"product_tag":[],"class_list":{"0":"post-33866","1":"product","2":"type-product","3":"status-publish","4":"has-post-thumbnail","6":"product_cat-etuis-pour-telephones-portables","7":"pa_motivo-resume","9":"first","10":"instock","11":"shipping-taxable","12":"product-type-simple"},"acf":[],"_links":{"self":[{"href":"https:\/\/olemosaic.com\/fr\/wp-json\/wp\/v2\/product\/33866","targetHints":{"allow":["GET"]}}],"collection":[{"href":"https:\/\/olemosaic.com\/fr\/wp-json\/wp\/v2\/product"}],"about":[{"href":"https:\/\/olemosaic.com\/fr\/wp-json\/wp\/v2\/types\/product"}],"wp:featuredmedia":[{"embeddable":true,"href":"https:\/\/olemosaic.com\/fr\/wp-json\/wp\/v2\/media\/12601"}],"wp:attachment":[{"href":"https:\/\/olemosaic.com\/fr\/wp-json\/wp\/v2\/media?parent=33866"}],"wp:term":[{"taxonomy":"product_brand","embeddable":true,"href":"https:\/\/olemosaic.com\/fr\/wp-json\/wp\/v2\/product_brand?post=33866"},{"taxonomy":"product_cat","embeddable":true,"href":"https:\/\/olemosaic.com\/fr\/wp-json\/wp\/v2\/product_cat?post=33866"},{"taxonomy":"product_tag","embeddable":true,"href":"https:\/\/olemosaic.com\/fr\/wp-json\/wp\/v2\/product_tag?post=33866"}],"curies":[{"name":"wp","href":"https:\/\/api.w.org\/{rel}","templated":true}]}}