{"id":33864,"date":"2025-02-20T23:35:39","date_gmt":"2025-02-20T22:35:39","guid":{"rendered":"http:\/\/olemosaic.com\/producto\/funda-de-telefono-para-samsung-a23-tpu-abstracto-3\/"},"modified":"2025-07-25T20:13:37","modified_gmt":"2025-07-25T18:13:37","slug":"coque-de-telephone-pour-samsung-a23-tpu-abstrait-3","status":"publish","type":"product","link":"https:\/\/olemosaic.com\/fr\/produit\/coque-de-telephone-pour-samsung-a23-tpu-abstrait-3\/","title":{"rendered":"Coque de t\u00e9l\u00e9phone pour Samsung A23 (TPU). Abstrait. Style moderne."},"content":{"rendered":"<p>Coque pour t\u00e9l\u00e9phone Samsung A23 avec un design abstrait de losanges vibrants. Fabriqu\u00e9e en TPU, cette coque ne prot\u00e8ge pas seulement votre appareil de mani\u00e8re efficace et durable, mais lui donne \u00e9galement une touche moderne et dynamique gr\u00e2ce \u00e0 son design complexe. L&rsquo;effet d\u00e9grad\u00e9 couvre une large gamme de couleurs, du jaune lumineux et de l&rsquo;orange chaud au vert frais et au bleu serein, cr\u00e9ant une combinaison visuelle \u00e9nergique et attrayante. La texture douce et l\u00e9g\u00e8re du TPU offre une prise en main confortable sans compromettre la protection, ce qui en fait un choix id\u00e9al pour ceux qui recherchent un style color\u00e9 et original. De plus, son ajustement pr\u00e9cis garantit un acc\u00e8s facile \u00e0 tous les ports et boutons, maintenant la fonctionnalit\u00e9 de l&rsquo;appareil. En tant que souvenir repr\u00e9sentatif de la modernit\u00e9 et de la cr\u00e9ativit\u00e9, cette coque est parfaite pour les touristes et les locaux qui souhaitent porter un morceau de culture contemporaine entre leurs mains. Chez Ol\u00e9 Mosaic, nous distribuons des accessoires de t\u00e9l\u00e9phonie en gros, offrant des produits authentiques et de haute qualit\u00e9 pour r\u00e9pondre aux demandes des boutiques de cadeaux touristiques. Cette coque est \u00e9galement une excellente option pour ceux qui recherchent des souvenirs uniques et pertinents d&rsquo;Espagne.<\/p>\n","protected":false},"excerpt":{"rendered":"<p>Coque pour t\u00e9l\u00e9phone Samsung A23 fabriqu\u00e9e en TPU, avec un design abstrait qui se distingue par sa combinaison vibrante de couleurs dans un motif de losanges. L&rsquo;effet d\u00e9grad\u00e9 couvre des tonalit\u00e9s allant du jaune et de l&rsquo;orange au vert et au bleu, apportant une touche moderne et dynamique. Cette coque l\u00e9g\u00e8re et r\u00e9sistante ne prot\u00e8ge pas seulement votre appareil, mais lui donne aussi un style unique et contemporain, id\u00e9al pour ceux qui recherchent une esth\u00e9tique color\u00e9e et originale.<\/p>\n","protected":false},"featured_media":12610,"template":"","meta":{"_acf_changed":false},"product_brand":[],"product_cat":[674],"product_tag":[],"class_list":{"0":"post-33864","1":"product","2":"type-product","3":"status-publish","4":"has-post-thumbnail","6":"product_cat-etuis-pour-telephones-portables","7":"pa_motivo-resume","9":"first","10":"instock","11":"shipping-taxable","12":"product-type-simple"},"acf":[],"_links":{"self":[{"href":"https:\/\/olemosaic.com\/fr\/wp-json\/wp\/v2\/product\/33864","targetHints":{"allow":["GET"]}}],"collection":[{"href":"https:\/\/olemosaic.com\/fr\/wp-json\/wp\/v2\/product"}],"about":[{"href":"https:\/\/olemosaic.com\/fr\/wp-json\/wp\/v2\/types\/product"}],"wp:featuredmedia":[{"embeddable":true,"href":"https:\/\/olemosaic.com\/fr\/wp-json\/wp\/v2\/media\/12610"}],"wp:attachment":[{"href":"https:\/\/olemosaic.com\/fr\/wp-json\/wp\/v2\/media?parent=33864"}],"wp:term":[{"taxonomy":"product_brand","embeddable":true,"href":"https:\/\/olemosaic.com\/fr\/wp-json\/wp\/v2\/product_brand?post=33864"},{"taxonomy":"product_cat","embeddable":true,"href":"https:\/\/olemosaic.com\/fr\/wp-json\/wp\/v2\/product_cat?post=33864"},{"taxonomy":"product_tag","embeddable":true,"href":"https:\/\/olemosaic.com\/fr\/wp-json\/wp\/v2\/product_tag?post=33864"}],"curies":[{"name":"wp","href":"https:\/\/api.w.org\/{rel}","templated":true}]}}