{"id":33837,"date":"2025-02-20T23:35:39","date_gmt":"2025-02-20T22:35:39","guid":{"rendered":"http:\/\/olemosaic.com\/producto\/funda-de-telefono-para-samsung-a14-tpu-abstracto-azul-2\/"},"modified":"2025-07-25T18:46:00","modified_gmt":"2025-07-25T16:46:00","slug":"coque-de-telephone-pour-samsung-a14-tpu-abstrait-bleu-2","status":"publish","type":"product","link":"https:\/\/olemosaic.com\/fr\/produit\/coque-de-telephone-pour-samsung-a14-tpu-abstrait-bleu-2\/","title":{"rendered":"Coque de t\u00e9l\u00e9phone pour Samsung A14 (TPU). Abstrait. Barcelone. Bleu."},"content":{"rendered":"<p>Coque de t\u00e9l\u00e9phone pour Samsung A14 avec un design abstrait vibrant \u00ab\u00a0Barcelona\u00a0\u00bb. Cette coque, \u00e9labor\u00e9e en mat\u00e9riau TPU, se distingue par sa composition dynamique, o\u00f9 d&rsquo;impressionnants tons bleus et multicolores s&rsquo;entrelacent dans des formes fluides \u00e9voquant l&rsquo;agitation et la cr\u00e9ativit\u00e9 de la cit\u00e9 comtale. Au centre, le mot \u00ab\u00a0Barcelona\u00a0\u00bb ressort en lettres stylis\u00e9es, ajoutant une touche sp\u00e9ciale qui connecte les utilisateurs \u00e0 la riche culture artistique de cette ville embl\u00e9matique. Elle offre non seulement une protection fiable pour votre appareil, mais devient \u00e9galement un accessoire moderne qui refl\u00e8te l&rsquo;esprit vibrant de Barcelone.<\/p>\n<p>Le design abstrait de cette coque est une repr\u00e9sentation parfaite de l&rsquo;\u00e9nergie et de la diversit\u00e9 culturelle de la ville, rappelant aux touristes et aux habitants la beaut\u00e9 de son architecture et de son art contemporain. Id\u00e9ale pour ceux qui recherchent un souvenir authentique alliant fonctionnalit\u00e9 et esth\u00e9tique, cette coque de t\u00e9l\u00e9phone est un excellent cadeau pour emporter un morceau de Barcelone partout dans le monde. Chez Ol\u00e9 Mosaic, nous nous consacrons \u00e0 offrir des produits qui, en plus de mettre en valeur la culture locale, sont attrayants pour les boutiques de cadeaux touristiques. En tant que grossistes d&rsquo;accessoires, nous garantissons que chaque pi\u00e8ce r\u00e9pond aux normes les plus \u00e9lev\u00e9es de qualit\u00e9 et d&rsquo;authenticit\u00e9.<\/p>\n","protected":false},"excerpt":{"rendered":"<p>Coque pour t\u00e9l\u00e9phone Samsung A14, fabriqu\u00e9e en TPU, avec un design abstrait vibrant qui se distingue par ses tons bleus et multicolores. La coque pr\u00e9sente une composition dynamique de formes fluides, orn\u00e9e du mot \u00ab\u00a0Barcelona\u00a0\u00bb en lettres stylis\u00e9es. Cet accessoire offre non seulement une protection, mais capture \u00e9galement l&rsquo;essence artistique de la ville, devenant un compl\u00e9ment unique et moderne pour votre appareil.<\/p>\n","protected":false},"featured_media":12547,"template":"","meta":{"_acf_changed":false},"product_brand":[],"product_cat":[674],"product_tag":[],"class_list":{"0":"post-33837","1":"product","2":"type-product","3":"status-publish","4":"has-post-thumbnail","6":"product_cat-etuis-pour-telephones-portables","7":"pa_ciudad-barcelona","8":"pa_motivo-resume","9":"pa_pais-espana","11":"first","12":"instock","13":"shipping-taxable","14":"product-type-simple"},"acf":[],"_links":{"self":[{"href":"https:\/\/olemosaic.com\/fr\/wp-json\/wp\/v2\/product\/33837","targetHints":{"allow":["GET"]}}],"collection":[{"href":"https:\/\/olemosaic.com\/fr\/wp-json\/wp\/v2\/product"}],"about":[{"href":"https:\/\/olemosaic.com\/fr\/wp-json\/wp\/v2\/types\/product"}],"wp:featuredmedia":[{"embeddable":true,"href":"https:\/\/olemosaic.com\/fr\/wp-json\/wp\/v2\/media\/12547"}],"wp:attachment":[{"href":"https:\/\/olemosaic.com\/fr\/wp-json\/wp\/v2\/media?parent=33837"}],"wp:term":[{"taxonomy":"product_brand","embeddable":true,"href":"https:\/\/olemosaic.com\/fr\/wp-json\/wp\/v2\/product_brand?post=33837"},{"taxonomy":"product_cat","embeddable":true,"href":"https:\/\/olemosaic.com\/fr\/wp-json\/wp\/v2\/product_cat?post=33837"},{"taxonomy":"product_tag","embeddable":true,"href":"https:\/\/olemosaic.com\/fr\/wp-json\/wp\/v2\/product_tag?post=33837"}],"curies":[{"name":"wp","href":"https:\/\/api.w.org\/{rel}","templated":true}]}}