{"id":33835,"date":"2025-02-20T22:35:38","date_gmt":"2025-02-20T22:35:38","guid":{"rendered":"http:\/\/olemosaic.com\/producto\/funda-de-telefono-para-samsung-a14-tpu-punt-de-trobada-barcelona-blanco\/"},"modified":"2025-07-25T20:33:11","modified_gmt":"2025-07-25T18:33:11","slug":"coque-de-telephone-pour-samsung-a14-tpu-punt-de-trobada-barcelone-blanc","status":"publish","type":"product","link":"https:\/\/olemosaic.com\/fr\/produit\/coque-de-telephone-pour-samsung-a14-tpu-punt-de-trobada-barcelone-blanc\/","title":{"rendered":"Coque de t\u00e9l\u00e9phone pour Samsung A14 (TPU). Punt de trobada. Barcelone. Blanc"},"content":{"rendered":"<p>Coque pour t\u00e9l\u00e9phone Samsung A14 avec un design vibrant de Barcelone. Cette coque, fabriqu\u00e9e en TPU de haute qualit\u00e9, prot\u00e8ge votre appareil tout en lui apportant une touche de style. Son design color\u00e9 capture l&rsquo;essence artistique de la cit\u00e9 comtale, \u00e9voquant les chefs-d&rsquo;\u0153uvre d&rsquo;Antoni Gaud\u00ed. Les \u00e9l\u00e9ments en rouge, jaune, vert et bleu sont r\u00e9partis sur un fond blanc, cr\u00e9ant une mosa\u00efque dynamique qui symbolise la cr\u00e9ativit\u00e9 et le leadership culturel de Barcelone. Dans la partie inf\u00e9rieure, le motif \u00ab\u00a0Punt de trobada\u00a0\u00bb ressort, un hommage aux rencontres qui refl\u00e8tent la vie sociale et culturelle de la ville.<\/p>\n<p>La connexion culturelle de cette coque avec Barcelone est ind\u00e9niable, \u00e9tant un symbole du modernisme catalan qui a laiss\u00e9 une empreinte ind\u00e9l\u00e9bile sur l&rsquo;architecture et l&rsquo;art urbain. Cet accessoire devient un souvenir authentique et repr\u00e9sentatif, id\u00e9al pour ceux qui cherchent \u00e0 s&rsquo;immerger dans l&rsquo;esprit vibrant de la ville. Chez Ol\u00e9 Mosaic, nous nous sp\u00e9cialisons dans la distribution de souvenirs en gros, offrant des produits qui ne sont pas seulement fonctionnels, mais qui ont aussi une valeur esth\u00e9tique et culturelle unique. Cette coque de t\u00e9l\u00e9phone est une excellente option pour les boutiques de cadeaux touristiques, id\u00e9ale pour ceux qui souhaitent ramener un petit morceau de Barcelone \u00e0 la maison.<\/p>\n","protected":false},"excerpt":{"rendered":"<p>Coque pour t\u00e9l\u00e9phone Samsung A14 fabriqu\u00e9e en TPU, avec un design vibrant qui capture l&rsquo;esprit de Barcelone. D\u00e9cor\u00e9e d&rsquo;une mosa\u00efque color\u00e9e et dynamique \u00e9voquant les \u0153uvres de Gaud\u00ed, elle comprend des \u00e9l\u00e9ments en rouge, jaune, vert et bleu sur un fond blanc. Le motif \u00ab\u00a0Punt de trobada\u00a0\u00bb se distingue dans la partie inf\u00e9rieure, en faisant un accessoire \u00e9l\u00e9gant et distinctif, id\u00e9al pour les amateurs d&rsquo;art et de culture catalane.<\/p>\n","protected":false},"featured_media":12538,"template":"","meta":{"_acf_changed":false},"product_brand":[],"product_cat":[674],"product_tag":[],"class_list":{"0":"post-33835","1":"product","2":"type-product","3":"status-publish","4":"has-post-thumbnail","6":"product_cat-etuis-pour-telephones-portables","7":"pa_ciudad-barcelona","8":"pa_motivo-punt-de-trobada","9":"pa_pais-espana","11":"first","12":"instock","13":"shipping-taxable","14":"product-type-simple"},"acf":[],"_links":{"self":[{"href":"https:\/\/olemosaic.com\/fr\/wp-json\/wp\/v2\/product\/33835","targetHints":{"allow":["GET"]}}],"collection":[{"href":"https:\/\/olemosaic.com\/fr\/wp-json\/wp\/v2\/product"}],"about":[{"href":"https:\/\/olemosaic.com\/fr\/wp-json\/wp\/v2\/types\/product"}],"wp:featuredmedia":[{"embeddable":true,"href":"https:\/\/olemosaic.com\/fr\/wp-json\/wp\/v2\/media\/12538"}],"wp:attachment":[{"href":"https:\/\/olemosaic.com\/fr\/wp-json\/wp\/v2\/media?parent=33835"}],"wp:term":[{"taxonomy":"product_brand","embeddable":true,"href":"https:\/\/olemosaic.com\/fr\/wp-json\/wp\/v2\/product_brand?post=33835"},{"taxonomy":"product_cat","embeddable":true,"href":"https:\/\/olemosaic.com\/fr\/wp-json\/wp\/v2\/product_cat?post=33835"},{"taxonomy":"product_tag","embeddable":true,"href":"https:\/\/olemosaic.com\/fr\/wp-json\/wp\/v2\/product_tag?post=33835"}],"curies":[{"name":"wp","href":"https:\/\/api.w.org\/{rel}","templated":true}]}}