{"id":33834,"date":"2025-02-20T22:35:38","date_gmt":"2025-02-20T22:35:38","guid":{"rendered":"http:\/\/olemosaic.com\/producto\/funda-de-telefono-para-samsung-a14-tpu-salamandra-barcelona-negro\/"},"modified":"2025-07-25T19:06:55","modified_gmt":"2025-07-25T17:06:55","slug":"coque-de-telephone-pour-samsung-a14-tpu-salamandre-barcelone-noir","status":"publish","type":"product","link":"https:\/\/olemosaic.com\/fr\/produit\/coque-de-telephone-pour-samsung-a14-tpu-salamandre-barcelone-noir\/","title":{"rendered":"Coque de t\u00e9l\u00e9phone pour Samsung A14 (TPU). Salamandre. Barcelone. Noir"},"content":{"rendered":"<p>Coque pour t\u00e9l\u00e9phone Samsung A14 avec un design vibrant de salamandres, inspir\u00e9e de l&rsquo;esth\u00e9tique moderne de Barcelone. Cette coque attrayante, fabriqu\u00e9e en TPU, offre une excellente protection \u00e0 votre appareil, tout en se distinguant par son design graphique color\u00e9 et accrocheur. Le fond noir fait ressortir les couleurs vives des salamandres, chacune d\u00e9cor\u00e9e de motifs complexes \u00e9voquant la riche tradition artistique de la ville. Des fleurs de diff\u00e9rentes teintes ajoutent une touche fra\u00eeche et vibrante, cr\u00e9ant une composition visuelle qui capture l&rsquo;essence de l&rsquo;art urbain barcelonais.<\/p>\n<p>Le mot \u00ab\u00a0Barcelona\u00a0\u00bb est \u00e9l\u00e9gamment imprim\u00e9 dans un style distinctif, \u00e9tablissant une connexion directe avec la culture locale et faisant de cette coque un excellent souvenir pour tout amateur de la ville. En plus de sa fonctionnalit\u00e9, cet accessoire se pr\u00e9sente comme un authentique souvenir qui c\u00e9l\u00e8bre la diversit\u00e9 et la cr\u00e9ativit\u00e9 de la r\u00e9gion catalane. Chez Ol\u00e9 Mosaic, nous nous consacrons \u00e0 la distribution de souvenirs en gros, offrant des produits qui \u00e9gayent et embellissent la vie quotidienne des touristes. Cette coque de t\u00e9l\u00e9phone est une alternative parfaite pour les boutiques de cadeaux touristiques cherchant des articles repr\u00e9sentatifs et de qualit\u00e9, offrant une touche de glamour et de culture qui r\u00e9sonnera avec ceux qui emportent un petit morceau de Barcelone.<\/p>\n","protected":false},"excerpt":{"rendered":"<p>Coque pour Samsung A14 fabriqu\u00e9e en TPU, orn\u00e9e d&rsquo;un design vibrant de salamandres \u00e9voquant l&rsquo;esth\u00e9tique moderne de Barcelone. Le fond noir rehausse les couleurs vives des salamandres et des fleurs, pr\u00e9sent\u00e9es avec une technique graphique frappante. Le mot \u00ab\u00a0Barcelona\u00a0\u00bb est \u00e9l\u00e9gamment imprim\u00e9, apportant une touche distinctive. Id\u00e9al pour ceux qui cherchent \u00e0 prot\u00e9ger leur t\u00e9l\u00e9phone avec un accessoire alliant fonctionnalit\u00e9 et design culturel attrayant.<\/p>\n","protected":false},"featured_media":12551,"template":"","meta":{"_acf_changed":false},"product_brand":[],"product_cat":[674],"product_tag":[530],"class_list":{"0":"post-33834","1":"product","2":"type-product","3":"status-publish","4":"has-post-thumbnail","6":"product_cat-etuis-pour-telephones-portables","7":"product_tag-animaux","8":"pa_ciudad-barcelona","9":"pa_motivo-salamandres","10":"pa_pais-espana","12":"first","13":"instock","14":"shipping-taxable","15":"product-type-simple"},"acf":[],"_links":{"self":[{"href":"https:\/\/olemosaic.com\/fr\/wp-json\/wp\/v2\/product\/33834","targetHints":{"allow":["GET"]}}],"collection":[{"href":"https:\/\/olemosaic.com\/fr\/wp-json\/wp\/v2\/product"}],"about":[{"href":"https:\/\/olemosaic.com\/fr\/wp-json\/wp\/v2\/types\/product"}],"wp:featuredmedia":[{"embeddable":true,"href":"https:\/\/olemosaic.com\/fr\/wp-json\/wp\/v2\/media\/12551"}],"wp:attachment":[{"href":"https:\/\/olemosaic.com\/fr\/wp-json\/wp\/v2\/media?parent=33834"}],"wp:term":[{"taxonomy":"product_brand","embeddable":true,"href":"https:\/\/olemosaic.com\/fr\/wp-json\/wp\/v2\/product_brand?post=33834"},{"taxonomy":"product_cat","embeddable":true,"href":"https:\/\/olemosaic.com\/fr\/wp-json\/wp\/v2\/product_cat?post=33834"},{"taxonomy":"product_tag","embeddable":true,"href":"https:\/\/olemosaic.com\/fr\/wp-json\/wp\/v2\/product_tag?post=33834"}],"curies":[{"name":"wp","href":"https:\/\/api.w.org\/{rel}","templated":true}]}}