{"id":33833,"date":"2025-02-20T22:35:38","date_gmt":"2025-02-20T22:35:38","guid":{"rendered":"http:\/\/olemosaic.com\/producto\/funda-de-telefono-para-samsung-a14-tpu-panoramica-barcelona-blanco\/"},"modified":"2025-07-25T18:59:09","modified_gmt":"2025-07-25T16:59:09","slug":"coque-de-telephone-pour-samsung-a14-tpu-panoramique-barcelone-blanc","status":"publish","type":"product","link":"https:\/\/olemosaic.com\/fr\/produit\/coque-de-telephone-pour-samsung-a14-tpu-panoramique-barcelone-blanc\/","title":{"rendered":"Coque de t\u00e9l\u00e9phone pour Samsung A14 (TPU). Panoramique. Barcelone. Blanc"},"content":{"rendered":"<p>Coque de t\u00e9l\u00e9phone pour Samsung A14 avec un design panoramique vibrant de Barcelone. Cette coque, fabriqu\u00e9e en TPU de haute qualit\u00e9, allie fonctionnalit\u00e9 et style en un seul produit, offrant une excellente protection pour votre appareil. Son illustration impressionnante pr\u00e9sente l&#8217;embl\u00e9matique Sagrada Familia, l&rsquo;un des symboles les plus repr\u00e9sentatifs de la ville, entour\u00e9e d&rsquo;autres monuments iconiques qui soulignent la riche architecture barcelonaise. Le fond blanc fait ressortir les couleurs vibrantes de l&rsquo;illustration, avec des d\u00e9tails artistiques \u00e9voquant le modernisme catalan, apportant une touche contemporaine et attrayante.<\/p>\n<p>Chaque d\u00e9tail de ce design, inspir\u00e9 du style mosa\u00efque de Gaud\u00ed, parvient \u00e0 capturer l&rsquo;essence de Barcelone, faisant de cette coque un v\u00e9ritable souvenir qui refl\u00e8te la culture locale. En tant qu&rsquo;article non seulement pratique mais aussi \u00e9vocateur, c&rsquo;est une excellente option pour les touristes cherchant \u00e0 emporter un petit morceau de la ville. Chez Ol\u00e9 Mosaic, nous nous consacrons \u00e0 la distribution de souvenirs en gros, offrant des produits exclusifs comme cette coque qui c\u00e9l\u00e8bre l&rsquo;identit\u00e9 et le patrimoine de la capitale catalane. Id\u00e9al pour les boutiques de cadeaux touristiques, ce souvenir de Barcelone se pr\u00e9sente comme une option unique et authentique pour ceux qui souhaitent se souvenir de leur visite dans cette ville merveilleuse.<\/p>\n","protected":false},"excerpt":{"rendered":"<p>Coque pour t\u00e9l\u00e9phone Samsung A14 en TPU, avec une panoramique vibrante de Barcelone. Ce design pr\u00e9sente l&#8217;embl\u00e9matique Sagrada Familia et d&rsquo;autres monuments iconiques de la ville, repr\u00e9sent\u00e9s dans un style de mosa\u00efque color\u00e9e. La coque est de couleur blanche et se distingue par ses d\u00e9tails artistiques \u00e9voquant le modernisme catalan, tout en prot\u00e9geant l&rsquo;appareil et en rendant hommage au patrimoine architectural de Barcelone.<\/p>\n","protected":false},"featured_media":12539,"template":"","meta":{"_acf_changed":false},"product_brand":[],"product_cat":[674],"product_tag":[],"class_list":{"0":"post-33833","1":"product","2":"type-product","3":"status-publish","4":"has-post-thumbnail","6":"product_cat-etuis-pour-telephones-portables","7":"pa_ciudad-barcelona","8":"pa_motivo-panoramas","9":"pa_pais-espana","11":"first","12":"instock","13":"shipping-taxable","14":"product-type-simple"},"acf":[],"_links":{"self":[{"href":"https:\/\/olemosaic.com\/fr\/wp-json\/wp\/v2\/product\/33833","targetHints":{"allow":["GET"]}}],"collection":[{"href":"https:\/\/olemosaic.com\/fr\/wp-json\/wp\/v2\/product"}],"about":[{"href":"https:\/\/olemosaic.com\/fr\/wp-json\/wp\/v2\/types\/product"}],"wp:featuredmedia":[{"embeddable":true,"href":"https:\/\/olemosaic.com\/fr\/wp-json\/wp\/v2\/media\/12539"}],"wp:attachment":[{"href":"https:\/\/olemosaic.com\/fr\/wp-json\/wp\/v2\/media?parent=33833"}],"wp:term":[{"taxonomy":"product_brand","embeddable":true,"href":"https:\/\/olemosaic.com\/fr\/wp-json\/wp\/v2\/product_brand?post=33833"},{"taxonomy":"product_cat","embeddable":true,"href":"https:\/\/olemosaic.com\/fr\/wp-json\/wp\/v2\/product_cat?post=33833"},{"taxonomy":"product_tag","embeddable":true,"href":"https:\/\/olemosaic.com\/fr\/wp-json\/wp\/v2\/product_tag?post=33833"}],"curies":[{"name":"wp","href":"https:\/\/api.w.org\/{rel}","templated":true}]}}