{"id":33822,"date":"2025-02-20T23:35:38","date_gmt":"2025-02-20T22:35:38","guid":{"rendered":"http:\/\/olemosaic.com\/producto\/funda-de-telefono-para-samsung-a14-tpu-abstracto-negro-2\/"},"modified":"2025-07-25T20:05:22","modified_gmt":"2025-07-25T18:05:22","slug":"coque-de-telephone-pour-samsung-a14-tpu-abstrait-noir-2","status":"publish","type":"product","link":"https:\/\/olemosaic.com\/fr\/produit\/coque-de-telephone-pour-samsung-a14-tpu-abstrait-noir-2\/","title":{"rendered":"Coque de t\u00e9l\u00e9phone pour Samsung A14 (TPU). Abstrait. Motif nuages. Noir"},"content":{"rendered":"<p>Coque de t\u00e9l\u00e9phone pour Samsung A14 avec un design abstrait vibrant<\/p>\n<p>Nous vous pr\u00e9sentons cette impressionnante coque pour le Samsung A14, fabriqu\u00e9e en TPU avec un spectaculaire design abstrait qui se distingue par sa combinaison de couleurs vibrantes : noir, bleu, orange et rose. Cette coque est une \u0153uvre d&rsquo;art en soi, o\u00f9 les teintes se fusionnent comme des nuages d&rsquo;encre, cr\u00e9ant un effet visuel dynamique et actuel qui attirera ceux qui recherchent un style unique et moderne. Le mat\u00e9riau TPU flexible offre non seulement une excellente protection contre les chocs et les chutes, mais assure \u00e9galement un ajustement parfait \u00e0 l&rsquo;appareil, permettant une utilisation confortable et accessible de toutes les fonctions du mobile.<\/p>\n<p>Le design abstrait ne revitalise pas seulement l&rsquo;esth\u00e9tique du t\u00e9l\u00e9phone, mais incorpore \u00e9galement une tendance contemporaine en phase avec les derniers courants artistiques. Cette coque repr\u00e9sente une connexion avec l&rsquo;art moderne, en faisant le souvenir id\u00e9al pour ceux qui souhaitent porter un morceau de cr\u00e9ativit\u00e9 et d&rsquo;expression au quotidien. Chez Ol\u00e9 Mosaic, en tant que distributeurs de coques de t\u00e9l\u00e9phone en gros, nous garantissons que chaque pi\u00e8ce, en plus d&rsquo;\u00eatre pratique, poss\u00e8de un attrait visuel qui captive les touristes et les amateurs de design. Cette coque est une excellente option pour les boutiques de cadeaux touristiques cherchant \u00e0 proposer des produits authentiques et repr\u00e9sentatifs du style contemporain.<\/p>\n","protected":false},"excerpt":{"rendered":"<p>Coque de t\u00e9l\u00e9phone pour Samsung A14 en TPU avec un design abstrait aux tons vibrants. Cet accessoire se distingue par son \u00e9l\u00e9gante combinaison de couleurs noires, bleues, oranges et roses, cr\u00e9ant un effet visuel similaire \u00e0 des nuages d&rsquo;encre fusionnant. Fabriqu\u00e9e en TPU flexible, elle offre une excellente protection \u00e0 votre appareil contre les chocs et les chutes, tandis que son design moderne apporte une touche artistique et contemporaine, id\u00e9ale pour ceux qui recherchent un style unique.<\/p>\n","protected":false},"featured_media":12553,"template":"","meta":{"_acf_changed":false},"product_brand":[],"product_cat":[674],"product_tag":[],"class_list":{"0":"post-33822","1":"product","2":"type-product","3":"status-publish","4":"has-post-thumbnail","6":"product_cat-etuis-pour-telephones-portables","7":"pa_motivo-resume","9":"first","10":"instock","11":"shipping-taxable","12":"product-type-simple"},"acf":[],"_links":{"self":[{"href":"https:\/\/olemosaic.com\/fr\/wp-json\/wp\/v2\/product\/33822","targetHints":{"allow":["GET"]}}],"collection":[{"href":"https:\/\/olemosaic.com\/fr\/wp-json\/wp\/v2\/product"}],"about":[{"href":"https:\/\/olemosaic.com\/fr\/wp-json\/wp\/v2\/types\/product"}],"wp:featuredmedia":[{"embeddable":true,"href":"https:\/\/olemosaic.com\/fr\/wp-json\/wp\/v2\/media\/12553"}],"wp:attachment":[{"href":"https:\/\/olemosaic.com\/fr\/wp-json\/wp\/v2\/media?parent=33822"}],"wp:term":[{"taxonomy":"product_brand","embeddable":true,"href":"https:\/\/olemosaic.com\/fr\/wp-json\/wp\/v2\/product_brand?post=33822"},{"taxonomy":"product_cat","embeddable":true,"href":"https:\/\/olemosaic.com\/fr\/wp-json\/wp\/v2\/product_cat?post=33822"},{"taxonomy":"product_tag","embeddable":true,"href":"https:\/\/olemosaic.com\/fr\/wp-json\/wp\/v2\/product_tag?post=33822"}],"curies":[{"name":"wp","href":"https:\/\/api.w.org\/{rel}","templated":true}]}}